{"id":37956,"date":"2026-02-27T00:41:41","date_gmt":"2026-02-27T00:41:41","guid":{"rendered":"https:\/\/nordicmart.andreevmaster.com\/product\/vasagle-meikkauspoyta-led-valaistuksella-saadettavat-valovarit-ja-kirkkaus-peilipoyta\/"},"modified":"2026-02-27T09:57:46","modified_gmt":"2026-02-27T09:57:46","slug":"vasagle-meikkauspoyta-led-valaistuksella-saadettavat-valovarit-ja-kirkkaus-peilipoyta","status":"publish","type":"product","link":"https:\/\/nordicmart.andreevmaster.com\/fi\/tuote\/vasagle-meikkauspoyta-led-valaistuksella-saadettavat-valovarit-ja-kirkkaus-peilipoyta\/","title":{"rendered":"VASAGLE meikkausp\u00f6yt\u00e4 LED-valaistuksella, s\u00e4\u00e4dett\u00e4v\u00e4t valov\u00e4rit ja kirkkaus, peilip\u00f6yt\u00e4"},"content":{"rendered":"<p>Meikkausp\u00f6yt\u00e4 LED-valaistuksella, s\u00e4\u00e4dett\u00e4v\u00e4t valov\u00e4rit ja kirkkaus, peilip\u00f6yt\u00e4, s\u00e4\u00e4dett\u00e4v\u00e4t hyllyt, 40 x 97,5 x 145 cm, kosmetiikkap\u00f6yt\u00e4, pilvinen valkoinen<br \/>\n&#8211; V\u00e4ri: pilvinen valkoinen<br \/>\n&#8211; Materiaali: lastulevy<br \/>\n&#8211; Koko: 40 x 97,5 x 145 cm (S x L x K)<br \/>\n&#8211; Paino: 37,3 kg<br \/>\n&#8211; P\u00f6yt\u00e4levyn maks. staattinen kantavuus: 100 kg<br \/>\n&#8211; Laatikosta maks. staattinen kantavuus: 10 kg<\/p>\n","protected":false},"excerpt":{"rendered":"<p>Meikkausp\u00f6yt\u00e4 LED-valaistuksella, s\u00e4\u00e4dett\u00e4v\u00e4t valov\u00e4rit ja kirkkaus, peilip\u00f6yt\u00e4, s\u00e4\u00e4dett\u00e4v\u00e4t hyllyt, 40 x 97,5 x 145 cm, kosmetiikkap\u00f6yt\u00e4, pilvinen valkoinen<\/p>\n","protected":false},"featured_media":45795,"comment_status":"open","ping_status":"closed","template":"","meta":[],"product_brand":[],"product_cat":[32],"product_tag":[],"class_list":{"0":"post-37956","1":"product","2":"type-product","3":"status-publish","4":"has-post-thumbnail","6":"product_cat-uncategorized-fi","8":"first","9":"instock","10":"shipping-taxable","11":"purchasable","12":"product-type-simple"},"_links":{"self":[{"href":"https:\/\/nordicmart.andreevmaster.com\/fi\/wp-json\/wp\/v2\/product\/37956","targetHints":{"allow":["GET"]}}],"collection":[{"href":"https:\/\/nordicmart.andreevmaster.com\/fi\/wp-json\/wp\/v2\/product"}],"about":[{"href":"https:\/\/nordicmart.andreevmaster.com\/fi\/wp-json\/wp\/v2\/types\/product"}],"replies":[{"embeddable":true,"href":"https:\/\/nordicmart.andreevmaster.com\/fi\/wp-json\/wp\/v2\/comments?post=37956"}],"wp:featuredmedia":[{"embeddable":true,"href":"https:\/\/nordicmart.andreevmaster.com\/fi\/wp-json\/wp\/v2\/media\/45795"}],"wp:attachment":[{"href":"https:\/\/nordicmart.andreevmaster.com\/fi\/wp-json\/wp\/v2\/media?parent=37956"}],"wp:term":[{"taxonomy":"product_brand","embeddable":true,"href":"https:\/\/nordicmart.andreevmaster.com\/fi\/wp-json\/wp\/v2\/product_brand?post=37956"},{"taxonomy":"product_cat","embeddable":true,"href":"https:\/\/nordicmart.andreevmaster.com\/fi\/wp-json\/wp\/v2\/product_cat?post=37956"},{"taxonomy":"product_tag","embeddable":true,"href":"https:\/\/nordicmart.andreevmaster.com\/fi\/wp-json\/wp\/v2\/product_tag?post=37956"}],"curies":[{"name":"wp","href":"https:\/\/api.w.org\/{rel}","templated":true}]}}