{"id":37953,"date":"2026-02-27T00:41:40","date_gmt":"2026-02-27T00:41:40","guid":{"rendered":"https:\/\/nordicmart.andreevmaster.com\/product\/vasagle-meikkauspoyta-peilipoyta-ja-yksi-laatikko-kosmetiikkapoyta\/"},"modified":"2026-02-27T09:57:46","modified_gmt":"2026-02-27T09:57:46","slug":"vasagle-meikkauspoyta-peilipoyta-ja-yksi-laatikko-kosmetiikkapoyta","status":"publish","type":"product","link":"https:\/\/nordicmart.andreevmaster.com\/fi\/tuote\/vasagle-meikkauspoyta-peilipoyta-ja-yksi-laatikko-kosmetiikkapoyta\/","title":{"rendered":"VASAGLE meikkausp\u00f6yt\u00e4, peilip\u00f6yt\u00e4 ja yksi laatikko, kosmetiikkap\u00f6yt\u00e4"},"content":{"rendered":"<p>Tuotetiedot: &#8211; V\u00e4ri: valkoinen &#8211; Materiaali: lastulevy &#8211; P\u00f6yd\u00e4n koko: 70 x 40 x 136 cm (P x L x K) &#8211; Paino: 22,1 kg  Toimitus sis\u00e4lt\u00e4\u00e4: &#8211; 1 x meikkausp\u00f6yt\u00e4 &#8211; 1 x lis\u00e4varustepaketti &#8211; 1 x kaatumissuoja &#8211; 1 x ohjeet VASAGLE HUOMAUTUKSET:- Lapset eiv\u00e4t saa kiivet\u00e4 tuotteen p\u00e4\u00e4lle. &#8211; Tuote ei saa joutua kosketuksiin veden kanssa. &#8211; Kiinnit\u00e4 tuote sein\u00e4\u00e4n mukana toimitetulla kaatumissuojalla turvallisuuden takaamiseksi k\u00e4yt\u00f6n aikana. &#8211; Kun siirr\u00e4t p\u00f6yt\u00e4\u00e4, nosta se yl\u00f6s \u00e4l\u00e4k\u00e4 raahaa sit\u00e4 lattian p\u00e4\u00e4ll\u00e4.<\/p>\n","protected":false},"excerpt":{"rendered":"<p>Meikkausp\u00f6yt\u00e4, peilip\u00f6yt\u00e4 ja yksi laatikko, kosmetiikkap\u00f6yt\u00e4, s\u00e4\u00e4dett\u00e4v\u00e4t hyllyt, moderni, 40 x 70 x 135 cm, pilvinen valkoinen<\/p>\n","protected":false},"featured_media":45792,"comment_status":"open","ping_status":"closed","template":"","meta":[],"product_brand":[],"product_cat":[32],"product_tag":[],"class_list":{"0":"post-37953","1":"product","2":"type-product","3":"status-publish","4":"has-post-thumbnail","6":"product_cat-uncategorized-fi","8":"first","9":"instock","10":"shipping-taxable","11":"purchasable","12":"product-type-simple"},"_links":{"self":[{"href":"https:\/\/nordicmart.andreevmaster.com\/fi\/wp-json\/wp\/v2\/product\/37953","targetHints":{"allow":["GET"]}}],"collection":[{"href":"https:\/\/nordicmart.andreevmaster.com\/fi\/wp-json\/wp\/v2\/product"}],"about":[{"href":"https:\/\/nordicmart.andreevmaster.com\/fi\/wp-json\/wp\/v2\/types\/product"}],"replies":[{"embeddable":true,"href":"https:\/\/nordicmart.andreevmaster.com\/fi\/wp-json\/wp\/v2\/comments?post=37953"}],"wp:featuredmedia":[{"embeddable":true,"href":"https:\/\/nordicmart.andreevmaster.com\/fi\/wp-json\/wp\/v2\/media\/45792"}],"wp:attachment":[{"href":"https:\/\/nordicmart.andreevmaster.com\/fi\/wp-json\/wp\/v2\/media?parent=37953"}],"wp:term":[{"taxonomy":"product_brand","embeddable":true,"href":"https:\/\/nordicmart.andreevmaster.com\/fi\/wp-json\/wp\/v2\/product_brand?post=37953"},{"taxonomy":"product_cat","embeddable":true,"href":"https:\/\/nordicmart.andreevmaster.com\/fi\/wp-json\/wp\/v2\/product_cat?post=37953"},{"taxonomy":"product_tag","embeddable":true,"href":"https:\/\/nordicmart.andreevmaster.com\/fi\/wp-json\/wp\/v2\/product_tag?post=37953"}],"curies":[{"name":"wp","href":"https:\/\/api.w.org\/{rel}","templated":true}]}}