{"id":37950,"date":"2026-02-27T00:41:40","date_gmt":"2026-02-27T00:41:40","guid":{"rendered":"https:\/\/nordicmart.andreevmaster.com\/product\/vasagle-meikkauspoyta-suurella-peililla-peilipoyta-2-laatikkoa\/"},"modified":"2026-02-27T09:57:45","modified_gmt":"2026-02-27T09:57:45","slug":"vasagle-meikkauspoyta-suurella-peililla-peilipoyta-2-laatikkoa","status":"publish","type":"product","link":"https:\/\/nordicmart.andreevmaster.com\/fi\/tuote\/vasagle-meikkauspoyta-suurella-peililla-peilipoyta-2-laatikkoa\/","title":{"rendered":"VASAGLE meikkausp\u00f6yt\u00e4 suurella peilill\u00e4, peilip\u00f6yt\u00e4, 2 laatikkoa"},"content":{"rendered":"<p>Meikkausp\u00f6yt\u00e4 suurella peilill\u00e4, peilip\u00f6yt\u00e4, 2 laatikkoa, 3 avointa lokeroa, kosmetiikkap\u00f6yt\u00e4, moderni, valkoinen<br \/>\nTuotetiedot:<br \/>\n&#8211; V\u00e4ri: valkoinen<br \/>\n&#8211; Materiaali: lastulevy<br \/>\n&#8211; Koko: 40 x 60 x 127 cm (S x L x K)<br \/>\n&#8211; Paino: 17,7 kg<\/p>\n<p>Toimitus sis\u00e4lt\u00e4\u00e4<br \/>\n&#8211; 1 x meikkausp\u00f6yt\u00e4<br \/>\n&#8211; 1 x lis\u00e4varustepaketti<br \/>\n&#8211; 1 x kaatumissuoja<br \/>\n&#8211; 1 x ohjeet<\/p>\n<p>Huomautukset:<br \/>\n&#8211; Kiinnit\u00e4 t\u00e4m\u00e4 meikkip\u00f6yt\u00e4 sein\u00e4\u00e4n mukana toimitetulla kaatumissuojalla turvallisen k\u00e4ytt\u00f6ymp\u00e4rist\u00f6n luomiseksi.<\/p>\n","protected":false},"excerpt":{"rendered":"<p>Meikkausp\u00f6yt\u00e4 suurella peilill\u00e4, peilip\u00f6yt\u00e4, 2 laatikkoa, 3 avointa lokeroa, kosmetiikkap\u00f6yt\u00e4, moderni, valkoinen<\/p>\n","protected":false},"featured_media":45789,"comment_status":"open","ping_status":"closed","template":"","meta":[],"product_brand":[],"product_cat":[32],"product_tag":[],"class_list":{"0":"post-37950","1":"product","2":"type-product","3":"status-publish","4":"has-post-thumbnail","6":"product_cat-uncategorized-fi","8":"first","9":"instock","10":"shipping-taxable","11":"purchasable","12":"product-type-simple"},"_links":{"self":[{"href":"https:\/\/nordicmart.andreevmaster.com\/fi\/wp-json\/wp\/v2\/product\/37950","targetHints":{"allow":["GET"]}}],"collection":[{"href":"https:\/\/nordicmart.andreevmaster.com\/fi\/wp-json\/wp\/v2\/product"}],"about":[{"href":"https:\/\/nordicmart.andreevmaster.com\/fi\/wp-json\/wp\/v2\/types\/product"}],"replies":[{"embeddable":true,"href":"https:\/\/nordicmart.andreevmaster.com\/fi\/wp-json\/wp\/v2\/comments?post=37950"}],"wp:featuredmedia":[{"embeddable":true,"href":"https:\/\/nordicmart.andreevmaster.com\/fi\/wp-json\/wp\/v2\/media\/45789"}],"wp:attachment":[{"href":"https:\/\/nordicmart.andreevmaster.com\/fi\/wp-json\/wp\/v2\/media?parent=37950"}],"wp:term":[{"taxonomy":"product_brand","embeddable":true,"href":"https:\/\/nordicmart.andreevmaster.com\/fi\/wp-json\/wp\/v2\/product_brand?post=37950"},{"taxonomy":"product_cat","embeddable":true,"href":"https:\/\/nordicmart.andreevmaster.com\/fi\/wp-json\/wp\/v2\/product_cat?post=37950"},{"taxonomy":"product_tag","embeddable":true,"href":"https:\/\/nordicmart.andreevmaster.com\/fi\/wp-json\/wp\/v2\/product_tag?post=37950"}],"curies":[{"name":"wp","href":"https:\/\/api.w.org\/{rel}","templated":true}]}}