{"id":37949,"date":"2026-02-27T00:41:39","date_gmt":"2026-02-27T00:41:39","guid":{"rendered":"https:\/\/nordicmart.andreevmaster.com\/product\/songmics-kaunis-meikkauspoyta-3-peililla\/"},"modified":"2026-02-27T09:57:45","modified_gmt":"2026-02-27T09:57:45","slug":"songmics-kaunis-meikkauspoyta-3-peililla","status":"publish","type":"product","link":"https:\/\/nordicmart.andreevmaster.com\/fi\/tuote\/songmics-kaunis-meikkauspoyta-3-peililla\/","title":{"rendered":"SONGMICS Kaunis meikkausp\u00f6yt\u00e4 3 peilill\u00e4"},"content":{"rendered":"<p>Esittelemme sinulle korkealaatuisen mira-meikkip\u00f6yd\u00e4n ly\u00f6m\u00e4tt\u00f6m\u00e4n edulliseen hintaan! Kaunis lakkapinta antaa meikkip\u00f6yd\u00e4lle modernin ja tyylikk\u00e4\u00e4n ilmeen! Se sopii mihin tahansa huoneeseen, my\u00f6s lastenhuoneeseen. Se n\u00e4ytt\u00e4\u00e4 todella kuin prinsessap\u00f6yt\u00e4, jonka tuntee satujen maailmasta. Olemme aina asiakasl\u00e4ht\u00f6isi\u00e4 ja teemme kaikkemme tarjotaksemme korkealaatuisia tuotteita, joilla on hyv\u00e4 hinta-laatusuhde. Tutustu verkkokauppaamme! Huomautus: &#8211; V\u00e4ltt\u00e4\u00e4ksesi tuolin kaatumisen, \u00e4l\u00e4 istu tuolin reunalla. \u00c4l\u00e4 my\u00f6sk\u00e4\u00e4n ravista tuolia tai laskeudu siihen voimakkaasti. Istuessasi istu koko istuinalueelle ja pid\u00e4 kaikki nelj\u00e4 jalkaa aina lattialla. &#8211; \u00c4l\u00e4 k\u00e4yt\u00e4 kokoonpanossa akkuruuvimeisseli\u00e4, vaan mukana toimitettua kuusiokoloavainta. &#8211; V\u00e4lt\u00e4 yleisesti pintojen kosketusta ter\u00e4vien tai ter\u00e4vien esineiden kanssa naarmujen v\u00e4ltt\u00e4miseksi. &#8211; Noudata huolto-ohjeita ennen p\u00f6yd\u00e4n huoltamista.  &#8211; Jotta esiporatut kierteet jaloissa eiv\u00e4t vahingoitu ja ruuvit eiv\u00e4t j\u00e4\u00e4 vinoon, kierr\u00e4 ruuvit jaloissa vasta, kun kaikki porausrei\u00e4t ovat kohdakkain. &#8211; \u00c4l\u00e4 yrit\u00e4 koota p\u00f6yt\u00e4\u00e4 v\u00e4kisin. Se vahingoittaa tuotetta.  Jos sinulla on vaikeuksia, ota yhteytt\u00e4 asiakaspalveluumme. Tuotetiedot: V\u00e4ri: valkoinen Mitat: 90 x 40 x 145 cm P\u00f6yt\u00e4levyn mitat: 90 x 40 cm Peilin mitat: 38 x 54 cm (L x K) Jakkaran mitat: 28 x 37 x 45 cm Materiaali: massiivipuu + MDF (keskitihe\u00e4 puukuitulevy) Luokka E1 Toimitus sis\u00e4lt\u00e4\u00e4: 1x meikkausp\u00f6yt\u00e4 1x jakkara 1x asennusohjeet (DE, FR, EN, ES, IT)<\/p>\n","protected":false},"excerpt":{"rendered":"<p>SONGMICS Songmics ylellinen kaatumisenestolla varustettu meikkausp\u00f6yt\u00e4, 3 peili\u00e4 ja jakkara, keinonahka, valkoinen, 145 x 90 x 40 cm<\/p>\n","protected":false},"featured_media":45788,"comment_status":"open","ping_status":"closed","template":"","meta":[],"product_brand":[],"product_cat":[32],"product_tag":[],"class_list":{"0":"post-37949","1":"product","2":"type-product","3":"status-publish","4":"has-post-thumbnail","6":"product_cat-uncategorized-fi","8":"first","9":"instock","10":"shipping-taxable","11":"purchasable","12":"product-type-simple"},"_links":{"self":[{"href":"https:\/\/nordicmart.andreevmaster.com\/fi\/wp-json\/wp\/v2\/product\/37949","targetHints":{"allow":["GET"]}}],"collection":[{"href":"https:\/\/nordicmart.andreevmaster.com\/fi\/wp-json\/wp\/v2\/product"}],"about":[{"href":"https:\/\/nordicmart.andreevmaster.com\/fi\/wp-json\/wp\/v2\/types\/product"}],"replies":[{"embeddable":true,"href":"https:\/\/nordicmart.andreevmaster.com\/fi\/wp-json\/wp\/v2\/comments?post=37949"}],"wp:featuredmedia":[{"embeddable":true,"href":"https:\/\/nordicmart.andreevmaster.com\/fi\/wp-json\/wp\/v2\/media\/45788"}],"wp:attachment":[{"href":"https:\/\/nordicmart.andreevmaster.com\/fi\/wp-json\/wp\/v2\/media?parent=37949"}],"wp:term":[{"taxonomy":"product_brand","embeddable":true,"href":"https:\/\/nordicmart.andreevmaster.com\/fi\/wp-json\/wp\/v2\/product_brand?post=37949"},{"taxonomy":"product_cat","embeddable":true,"href":"https:\/\/nordicmart.andreevmaster.com\/fi\/wp-json\/wp\/v2\/product_cat?post=37949"},{"taxonomy":"product_tag","embeddable":true,"href":"https:\/\/nordicmart.andreevmaster.com\/fi\/wp-json\/wp\/v2\/product_tag?post=37949"}],"curies":[{"name":"wp","href":"https:\/\/api.w.org\/{rel}","templated":true}]}}