{"id":37948,"date":"2026-02-27T00:41:39","date_gmt":"2026-02-27T00:41:39","guid":{"rendered":"https:\/\/nordicmart.andreevmaster.com\/product\/songmics-hillitty-meikkauspoyta-ilman-peilia\/"},"modified":"2026-02-27T09:57:44","modified_gmt":"2026-02-27T09:57:44","slug":"songmics-hillitty-meikkauspoyta-ilman-peilia","status":"publish","type":"product","link":"https:\/\/nordicmart.andreevmaster.com\/fi\/tuote\/songmics-hillitty-meikkauspoyta-ilman-peilia\/","title":{"rendered":"SONGMICS Hillitty meikkausp\u00f6yt\u00e4 ilman peili\u00e4"},"content":{"rendered":"<p>Esittelemme sinulle korkealaatuisen valkoisen meikkausp\u00f6yd\u00e4n ly\u00f6m\u00e4tt\u00f6m\u00e4\u00e4n hintaan! Meikkausp\u00f6yt\u00e4 on valmistettu korkealaatuisesta tukevasta puusta, mik\u00e4 takaa sen pitk\u00e4n k\u00e4ytt\u00f6i\u00e4n. Valkoinen lakka antaa peilip\u00f6yd\u00e4lle lis\u00e4ksi modernin ja tyylikk\u00e4\u00e4n ilmeen! Se sopii mihin tahansa huoneeseen, my\u00f6s lastenhuoneeseen.  Se n\u00e4ytt\u00e4\u00e4 todella kuin prinsessap\u00f6yt\u00e4, jonka tunnemme satujen maailmasta. Tuotetiedot: -Mitat: 93 x 80 x 40 cm -P\u00f6yt\u00e4levyn mitat: 80 x 40 cm -P\u00f6yd\u00e4n korkeus: 75 cm -Jalkojen v\u00e4linen et\u00e4isyys: 68 cm -Materiaali: Massiivipuu + MDF (keskitihe\u00e4 puukuitulevy) Luokka E1 Toimitus sis\u00e4lt\u00e4\u00e4: 1x meikkausp\u00f6yt\u00e4 1x ohjeet (DE, FR, EN, ES, IT)<\/p>\n","protected":false},"excerpt":{"rendered":"<p>SONGMICS Meikkausp\u00f6yt\u00e4 ilman peili\u00e4 ja jakkaraa Kirjoitusp\u00f6yt\u00e4, valkoinen RDT80W<\/p>\n","protected":false},"featured_media":45787,"comment_status":"open","ping_status":"closed","template":"","meta":[],"product_brand":[],"product_cat":[32],"product_tag":[],"class_list":{"0":"post-37948","1":"product","2":"type-product","3":"status-publish","4":"has-post-thumbnail","6":"product_cat-uncategorized-fi","8":"first","9":"instock","10":"shipping-taxable","11":"purchasable","12":"product-type-simple"},"_links":{"self":[{"href":"https:\/\/nordicmart.andreevmaster.com\/fi\/wp-json\/wp\/v2\/product\/37948","targetHints":{"allow":["GET"]}}],"collection":[{"href":"https:\/\/nordicmart.andreevmaster.com\/fi\/wp-json\/wp\/v2\/product"}],"about":[{"href":"https:\/\/nordicmart.andreevmaster.com\/fi\/wp-json\/wp\/v2\/types\/product"}],"replies":[{"embeddable":true,"href":"https:\/\/nordicmart.andreevmaster.com\/fi\/wp-json\/wp\/v2\/comments?post=37948"}],"wp:featuredmedia":[{"embeddable":true,"href":"https:\/\/nordicmart.andreevmaster.com\/fi\/wp-json\/wp\/v2\/media\/45787"}],"wp:attachment":[{"href":"https:\/\/nordicmart.andreevmaster.com\/fi\/wp-json\/wp\/v2\/media?parent=37948"}],"wp:term":[{"taxonomy":"product_brand","embeddable":true,"href":"https:\/\/nordicmart.andreevmaster.com\/fi\/wp-json\/wp\/v2\/product_brand?post=37948"},{"taxonomy":"product_cat","embeddable":true,"href":"https:\/\/nordicmart.andreevmaster.com\/fi\/wp-json\/wp\/v2\/product_cat?post=37948"},{"taxonomy":"product_tag","embeddable":true,"href":"https:\/\/nordicmart.andreevmaster.com\/fi\/wp-json\/wp\/v2\/product_tag?post=37948"}],"curies":[{"name":"wp","href":"https:\/\/api.w.org\/{rel}","templated":true}]}}