{"id":37947,"date":"2026-02-27T00:41:39","date_gmt":"2026-02-27T00:41:39","guid":{"rendered":"https:\/\/nordicmart.andreevmaster.com\/product\/songmics-tyylikas-meikkauspoyta-kaantyvalla-peililla\/"},"modified":"2026-02-27T09:57:44","modified_gmt":"2026-02-27T09:57:44","slug":"songmics-tyylikas-meikkauspoyta-kaantyvalla-peililla","status":"publish","type":"product","link":"https:\/\/nordicmart.andreevmaster.com\/fi\/tuote\/songmics-tyylikas-meikkauspoyta-kaantyvalla-peililla\/","title":{"rendered":"SONGMICS Tyylik\u00e4s meikkausp\u00f6yt\u00e4 k\u00e4\u00e4ntyv\u00e4ll\u00e4 peilill\u00e4"},"content":{"rendered":"<p>Esittelemme sinulle korkealaatuisen valkoisen meikkausp\u00f6yd\u00e4n ly\u00f6m\u00e4tt\u00f6m\u00e4\u00e4n hintaan! Se vie v\u00e4h\u00e4n tilaa, mutta tarjoaa monia mahdollisuuksia. Tuotetiedot:  &#8211; V\u00e4ri: valkoinen &#8211; Mitat: 145 x 75 x 40 cm &#8211; P\u00f6yt\u00e4levyn mitat: 75 x 40 cm &#8211; Peilin mitat: 54 x 38 cm (L x K) &#8211; Jakkaran mitat: 45 x 37 x 28 cm &#8211; Pienen laatikon mitat: 17,5 x 7,5 x 5,5 cm (LxSxK) &#8211; Suuren laatikon mitat: 27 x 22,5 x 6 cm (LxSxK) &#8211; Materiaali: massiivipuu + MDF-luokka E1 Huomautus:  &#8211; Jotta jakkara ei kaadu, \u00e4l\u00e4 istu tuolin reunalla. \u00c4l\u00e4 my\u00f6sk\u00e4\u00e4n ravista jakkaraa tai istu siihen \u00e4kisti. Istuessasi istu koko istuinalueelle ja pid\u00e4 kaikki nelj\u00e4 jalkaa aina lattialla. &#8211; \u00c4l\u00e4 k\u00e4yt\u00e4 kokoonpanossa akkuruuvinv\u00e4\u00e4nnint\u00e4, vaan mukana toimitettua kuusiokoloavainta. &#8211; V\u00e4lt\u00e4 yleisesti ottaen ter\u00e4vien tai ter\u00e4vien esineiden kosketusta pintaan naarmujen v\u00e4ltt\u00e4miseksi. &#8211; Noudata huolto-ohjeita ennen p\u00f6yd\u00e4n huoltamista.  &#8211; Jotta esiporatut kierteet jaloissa eiv\u00e4t vahingoitu ja ruuvit eiv\u00e4t j\u00e4\u00e4 vinoon, kierr\u00e4 ruuvit jaloissa vasta, kun kaikki porausrei\u00e4t ovat kohdakkain. &#8211; \u00c4l\u00e4 yrit\u00e4 koota p\u00f6yt\u00e4\u00e4 v\u00e4kisin. Se vahingoittaa tuotetta.  Jos sinulla on vaikeuksia, ota yhteytt\u00e4 asiakaspalveluumme.  Toimitus sis\u00e4lt\u00e4\u00e4:  &#8211; 1x meikkausp\u00f6yt\u00e4  &#8211; 1x jakkara &#8211; 2 x tukijalka &#8211; 1x asennusohjeet (DE, FR, EN, ES, IT)<\/p>\n","protected":false},"excerpt":{"rendered":"<p>SONGMICS Songmics peilip\u00f6yt\u00e4 4 laatikolla, peilip\u00f6yt\u00e4 ja jakkara, tyylik\u00e4s kosmetiikkap\u00f6yt\u00e4 ja kirjoitusp\u00f6yt\u00e4 yhdess\u00e4, puinen s\u00e4ilytysj\u00e4rjestelm\u00e4, valkoinen RDT77F<\/p>\n","protected":false},"featured_media":45786,"comment_status":"open","ping_status":"closed","template":"","meta":[],"product_brand":[],"product_cat":[32],"product_tag":[],"class_list":{"0":"post-37947","1":"product","2":"type-product","3":"status-publish","4":"has-post-thumbnail","6":"product_cat-uncategorized-fi","8":"first","9":"instock","10":"shipping-taxable","11":"purchasable","12":"product-type-simple"},"_links":{"self":[{"href":"https:\/\/nordicmart.andreevmaster.com\/fi\/wp-json\/wp\/v2\/product\/37947","targetHints":{"allow":["GET"]}}],"collection":[{"href":"https:\/\/nordicmart.andreevmaster.com\/fi\/wp-json\/wp\/v2\/product"}],"about":[{"href":"https:\/\/nordicmart.andreevmaster.com\/fi\/wp-json\/wp\/v2\/types\/product"}],"replies":[{"embeddable":true,"href":"https:\/\/nordicmart.andreevmaster.com\/fi\/wp-json\/wp\/v2\/comments?post=37947"}],"wp:featuredmedia":[{"embeddable":true,"href":"https:\/\/nordicmart.andreevmaster.com\/fi\/wp-json\/wp\/v2\/media\/45786"}],"wp:attachment":[{"href":"https:\/\/nordicmart.andreevmaster.com\/fi\/wp-json\/wp\/v2\/media?parent=37947"}],"wp:term":[{"taxonomy":"product_brand","embeddable":true,"href":"https:\/\/nordicmart.andreevmaster.com\/fi\/wp-json\/wp\/v2\/product_brand?post=37947"},{"taxonomy":"product_cat","embeddable":true,"href":"https:\/\/nordicmart.andreevmaster.com\/fi\/wp-json\/wp\/v2\/product_cat?post=37947"},{"taxonomy":"product_tag","embeddable":true,"href":"https:\/\/nordicmart.andreevmaster.com\/fi\/wp-json\/wp\/v2\/product_tag?post=37947"}],"curies":[{"name":"wp","href":"https:\/\/api.w.org\/{rel}","templated":true}]}}