{"id":37943,"date":"2026-02-27T00:41:38","date_gmt":"2026-02-27T00:41:38","guid":{"rendered":"https:\/\/nordicmart.andreevmaster.com\/product\/vasagle-meikkauspoyta-7-laatikkoa-musta\/"},"modified":"2026-02-27T09:57:43","modified_gmt":"2026-02-27T09:57:43","slug":"vasagle-meikkauspoyta-7-laatikkoa-musta","status":"publish","type":"product","link":"https:\/\/nordicmart.andreevmaster.com\/fi\/tuote\/vasagle-meikkauspoyta-7-laatikkoa-musta\/","title":{"rendered":"VASAGLE meikkausp\u00f6yt\u00e4, 7 laatikkoa, musta"},"content":{"rendered":"<p>Jos tarvitset klassisen meikkausp\u00f6yt\u00e4sarjan, t\u00e4m\u00e4 korkealaatuinen, k\u00e4yt\u00e4nn\u00f6llinen ja tyylik\u00e4s meikkausp\u00f6yt\u00e4 VASAGLE:lt\u00e4 on juuri sinulle sopiva. Koukut kaulakoruille taitettavan peilin takana 3-osainen peili mahdollistaa peilikuvasi tarkastelemisen eri kulmista, kun meikkaat tai laitat hiuksiasi. Muuten, saatat yll\u00e4tty\u00e4, kun huomaat peilin takana olevan 8 koukkua kaulakoruille. Helppo koota T\u00e4m\u00e4n meikkausp\u00f6yd\u00e4n kokoaminen ei vie useita tunteja, sill\u00e4 runko toimitetaan sinulle valmiiksi koottuna. Sinun tarvitsee vain kiinnitt\u00e4\u00e4 meikkausp\u00f6yd\u00e4n jalat ja peili. K\u00e4yt\u00f6ss\u00e4si aamuin ja illoin Ennen kuin l\u00e4hdet yliopistoon tai t\u00f6ihin, voit istua rennosti t\u00e4m\u00e4n peilip\u00f6yd\u00e4n \u00e4\u00e4reen, meikata itsesi ja aloittaa p\u00e4iv\u00e4si hyv\u00e4ll\u00e4 mielell\u00e4, kun tied\u00e4t n\u00e4ytt\u00e4v\u00e4n upealta. Palattuasi voit lukea kirjaa, tehd\u00e4 kotiteht\u00e4vi\u00e4 tai kirjoittaa raporttia t\u00e4m\u00e4n p\u00f6yd\u00e4n \u00e4\u00e4ress\u00e4. Tuotetiedot:- V\u00e4ri: musta &#8211; Materiaali: MDF (keskitihe\u00e4 kuitulevy), kumipuu, m\u00e4nty &#8211; Meikkausp\u00f6yd\u00e4n koko: 90 x 40 x 148 (P x L x K) &#8211; Jakkaran koko: 40,5 x 30,5 x 46 cm (P x L x K) &#8211; Paino: 23,6 kg &#8211; Jakkaran maks. staattinen kantavuus: 130 kg Toimitus sis\u00e4lt\u00e4\u00e4: &#8211; 1 x meikkausp\u00f6yt\u00e4 3-osaisella taitettavalla peilill\u00e4 &#8211; 1 x pehmustettu jakkara &#8211; 1 x s\u00e4ilytysastia tarvikkeille &#8211; 1 x ohjeet (DE, EN, FR, IT, ES) VASAGLE Huomautukset:- \u00c4l\u00e4 altista tuotetta voimakkaalle auringonvalolle pitk\u00e4ksi aikaa. &#8211; Pid\u00e4 tuote poissa ter\u00e4vien esineiden, kuten veitsien, ulottuvilta vahingoittumisen v\u00e4ltt\u00e4miseksi.<\/p>\n","protected":false},"excerpt":{"rendered":"<p>VASAGLE meikkausp\u00f6yt\u00e4 7 laatikolla, peilip\u00f6yt\u00e4 pehmustetulla jakkaralla, 3-osainen taitettava peili koukulla ketjuille, 4 avointa lokeroa, 2 kapeaa lokeroa siveltimille, puujalat, valkoinen RDT60WT<\/p>\n","protected":false},"featured_media":45782,"comment_status":"open","ping_status":"closed","template":"","meta":[],"product_brand":[],"product_cat":[32],"product_tag":[],"class_list":{"0":"post-37943","1":"product","2":"type-product","3":"status-publish","4":"has-post-thumbnail","6":"product_cat-uncategorized-fi","8":"first","9":"instock","10":"shipping-taxable","11":"purchasable","12":"product-type-simple"},"_links":{"self":[{"href":"https:\/\/nordicmart.andreevmaster.com\/fi\/wp-json\/wp\/v2\/product\/37943","targetHints":{"allow":["GET"]}}],"collection":[{"href":"https:\/\/nordicmart.andreevmaster.com\/fi\/wp-json\/wp\/v2\/product"}],"about":[{"href":"https:\/\/nordicmart.andreevmaster.com\/fi\/wp-json\/wp\/v2\/types\/product"}],"replies":[{"embeddable":true,"href":"https:\/\/nordicmart.andreevmaster.com\/fi\/wp-json\/wp\/v2\/comments?post=37943"}],"wp:featuredmedia":[{"embeddable":true,"href":"https:\/\/nordicmart.andreevmaster.com\/fi\/wp-json\/wp\/v2\/media\/45782"}],"wp:attachment":[{"href":"https:\/\/nordicmart.andreevmaster.com\/fi\/wp-json\/wp\/v2\/media?parent=37943"}],"wp:term":[{"taxonomy":"product_brand","embeddable":true,"href":"https:\/\/nordicmart.andreevmaster.com\/fi\/wp-json\/wp\/v2\/product_brand?post=37943"},{"taxonomy":"product_cat","embeddable":true,"href":"https:\/\/nordicmart.andreevmaster.com\/fi\/wp-json\/wp\/v2\/product_cat?post=37943"},{"taxonomy":"product_tag","embeddable":true,"href":"https:\/\/nordicmart.andreevmaster.com\/fi\/wp-json\/wp\/v2\/product_tag?post=37943"}],"curies":[{"name":"wp","href":"https:\/\/api.w.org\/{rel}","templated":true}]}}