{"id":37942,"date":"2026-02-27T00:41:37","date_gmt":"2026-02-27T00:41:37","guid":{"rendered":"https:\/\/nordicmart.andreevmaster.com\/product\/vasagle-peilipoyta\/"},"modified":"2026-02-27T09:57:43","modified_gmt":"2026-02-27T09:57:43","slug":"vasagle-peilipoyta","status":"publish","type":"product","link":"https:\/\/nordicmart.andreevmaster.com\/fi\/tuote\/vasagle-peilipoyta\/","title":{"rendered":"VASAGLE Peilip\u00f6yt\u00e4"},"content":{"rendered":"<p>Keskity kauneuteesi. Levit\u00e4 t\u00e4ydellinen meikki ennen kuin l\u00e4hdet aamulla kotoa ja poista se ennen kuin menet illalla nukkumaan. Suuren p\u00f6yt\u00e4levyn, 2 avoimen ja suljetun lokeron, 1 irrotettavan j\u00e4rjestelij\u00e4n ja 2 syv\u00e4n laatikon ansiosta t\u00e4m\u00e4 meikkip\u00f6yt\u00e4 on t\u00e4ydellinen apulainen p\u00e4ivitt\u00e4isess\u00e4 kauneusrutiinissasi.Luotettava kumppani T\u00e4m\u00e4 meikkausp\u00f6yt\u00e4 vakuuttaa paitsi ajattomalla ulkon\u00e4\u00f6ll\u00e4\u00e4n my\u00f6s massiivisella materiaaliseoksellaan, joka koostuu kumipuusta ja MDF:st\u00e4. Voit s\u00e4ilytt\u00e4\u00e4 kauneustuotteitasi turvallisesti t\u00e4m\u00e4n p\u00f6yd\u00e4n osissa ja p\u00e4\u00e4ll\u00e4. Istu tukevalle jakkaralle ja ihaile itse\u00e4si suuressa peiliss\u00e4! Tekniset tiedot: &#8211; V\u00e4ri: valkoinen, luonnonv\u00e4ri. &#8211; Materiaali: MDF (keskitihe\u00e4 kuitulevy), kumipuu, lasi &#8211; Meikkausp\u00f6yd\u00e4n mitat: 90 x 40 x 146 cm (P x L x K). &#8211; Jakkaran mitat: 32,5 x 32,5 x 46 cm (P x L x K). &#8211; Tuotteen paino: 35,3 kg. &#8211; Jakkaran suurin staattinen kantavuus: 130 kg.Toimitus sis\u00e4lt\u00e4\u00e4: &#8211; 1 x peilip\u00f6yt\u00e4 &#8211; 1 x jakkara. &#8211; 1 x lis\u00e4varustesarja. &#8211; 1 x kaatumisenestoj\u00e4rjestelm\u00e4. &#8211; 1 x ohjeet (ei v\u00e4ltt\u00e4m\u00e4tt\u00e4 saksaksi). VASAGLE-huomautukset: &#8211; Turvallisuussyist\u00e4 lapset eiv\u00e4t saa kiivet\u00e4 tai leikki\u00e4 tuotteella. &#8211; Pyyhi t\u00e4m\u00e4 tuote puhtaalla liinalla p\u00e4ivitt\u00e4ist\u00e4 puhdistusta varten. &#8211; Pid\u00e4 t\u00e4m\u00e4 tuote poissa ter\u00e4vist\u00e4 ja ter\u00e4vist\u00e4 esineist\u00e4, jotta sen pinta ei vahingoitu.<\/p>\n","protected":false},"excerpt":{"rendered":"<p>VASAGLE meikkausp\u00f6yt\u00e4 peilill\u00e4, peilip\u00f6yt\u00e4 4 laatikolla, 2 avoimella lokerolla ja meikkien s\u00e4ilytysj\u00e4rjestelm\u00e4ll\u00e4, kosmetiikkap\u00f6yt\u00e4 jakkaralla, peilip\u00f6yt\u00e4, makuuhuone, yksinkertainen, valkoinen-luonnonv\u00e4ri RDT32K<\/p>\n","protected":false},"featured_media":45781,"comment_status":"open","ping_status":"closed","template":"","meta":[],"product_brand":[],"product_cat":[32],"product_tag":[],"class_list":{"0":"post-37942","1":"product","2":"type-product","3":"status-publish","4":"has-post-thumbnail","6":"product_cat-uncategorized-fi","8":"first","9":"instock","10":"shipping-taxable","11":"purchasable","12":"product-type-simple"},"_links":{"self":[{"href":"https:\/\/nordicmart.andreevmaster.com\/fi\/wp-json\/wp\/v2\/product\/37942","targetHints":{"allow":["GET"]}}],"collection":[{"href":"https:\/\/nordicmart.andreevmaster.com\/fi\/wp-json\/wp\/v2\/product"}],"about":[{"href":"https:\/\/nordicmart.andreevmaster.com\/fi\/wp-json\/wp\/v2\/types\/product"}],"replies":[{"embeddable":true,"href":"https:\/\/nordicmart.andreevmaster.com\/fi\/wp-json\/wp\/v2\/comments?post=37942"}],"wp:featuredmedia":[{"embeddable":true,"href":"https:\/\/nordicmart.andreevmaster.com\/fi\/wp-json\/wp\/v2\/media\/45781"}],"wp:attachment":[{"href":"https:\/\/nordicmart.andreevmaster.com\/fi\/wp-json\/wp\/v2\/media?parent=37942"}],"wp:term":[{"taxonomy":"product_brand","embeddable":true,"href":"https:\/\/nordicmart.andreevmaster.com\/fi\/wp-json\/wp\/v2\/product_brand?post=37942"},{"taxonomy":"product_cat","embeddable":true,"href":"https:\/\/nordicmart.andreevmaster.com\/fi\/wp-json\/wp\/v2\/product_cat?post=37942"},{"taxonomy":"product_tag","embeddable":true,"href":"https:\/\/nordicmart.andreevmaster.com\/fi\/wp-json\/wp\/v2\/product_tag?post=37942"}],"curies":[{"name":"wp","href":"https:\/\/api.w.org\/{rel}","templated":true}]}}