{"id":37941,"date":"2026-02-27T00:41:37","date_gmt":"2026-02-27T00:41:37","guid":{"rendered":"https:\/\/nordicmart.andreevmaster.com\/product\/songmics-suloinen-meikkauspoyta-koristeellisilla-ruusuilla\/"},"modified":"2026-02-27T09:57:43","modified_gmt":"2026-02-27T09:57:43","slug":"songmics-suloinen-meikkauspoyta-koristeellisilla-ruusuilla","status":"publish","type":"product","link":"https:\/\/nordicmart.andreevmaster.com\/fi\/tuote\/songmics-suloinen-meikkauspoyta-koristeellisilla-ruusuilla\/","title":{"rendered":"SONGMICS Suloinen meikkausp\u00f6yt\u00e4 koristeellisilla ruusuilla"},"content":{"rendered":"<p>Esittelemme sinulle korkealaatuisen meikkausp\u00f6yd\u00e4n ly\u00f6m\u00e4tt\u00f6m\u00e4\u00e4n hintaan! P\u00f6yt\u00e4 on helppohoitoinen ja sopii erinomaisesti jokaisen tyt\u00f6n makuuhuoneeseen. Tuotetiedot: &#8211; V\u00e4ri: valkoinen &#8211; Mitat: 135 x 50 x 30 cm &#8211; P\u00f6yt\u00e4levyn mitat: 50 x 30 cm &#8211; Jakkaran mitat: 45 x 37 x 28 cm &#8211; Pienen laatikon mitat: 12 x 7 x 6 cm (LxSxK) &#8211; Suuren laatikon mitat: 23 x 20 x 6 cm (LxSxK) &#8211; Materiaali: massiivipuu + MDF (keskitihe\u00e4 puukuitulevy) luokka E1 Toimitus sis\u00e4lt\u00e4\u00e4: &#8211; 1x meikkausp\u00f6yt\u00e4 &#8211; 1x jakkara &#8211; 2 x pidike &#8211; 1x asennusohjeet (DE, FR, EN, ES, IT)<\/p>\n","protected":false},"excerpt":{"rendered":"<p>SONGMICS barokkityylinen meikkausp\u00f6yt\u00e4 ruusukoristeilla, sis\u00e4lt\u00e4\u00e4 2 x v\u00e4lisein\u00e4n, kaatumissuojan, jakkaran ja peilin, valkoinen RDT30W<\/p>\n","protected":false},"featured_media":45780,"comment_status":"open","ping_status":"closed","template":"","meta":[],"product_brand":[],"product_cat":[32],"product_tag":[],"class_list":{"0":"post-37941","1":"product","2":"type-product","3":"status-publish","4":"has-post-thumbnail","6":"product_cat-uncategorized-fi","8":"first","9":"instock","10":"shipping-taxable","11":"purchasable","12":"product-type-simple"},"_links":{"self":[{"href":"https:\/\/nordicmart.andreevmaster.com\/fi\/wp-json\/wp\/v2\/product\/37941","targetHints":{"allow":["GET"]}}],"collection":[{"href":"https:\/\/nordicmart.andreevmaster.com\/fi\/wp-json\/wp\/v2\/product"}],"about":[{"href":"https:\/\/nordicmart.andreevmaster.com\/fi\/wp-json\/wp\/v2\/types\/product"}],"replies":[{"embeddable":true,"href":"https:\/\/nordicmart.andreevmaster.com\/fi\/wp-json\/wp\/v2\/comments?post=37941"}],"wp:featuredmedia":[{"embeddable":true,"href":"https:\/\/nordicmart.andreevmaster.com\/fi\/wp-json\/wp\/v2\/media\/45780"}],"wp:attachment":[{"href":"https:\/\/nordicmart.andreevmaster.com\/fi\/wp-json\/wp\/v2\/media?parent=37941"}],"wp:term":[{"taxonomy":"product_brand","embeddable":true,"href":"https:\/\/nordicmart.andreevmaster.com\/fi\/wp-json\/wp\/v2\/product_brand?post=37941"},{"taxonomy":"product_cat","embeddable":true,"href":"https:\/\/nordicmart.andreevmaster.com\/fi\/wp-json\/wp\/v2\/product_cat?post=37941"},{"taxonomy":"product_tag","embeddable":true,"href":"https:\/\/nordicmart.andreevmaster.com\/fi\/wp-json\/wp\/v2\/product_tag?post=37941"}],"curies":[{"name":"wp","href":"https:\/\/api.w.org\/{rel}","templated":true}]}}