{"id":37940,"date":"2026-02-27T00:41:37","date_gmt":"2026-02-27T00:41:37","guid":{"rendered":"https:\/\/nordicmart.andreevmaster.com\/product\/vasagle-peilipoyta-taitettavalla-peililla\/"},"modified":"2026-02-27T09:57:43","modified_gmt":"2026-02-27T09:57:43","slug":"vasagle-peilipoyta-taitettavalla-peililla","status":"publish","type":"product","link":"https:\/\/nordicmart.andreevmaster.com\/fi\/tuote\/vasagle-peilipoyta-taitettavalla-peililla\/","title":{"rendered":"VASAGLE peilip\u00f6yt\u00e4 taitettavalla peilill\u00e4"},"content":{"rendered":"<p>Siunaus kaikille meikkien yst\u00e4ville &#8211; Jalat ovat massiivipuuta ja p\u00f6yt\u00e4levy on tukevaa MDF-levy\u00e4. Jakkara on valmistettu kokonaan massiivisesta kumipuusta. &#8211; 3-osainen peili mahdollistaa peilikuvasi tarkastelun eri kulmista. T\u00e4m\u00e4 helpottaa p\u00e4ivitt\u00e4ist\u00e4 tyylisi luomista ja parantaa mielialaasi. 5 laatikkoa ja irrotettava s\u00e4ilytyslaatikko tarjoavat runsaasti s\u00e4ilytystilaa ja helpottavat kauneustuotteidesi saatavuutta. Tilava jalkatila tarjoaa runsaasti jalkatilaa, jotta voit liikkua esteett\u00e4 meikki\u00e4 laittaessasi tai hiuksiasi laittaessasi. Asennus vaaditaan! Esikoottu runko tarkoittaa kuitenkin, ett\u00e4 sinun tarvitsee vain kiinnitt\u00e4\u00e4 peilip\u00f6yd\u00e4n jalat ja peili. Jos tarvitset modernin, toimivan meikkip\u00f6yt\u00e4sarjan, t\u00e4m\u00e4 VASAGLE-peilip\u00f6yt\u00e4 on juuri sinulle sopiva. Tuotetiedot:- V\u00e4ri: valkoinen &#8211; Materiaali: MDF (keskitihe\u00e4 kuitulevy), kumipuu, m\u00e4nty &#8211; Meikkausp\u00f6yd\u00e4n koko: 80 x 40 x 137,5 (P x L x K) &#8211; Jakkaran koko: 40 x 30 x 50 cm (P x L x K) &#8211; Paino: 26 kg &#8211; Jakkaran maks. staattinen kantavuus: 130 kg Toimitus sis\u00e4lt\u00e4\u00e4:- 1 x meikkausp\u00f6yt\u00e4 3-osaisella taitettavalla peilill\u00e4 &#8211; 1 x pehmustettu jakkara &#8211; 1 x s\u00e4ilytysastia tarvikkeille &#8211; 1 x ohjeet (DE, EN, FR, IT, ES) VASAGLE Huomautukset:- \u00c4l\u00e4 altista tuotetta voimakkaalle auringonvalolle pitk\u00e4ksi aikaa. &#8211; Pid\u00e4 tuote poissa ter\u00e4vien esineiden, kuten veitsien, l\u00e4heisyydest\u00e4 vahingoittumisen v\u00e4ltt\u00e4miseksi.<\/p>\n","protected":false},"excerpt":{"rendered":"<p>VASAGLE meikkausp\u00f6yt\u00e4 5 laatikolla, peilip\u00f6yt\u00e4 ja jakkara, kehykset\u00f6n 3-osainen taitettava peili, irrotettava kosmetiikkalaatikko, kosmetiikkap\u00f6yt\u00e4setti, helppo koota, valkoinen RDT28WT<\/p>\n","protected":false},"featured_media":45779,"comment_status":"open","ping_status":"closed","template":"","meta":[],"product_brand":[],"product_cat":[32],"product_tag":[],"class_list":{"0":"post-37940","1":"product","2":"type-product","3":"status-publish","4":"has-post-thumbnail","6":"product_cat-uncategorized-fi","8":"first","9":"instock","10":"shipping-taxable","11":"purchasable","12":"product-type-simple"},"_links":{"self":[{"href":"https:\/\/nordicmart.andreevmaster.com\/fi\/wp-json\/wp\/v2\/product\/37940","targetHints":{"allow":["GET"]}}],"collection":[{"href":"https:\/\/nordicmart.andreevmaster.com\/fi\/wp-json\/wp\/v2\/product"}],"about":[{"href":"https:\/\/nordicmart.andreevmaster.com\/fi\/wp-json\/wp\/v2\/types\/product"}],"replies":[{"embeddable":true,"href":"https:\/\/nordicmart.andreevmaster.com\/fi\/wp-json\/wp\/v2\/comments?post=37940"}],"wp:featuredmedia":[{"embeddable":true,"href":"https:\/\/nordicmart.andreevmaster.com\/fi\/wp-json\/wp\/v2\/media\/45779"}],"wp:attachment":[{"href":"https:\/\/nordicmart.andreevmaster.com\/fi\/wp-json\/wp\/v2\/media?parent=37940"}],"wp:term":[{"taxonomy":"product_brand","embeddable":true,"href":"https:\/\/nordicmart.andreevmaster.com\/fi\/wp-json\/wp\/v2\/product_brand?post=37940"},{"taxonomy":"product_cat","embeddable":true,"href":"https:\/\/nordicmart.andreevmaster.com\/fi\/wp-json\/wp\/v2\/product_cat?post=37940"},{"taxonomy":"product_tag","embeddable":true,"href":"https:\/\/nordicmart.andreevmaster.com\/fi\/wp-json\/wp\/v2\/product_tag?post=37940"}],"curies":[{"name":"wp","href":"https:\/\/api.w.org\/{rel}","templated":true}]}}