{"id":37939,"date":"2026-02-27T00:41:36","date_gmt":"2026-02-27T00:41:36","guid":{"rendered":"https:\/\/nordicmart.andreevmaster.com\/product\/vasagle-tyylikas-peilipoyta-5-laatikolla\/"},"modified":"2026-02-27T09:57:43","modified_gmt":"2026-02-27T09:57:43","slug":"vasagle-tyylikas-peilipoyta-5-laatikolla","status":"publish","type":"product","link":"https:\/\/nordicmart.andreevmaster.com\/fi\/tuote\/vasagle-tyylikas-peilipoyta-5-laatikolla\/","title":{"rendered":"VASAGLE tyylik\u00e4s peilip\u00f6yt\u00e4 5 laatikolla"},"content":{"rendered":"<p>Jos seisot aamuisin hygieniatuotteiden, meikkien, meikkisiveltimien ja muiden tarvikkeiden edess\u00e4, on aika siivota! T\u00e4m\u00e4n peilip\u00f6yd\u00e4n avulla voit paitsi j\u00e4rjest\u00e4\u00e4 kaikki t\u00e4rke\u00e4t tarvikkeet, my\u00f6s saada oman kauneusalueen, joka n\u00e4ytt\u00e4\u00e4 kuin se olisi per\u00e4isin Hollywood-elokuvasta. Et vain n\u00e4yt\u00e4 hurmaavalta, vaan voit my\u00f6s aloittaa p\u00e4iv\u00e4si energisesti ja upealla ulkon\u00e4\u00f6ll\u00e4. Valmistaudu p\u00e4iv\u00e4\u00e4n yht\u00e4 lumoavan n\u00e4k\u00f6isell\u00e4 peilip\u00f6yd\u00e4ll\u00e4 \u2013 suuri, suorakulmainen peili ilman kehyst\u00e4 saa pienet tai pime\u00e4t huoneet n\u00e4ytt\u00e4m\u00e4\u00e4n suuremmilta ja valoisammilta. Koristeellinen koriste esine makuuhuoneeseesi! Asennus on helppoa Emme tietenk\u00e4\u00e4n halua, ett\u00e4 tuotteemme aiheuttavat sinulle p\u00e4\u00e4nvaivaa. Siksi haluamme tehd\u00e4 asennusprosessista sinulle mahdollisimman helpon. Asenna vain jalat ja peili \u2013 valmista! Tuotetiedot: &#8211; V\u00e4ri: valkoinen &#8211; Materiaali: MDF (keskitihe\u00e4 kuitulevy), m\u00e4ntypuuta (p\u00f6yd\u00e4n jalat), kumipuuta (jakkaran jalat)  &#8211; P\u00f6yd\u00e4n koko: 80 x 40 x 137,5 cm (P x L x K) &#8211; Jakkaran koko: 37 x 28 x 45 cm (P x L x K) &#8211; Paino: 19 kg Toimitus sis\u00e4lt\u00e4\u00e4: &#8211; 1 x meikkausp\u00f6yt\u00e4 &#8211; 1 x peili &#8211; 1 x jakkara &#8211; 1 x s\u00e4ili\u00f6 ruuveilla &#8211; 1 x ohjeet (DE, EN, FR, ES, IT)<\/p>\n","protected":false},"excerpt":{"rendered":"<p>VASAGLE meikkausp\u00f6yt\u00e4, jossa suuri kehykset\u00f6n peili, moderni peilip\u00f6yt\u00e4, irrotettava s\u00e4ilytysj\u00e4rjestelm\u00e4, kumipuinen jakkara, 5 laatikkoa, makuuhuone, vaatekaappi, valkoinen RDT25WT<\/p>\n","protected":false},"featured_media":45778,"comment_status":"open","ping_status":"closed","template":"","meta":[],"product_brand":[],"product_cat":[32],"product_tag":[],"class_list":{"0":"post-37939","1":"product","2":"type-product","3":"status-publish","4":"has-post-thumbnail","6":"product_cat-uncategorized-fi","8":"first","9":"instock","10":"shipping-taxable","11":"purchasable","12":"product-type-simple"},"_links":{"self":[{"href":"https:\/\/nordicmart.andreevmaster.com\/fi\/wp-json\/wp\/v2\/product\/37939","targetHints":{"allow":["GET"]}}],"collection":[{"href":"https:\/\/nordicmart.andreevmaster.com\/fi\/wp-json\/wp\/v2\/product"}],"about":[{"href":"https:\/\/nordicmart.andreevmaster.com\/fi\/wp-json\/wp\/v2\/types\/product"}],"replies":[{"embeddable":true,"href":"https:\/\/nordicmart.andreevmaster.com\/fi\/wp-json\/wp\/v2\/comments?post=37939"}],"wp:featuredmedia":[{"embeddable":true,"href":"https:\/\/nordicmart.andreevmaster.com\/fi\/wp-json\/wp\/v2\/media\/45778"}],"wp:attachment":[{"href":"https:\/\/nordicmart.andreevmaster.com\/fi\/wp-json\/wp\/v2\/media?parent=37939"}],"wp:term":[{"taxonomy":"product_brand","embeddable":true,"href":"https:\/\/nordicmart.andreevmaster.com\/fi\/wp-json\/wp\/v2\/product_brand?post=37939"},{"taxonomy":"product_cat","embeddable":true,"href":"https:\/\/nordicmart.andreevmaster.com\/fi\/wp-json\/wp\/v2\/product_cat?post=37939"},{"taxonomy":"product_tag","embeddable":true,"href":"https:\/\/nordicmart.andreevmaster.com\/fi\/wp-json\/wp\/v2\/product_tag?post=37939"}],"curies":[{"name":"wp","href":"https:\/\/api.w.org\/{rel}","templated":true}]}}