{"id":37938,"date":"2026-02-27T00:41:36","date_gmt":"2026-02-27T00:41:36","guid":{"rendered":"https:\/\/nordicmart.andreevmaster.com\/product\/vasagle-meikkauspoyta-led-valaistuksella-ja-peililla-valkoinen\/"},"modified":"2026-02-27T09:57:42","modified_gmt":"2026-02-27T09:57:42","slug":"vasagle-meikkauspoyta-led-valaistuksella-ja-peililla-valkoinen","status":"publish","type":"product","link":"https:\/\/nordicmart.andreevmaster.com\/fi\/tuote\/vasagle-meikkauspoyta-led-valaistuksella-ja-peililla-valkoinen\/","title":{"rendered":"VASAGLE meikkausp\u00f6yt\u00e4 LED-valaistuksella ja peilill\u00e4, valkoinen"},"content":{"rendered":"<p>Tuotetiedot: V\u00e4ri: valkoinen Materiaali: MDF (keskitihe\u00e4 kuitulevy), p\u00f6yd\u00e4n jalat m\u00e4ntypuuta, jakkaran jalat kumipuuta, vaahtomuovi, verhoilu pellava-puuvillaseosta Meikkausp\u00f6yd\u00e4n koko: 80 x 40 x 137,5 cm (P x L x K) Jakkaran koko: 37 x 28 x 45 cm (P x L x K) Paino: 19,5 kg Jakkaran maks. staattinen kantavuus: 130 kg Toimitus sis\u00e4lt\u00e4\u00e4: 1 x meikkausp\u00f6yt\u00e4 1 x jakkara 1 x lis\u00e4varustepaketti 1 x kaatumissuoja 1 x ohjeet (DE, EN, FR, ES, IT) VASAGLE Huomautukset:Turvallisuussyist\u00e4 lapset eiv\u00e4t saa kiivet\u00e4 tuotteelle tai leikki\u00e4 sill\u00e4. Asenna tuote tarkasti ohjeiden mukaisesti. Pid\u00e4 tuote poissa vedest\u00e4. Kiinnit\u00e4 tuote sein\u00e4\u00e4n mukana toimitetulla kaatumissuojalla. Nosta tuote, jos haluat siirt\u00e4\u00e4 sen toiseen paikkaan. \u00c4l\u00e4 raahaa sit\u00e4 lattialla.<\/p>\n","protected":false},"excerpt":{"rendered":"<p>VASAGLE meikkausp\u00f6yt\u00e4, jossa suuri kehykset\u00f6n peili, moderni peilip\u00f6yt\u00e4, irrotettava s\u00e4ilytysj\u00e4rjestelm\u00e4, kumipuinen jakkara, 5 laatikkoa, makuuhuone, vaatekaappi, valkoinen RDT25WT<\/p>\n","protected":false},"featured_media":45777,"comment_status":"open","ping_status":"closed","template":"","meta":[],"product_brand":[],"product_cat":[32],"product_tag":[],"class_list":{"0":"post-37938","1":"product","2":"type-product","3":"status-publish","4":"has-post-thumbnail","6":"product_cat-uncategorized-fi","8":"first","9":"instock","10":"shipping-taxable","11":"purchasable","12":"product-type-simple"},"_links":{"self":[{"href":"https:\/\/nordicmart.andreevmaster.com\/fi\/wp-json\/wp\/v2\/product\/37938","targetHints":{"allow":["GET"]}}],"collection":[{"href":"https:\/\/nordicmart.andreevmaster.com\/fi\/wp-json\/wp\/v2\/product"}],"about":[{"href":"https:\/\/nordicmart.andreevmaster.com\/fi\/wp-json\/wp\/v2\/types\/product"}],"replies":[{"embeddable":true,"href":"https:\/\/nordicmart.andreevmaster.com\/fi\/wp-json\/wp\/v2\/comments?post=37938"}],"wp:featuredmedia":[{"embeddable":true,"href":"https:\/\/nordicmart.andreevmaster.com\/fi\/wp-json\/wp\/v2\/media\/45777"}],"wp:attachment":[{"href":"https:\/\/nordicmart.andreevmaster.com\/fi\/wp-json\/wp\/v2\/media?parent=37938"}],"wp:term":[{"taxonomy":"product_brand","embeddable":true,"href":"https:\/\/nordicmart.andreevmaster.com\/fi\/wp-json\/wp\/v2\/product_brand?post=37938"},{"taxonomy":"product_cat","embeddable":true,"href":"https:\/\/nordicmart.andreevmaster.com\/fi\/wp-json\/wp\/v2\/product_cat?post=37938"},{"taxonomy":"product_tag","embeddable":true,"href":"https:\/\/nordicmart.andreevmaster.com\/fi\/wp-json\/wp\/v2\/product_tag?post=37938"}],"curies":[{"name":"wp","href":"https:\/\/api.w.org\/{rel}","templated":true}]}}