{"id":37937,"date":"2026-02-27T00:41:36","date_gmt":"2026-02-27T00:41:36","guid":{"rendered":"https:\/\/nordicmart.andreevmaster.com\/product\/vasagle-peilipoyta-kaantyvalla-peililla\/"},"modified":"2026-02-27T09:57:42","modified_gmt":"2026-02-27T09:57:42","slug":"vasagle-peilipoyta-kaantyvalla-peililla","status":"publish","type":"product","link":"https:\/\/nordicmart.andreevmaster.com\/fi\/tuote\/vasagle-peilipoyta-kaantyvalla-peililla\/","title":{"rendered":"VASAGLE peilip\u00f6yt\u00e4 k\u00e4\u00e4ntyv\u00e4ll\u00e4 peilill\u00e4"},"content":{"rendered":"<p>Istu alas!   Vapiseeko k\u00e4tesi, kun levit\u00e4t silm\u00e4nrajauskyn\u00e4\u00e4, koska olet hermostunut ja sinun olisi jo pit\u00e4nyt l\u00e4hte\u00e4 kotoa? Ota aikaa ja istu mukavasti t\u00e4m\u00e4n meikkausp\u00f6yt\u00e4sarjan ruusuilla koristellulle jakkaralle viimeistelem\u00e4\u00e4n meikkisi. Kauneutta joka kulmasta!   T\u00e4m\u00e4n peilip\u00f6yd\u00e4n ansiosta sinulla ei ole en\u00e4\u00e4 mit\u00e4\u00e4n syyt\u00e4 olla n\u00e4ytt\u00e4m\u00e4tt\u00e4 uskomattoman kauniilta. 360\u00b0 k\u00e4\u00e4ntyv\u00e4n peilin ansiosta voit viimeistell\u00e4 kampauksesi ja meikkisi ja varmistaa, ett\u00e4 n\u00e4yt\u00e4t t\u00e4ydelliselt\u00e4 joka kulmasta.  Tuotetiedot:   &#8211; V\u00e4ri: valkoinen-luonnonv\u00e4ri &#8211; Materiaali: MDF (keskitihe\u00e4 kuitulevy), m\u00e4ntypuuta (p\u00f6yd\u00e4n jalat), kumipuuta (jakkaran jalat), lasi &#8211; Koko: 80 x 40 x 137,5 cm (P x L x K) &#8211; Paino: 18,8 kgToimitus sis\u00e4lt\u00e4\u00e4:- 1 x meikkausp\u00f6yt\u00e4- 1 x jakkara- 1 x asennustarvikkeet- 1 x ohjeet (DE, EN, FR, ES, IT)VASAGLE-ohjeet:- T\u00e4m\u00e4 tuote on tarkoitettu k\u00e4ytett\u00e4v\u00e4ksi vain sis\u00e4tiloissa. Sijoita se kuivaan ymp\u00e4rist\u00f6\u00f6n. &#8211; Pid\u00e4 tuote poissa ter\u00e4vien esineiden ja sy\u00f6vytt\u00e4vien aineiden l\u00e4heisyydest\u00e4 vahingoittumisen est\u00e4miseksi. &#8211; K\u00e4yt\u00e4 mukana toimitettua kaatumissuojaa ja kiinnit\u00e4 tuote turvallisuuden vuoksi sein\u00e4\u00e4n.<\/p>\n","protected":false},"excerpt":{"rendered":"<p>VASAGLE meikkausp\u00f6yt\u00e4, jossa suuri kehykset\u00f6n peili, moderni peilip\u00f6yt\u00e4, irrotettava s\u00e4ilytysj\u00e4rjestelm\u00e4, kumipuinen jakkara, 5 laatikkoa, makuuhuone, vaatekaappi, valkoinen RDT25WT<\/p>\n","protected":false},"featured_media":45776,"comment_status":"open","ping_status":"closed","template":"","meta":[],"product_brand":[],"product_cat":[32],"product_tag":[],"class_list":{"0":"post-37937","1":"product","2":"type-product","3":"status-publish","4":"has-post-thumbnail","6":"product_cat-uncategorized-fi","8":"first","9":"instock","10":"shipping-taxable","11":"purchasable","12":"product-type-simple"},"_links":{"self":[{"href":"https:\/\/nordicmart.andreevmaster.com\/fi\/wp-json\/wp\/v2\/product\/37937","targetHints":{"allow":["GET"]}}],"collection":[{"href":"https:\/\/nordicmart.andreevmaster.com\/fi\/wp-json\/wp\/v2\/product"}],"about":[{"href":"https:\/\/nordicmart.andreevmaster.com\/fi\/wp-json\/wp\/v2\/types\/product"}],"replies":[{"embeddable":true,"href":"https:\/\/nordicmart.andreevmaster.com\/fi\/wp-json\/wp\/v2\/comments?post=37937"}],"wp:featuredmedia":[{"embeddable":true,"href":"https:\/\/nordicmart.andreevmaster.com\/fi\/wp-json\/wp\/v2\/media\/45776"}],"wp:attachment":[{"href":"https:\/\/nordicmart.andreevmaster.com\/fi\/wp-json\/wp\/v2\/media?parent=37937"}],"wp:term":[{"taxonomy":"product_brand","embeddable":true,"href":"https:\/\/nordicmart.andreevmaster.com\/fi\/wp-json\/wp\/v2\/product_brand?post=37937"},{"taxonomy":"product_cat","embeddable":true,"href":"https:\/\/nordicmart.andreevmaster.com\/fi\/wp-json\/wp\/v2\/product_cat?post=37937"},{"taxonomy":"product_tag","embeddable":true,"href":"https:\/\/nordicmart.andreevmaster.com\/fi\/wp-json\/wp\/v2\/product_tag?post=37937"}],"curies":[{"name":"wp","href":"https:\/\/api.w.org\/{rel}","templated":true}]}}