{"id":37935,"date":"2026-02-27T00:41:35","date_gmt":"2026-02-27T00:41:35","guid":{"rendered":"https:\/\/nordicmart.andreevmaster.com\/product\/songmics-tyylikas-meikkauspoyta-taitettavalla-peililla\/"},"modified":"2026-02-27T09:57:42","modified_gmt":"2026-02-27T09:57:42","slug":"songmics-tyylikas-meikkauspoyta-taitettavalla-peililla","status":"publish","type":"product","link":"https:\/\/nordicmart.andreevmaster.com\/fi\/tuote\/songmics-tyylikas-meikkauspoyta-taitettavalla-peililla\/","title":{"rendered":"SONGMICS Tyylik\u00e4s meikkausp\u00f6yt\u00e4 taitettavalla peilill\u00e4"},"content":{"rendered":"<p>Tuotetiedot: &#8211; V\u00e4ri: valkoinen  &#8211; Materiaali: MDF-levy, m\u00e4ntypuuta &#8211; Meikkausp\u00f6yd\u00e4n mitat: 108 x 131,5 x 47 cm (L x K x S) &#8211; Meikkausjakkaran mitat: 40,5 x 51 x 30,5 cm (L x K x S) &#8211; Paino: 24,9 kg Toimitus sis\u00e4lt\u00e4\u00e4:  &#8211; 2 x pakettia -Paketti 1: 1 x p\u00f6yt\u00e4, 1 x peilisetti (3-osainen\/sivut) ja 1 x ohjeet (DE, EN, FR, ES, IT) &#8211; Paketti 2: 1 x jakkara T\u00e4m\u00e4 tuote on pakattu kahteen erilliseen pakettiin. Jos saat vain yhden paketin, ole hyv\u00e4 ja odota hetki.<\/p>\n","protected":false},"excerpt":{"rendered":"<p>SONGMICS  iso meikkausp\u00f6yt\u00e4 kosmetiikkap\u00f6yt\u00e4  peilip\u00f6yt\u00e4  jakkaralla  taitettava k\u00e4\u00e4nt\u00f6peili  3 peili\u00e4  3 laatikkoa  valkoinen  RDT18W<\/p>\n","protected":false},"featured_media":45774,"comment_status":"open","ping_status":"closed","template":"","meta":[],"product_brand":[],"product_cat":[32],"product_tag":[],"class_list":{"0":"post-37935","1":"product","2":"type-product","3":"status-publish","4":"has-post-thumbnail","6":"product_cat-uncategorized-fi","8":"first","9":"instock","10":"shipping-taxable","11":"purchasable","12":"product-type-simple"},"_links":{"self":[{"href":"https:\/\/nordicmart.andreevmaster.com\/fi\/wp-json\/wp\/v2\/product\/37935","targetHints":{"allow":["GET"]}}],"collection":[{"href":"https:\/\/nordicmart.andreevmaster.com\/fi\/wp-json\/wp\/v2\/product"}],"about":[{"href":"https:\/\/nordicmart.andreevmaster.com\/fi\/wp-json\/wp\/v2\/types\/product"}],"replies":[{"embeddable":true,"href":"https:\/\/nordicmart.andreevmaster.com\/fi\/wp-json\/wp\/v2\/comments?post=37935"}],"wp:featuredmedia":[{"embeddable":true,"href":"https:\/\/nordicmart.andreevmaster.com\/fi\/wp-json\/wp\/v2\/media\/45774"}],"wp:attachment":[{"href":"https:\/\/nordicmart.andreevmaster.com\/fi\/wp-json\/wp\/v2\/media?parent=37935"}],"wp:term":[{"taxonomy":"product_brand","embeddable":true,"href":"https:\/\/nordicmart.andreevmaster.com\/fi\/wp-json\/wp\/v2\/product_brand?post=37935"},{"taxonomy":"product_cat","embeddable":true,"href":"https:\/\/nordicmart.andreevmaster.com\/fi\/wp-json\/wp\/v2\/product_cat?post=37935"},{"taxonomy":"product_tag","embeddable":true,"href":"https:\/\/nordicmart.andreevmaster.com\/fi\/wp-json\/wp\/v2\/product_tag?post=37935"}],"curies":[{"name":"wp","href":"https:\/\/api.w.org\/{rel}","templated":true}]}}