{"id":37933,"date":"2026-02-27T00:41:35","date_gmt":"2026-02-27T00:41:35","guid":{"rendered":"https:\/\/nordicmart.andreevmaster.com\/product\/vasagle-meikkauspoyta-valkoinen\/"},"modified":"2026-02-27T09:57:41","modified_gmt":"2026-02-27T09:57:41","slug":"vasagle-meikkauspoyta-valkoinen","status":"publish","type":"product","link":"https:\/\/nordicmart.andreevmaster.com\/fi\/tuote\/vasagle-meikkauspoyta-valkoinen\/","title":{"rendered":"VASAGLE meikkausp\u00f6yt\u00e4, valkoinen"},"content":{"rendered":"<p>Rakkaus ensisilm\u00e4yksell\u00e4 Jos et ole viel\u00e4 l\u00f6yt\u00e4nyt lahjaa rakkaallesi, t\u00e4m\u00e4 meikkausp\u00f6yt\u00e4 ja pehmustettu jakkara ovat juuri oikea valinta! Kuvittele, kuinka rakkaasi tarkastelee asuaan peilist\u00e4 ja hymyilee lempe\u00e4sti. Onko sinullakin nyt hymy huulillasi? Elegantti valkoinen v\u00e4ri, sile\u00e4 pinta, yksityiskohtiin huomiota kiinnitt\u00e4v\u00e4 muotoilu \u2013 rakkaasi rakastuu varmasti t\u00e4h\u00e4n meikkausp\u00f6yt\u00e4settiin! Salainen kosmetiikkapuutarha Suuri peili, jossa on 10 lamppua, varmistaa, ett\u00e4 voit levitt\u00e4\u00e4 meikkisi tarkasti. N\u00e4in sinusta tulee illan t\u00e4hti tai juhlan kaunein tanssija. Kaksi l\u00e4pin\u00e4kyv\u00e4\u00e4 laatikkoa helpottavat kosmetiikan l\u00f6yt\u00e4mist\u00e4 ja valitsemista. N\u00e4in voit helposti valita meikin, joka sopii p\u00e4iv\u00e4n tunnelmaan. Suunnittele kosmetiikkapuutarhasi t\u00e4ysin omien mieltymystesi mukaan ja l\u00e4hde kotoa tyylikk\u00e4\u00e4sti! Tuotetiedot: &#8211; V\u00e4ri: valkoinen &#8211; Materiaali: MDF (keskitihe\u00e4 kuitulevy), m\u00e4nty, kumipuu, lasi &#8211; Meikkausp\u00f6yd\u00e4n koko: 90 x 40 x 133,5 cm (P x L x K) &#8211; Jakkaran koko: 40 x 30 x 46 cm (P x L x K) &#8211; Paino: 20,4 kg &#8211; Jakkaran maks. staattinen kantavuus: 130 kg Toimitus sis\u00e4lt\u00e4\u00e4: &#8211; 1 x meikkausp\u00f6yt\u00e4 peilill\u00e4 &#8211; 1 x jakkara &#8211; 1 x lis\u00e4varustepaketti &#8211; 1 x ohjeet (DE, EN, FR, IT, ES) VASAGLE Huomautukset: &#8211; Turvallisuussyist\u00e4 lapset eiv\u00e4t saa kiivet\u00e4 tuotteelle tai leikki\u00e4 sill\u00e4. &#8211; Pid\u00e4 tuote poissa kemikaalien l\u00e4heisyydest\u00e4. &#8211; Pyyhi tuote p\u00e4ivitt\u00e4in kostealla liinalla.<\/p>\n","protected":false},"excerpt":{"rendered":"<p>VASAGLE meikkausp\u00f6yt\u00e4, peilip\u00f6yt\u00e4setti, pehmustettu jakkara ja 10 himmennett\u00e4v\u00e4\u00e4 lamppua, 2 isoa ja 2 pient\u00e4 laatikkoa, l\u00e4pin\u00e4kyv\u00e4 kova lasinen p\u00f6yt\u00e4levy, lahjaidea, valkoinen RDT172W01<\/p>\n","protected":false},"featured_media":45772,"comment_status":"open","ping_status":"closed","template":"","meta":[],"product_brand":[],"product_cat":[32],"product_tag":[],"class_list":{"0":"post-37933","1":"product","2":"type-product","3":"status-publish","4":"has-post-thumbnail","6":"product_cat-uncategorized-fi","8":"first","9":"instock","10":"shipping-taxable","11":"purchasable","12":"product-type-simple"},"_links":{"self":[{"href":"https:\/\/nordicmart.andreevmaster.com\/fi\/wp-json\/wp\/v2\/product\/37933","targetHints":{"allow":["GET"]}}],"collection":[{"href":"https:\/\/nordicmart.andreevmaster.com\/fi\/wp-json\/wp\/v2\/product"}],"about":[{"href":"https:\/\/nordicmart.andreevmaster.com\/fi\/wp-json\/wp\/v2\/types\/product"}],"replies":[{"embeddable":true,"href":"https:\/\/nordicmart.andreevmaster.com\/fi\/wp-json\/wp\/v2\/comments?post=37933"}],"wp:featuredmedia":[{"embeddable":true,"href":"https:\/\/nordicmart.andreevmaster.com\/fi\/wp-json\/wp\/v2\/media\/45772"}],"wp:attachment":[{"href":"https:\/\/nordicmart.andreevmaster.com\/fi\/wp-json\/wp\/v2\/media?parent=37933"}],"wp:term":[{"taxonomy":"product_brand","embeddable":true,"href":"https:\/\/nordicmart.andreevmaster.com\/fi\/wp-json\/wp\/v2\/product_brand?post=37933"},{"taxonomy":"product_cat","embeddable":true,"href":"https:\/\/nordicmart.andreevmaster.com\/fi\/wp-json\/wp\/v2\/product_cat?post=37933"},{"taxonomy":"product_tag","embeddable":true,"href":"https:\/\/nordicmart.andreevmaster.com\/fi\/wp-json\/wp\/v2\/product_tag?post=37933"}],"curies":[{"name":"wp","href":"https:\/\/api.w.org\/{rel}","templated":true}]}}