{"id":37930,"date":"2026-02-27T00:41:34","date_gmt":"2026-02-27T00:41:34","guid":{"rendered":"https:\/\/nordicmart.andreevmaster.com\/product\/vasagle-meikkauspoyta-suurella-peililla-moderni-valkoinen\/"},"modified":"2026-02-27T09:57:41","modified_gmt":"2026-02-27T09:57:41","slug":"vasagle-meikkauspoyta-suurella-peililla-moderni-valkoinen","status":"publish","type":"product","link":"https:\/\/nordicmart.andreevmaster.com\/fi\/tuote\/vasagle-meikkauspoyta-suurella-peililla-moderni-valkoinen\/","title":{"rendered":"VASAGLE Meikkausp\u00f6yt\u00e4 suurella peilill\u00e4, moderni valkoinen"},"content":{"rendered":"<p>VASAGLE Meikkausp\u00f6yt\u00e4 suurella peilill\u00e4, peilip\u00f6yt\u00e4, 2 laatikkoa, 3 avointa lokeroa, kosmetiikkap\u00f6yt\u00e4, moderni<br \/>\nV\u00e4ri: valkoinen<br \/>\nMateriaali: lastulevy<br \/>\nKoko: 40 x 100 x 140 cm (S x L x K)<br \/>\nPaino: 24,2 kg<\/p>\n","protected":false},"excerpt":{"rendered":"<p>VASAGLE Meikkausp\u00f6yt\u00e4 suurella peilill\u00e4, peilip\u00f6yt\u00e4, 2 laatikkoa, 3 avointa lokeroa, kosmetiikkap\u00f6yt\u00e4, moderni<\/p>\n","protected":false},"featured_media":45769,"comment_status":"open","ping_status":"closed","template":"","meta":[],"product_brand":[],"product_cat":[32],"product_tag":[],"class_list":{"0":"post-37930","1":"product","2":"type-product","3":"status-publish","4":"has-post-thumbnail","6":"product_cat-uncategorized-fi","8":"first","9":"instock","10":"shipping-taxable","11":"purchasable","12":"product-type-simple"},"_links":{"self":[{"href":"https:\/\/nordicmart.andreevmaster.com\/fi\/wp-json\/wp\/v2\/product\/37930","targetHints":{"allow":["GET"]}}],"collection":[{"href":"https:\/\/nordicmart.andreevmaster.com\/fi\/wp-json\/wp\/v2\/product"}],"about":[{"href":"https:\/\/nordicmart.andreevmaster.com\/fi\/wp-json\/wp\/v2\/types\/product"}],"replies":[{"embeddable":true,"href":"https:\/\/nordicmart.andreevmaster.com\/fi\/wp-json\/wp\/v2\/comments?post=37930"}],"wp:featuredmedia":[{"embeddable":true,"href":"https:\/\/nordicmart.andreevmaster.com\/fi\/wp-json\/wp\/v2\/media\/45769"}],"wp:attachment":[{"href":"https:\/\/nordicmart.andreevmaster.com\/fi\/wp-json\/wp\/v2\/media?parent=37930"}],"wp:term":[{"taxonomy":"product_brand","embeddable":true,"href":"https:\/\/nordicmart.andreevmaster.com\/fi\/wp-json\/wp\/v2\/product_brand?post=37930"},{"taxonomy":"product_cat","embeddable":true,"href":"https:\/\/nordicmart.andreevmaster.com\/fi\/wp-json\/wp\/v2\/product_cat?post=37930"},{"taxonomy":"product_tag","embeddable":true,"href":"https:\/\/nordicmart.andreevmaster.com\/fi\/wp-json\/wp\/v2\/product_tag?post=37930"}],"curies":[{"name":"wp","href":"https:\/\/api.w.org\/{rel}","templated":true}]}}