{"id":37929,"date":"2026-02-27T00:41:34","date_gmt":"2026-02-27T00:41:34","guid":{"rendered":"https:\/\/nordicmart.andreevmaster.com\/product\/songmics-meikkauspoytasetti-5-laatikkoa-valkoinen\/"},"modified":"2026-02-27T09:57:40","modified_gmt":"2026-02-27T09:57:40","slug":"songmics-meikkauspoytasetti-5-laatikkoa-valkoinen","status":"publish","type":"product","link":"https:\/\/nordicmart.andreevmaster.com\/fi\/tuote\/songmics-meikkauspoytasetti-5-laatikkoa-valkoinen\/","title":{"rendered":"SONGMICS meikkausp\u00f6yt\u00e4setti, 5 laatikkoa, valkoinen"},"content":{"rendered":"<p>Esittelemme t\u00e4ss\u00e4 korkealaatuisen meikkausp\u00f6yd\u00e4n, jossa on 5 laatikkoa, jotka vastaavat eri kosmetiikkatarvikkeiden s\u00e4ilytystarpeisiin. Songmics on aina asiakasl\u00e4ht\u00f6inen ja sitoutunut tarjoamaan korkealaatuisia tuotteita, joilla on hyv\u00e4 hinta-laatusuhde. Tuotetiedot:- Mitat: 80 x 145 x 40 cm (L x K x S) &#8211; P\u00f6yt\u00e4levyn mitat: 80 x 40 cm &#8211; Peilin mitat: 54,5 x 38 cm (L x K) &#8211; Jakkaran mitat: 37 x 45 x 28 cm (L x K x S) &#8211; Pienen laatikon mitat: 17,5 x 5,5 x 7,5 cm (L x K x S) &#8211; Keskikokoisen laatikon mitat: 12,5 x 7,5 x 25 cm (L x K x S) &#8211; Suuren laatikon mitat: 20 x 5,5 x 25 cm (L x K x S) &#8211; Materiaali: MDF-levy (luokka E1) + massiivipuu &#8211; V\u00e4ri: valkoinen Huomautus: &#8211; V\u00e4ltt\u00e4\u00e4ksesi jakkaran kaatumisen, \u00e4l\u00e4 istu tuolin reunalla. \u00c4l\u00e4 my\u00f6sk\u00e4\u00e4n ravista jakkaraa tai pudota itsesi sen p\u00e4\u00e4lle. Istuessasi istu koko istuinalueelle ja pid\u00e4 kaikki nelj\u00e4 jalkaa aina lattialla. &#8211; \u00c4l\u00e4 k\u00e4yt\u00e4 kokoonpanossa akkuruuvinv\u00e4\u00e4nnint\u00e4, vaan mukana toimitettua kuusiokoloavainta. &#8211; V\u00e4lt\u00e4 yleisesti ottaen ter\u00e4vien tai ter\u00e4vien esineiden kosketusta pintaan naarmujen v\u00e4ltt\u00e4miseksi. &#8211; Noudata huolto-ohjeita ennen p\u00f6yd\u00e4n huoltoa. &#8211; Jotta esiporatut kierteet jaloissa eiv\u00e4t vahingoitu ja ruuvit eiv\u00e4t j\u00e4\u00e4 vinoon, kierr\u00e4 ruuvit jalkojen asennuksessa vasta, kun kaikki porausrei\u00e4t ovat kohdakkain. &#8211; \u00c4l\u00e4 yrit\u00e4 asentaa p\u00f6yt\u00e4\u00e4 v\u00e4kisin. Se vahingoittaa tuotetta. Jos sinulla on vaikeuksia, ota yhteytt\u00e4 asiakaspalveluumme. Toimitussis\u00e4lt\u00f6: &#8211; 1 x meikkausp\u00f6yt\u00e4 &#8211; 1 x jakkara &#8211; 1 x kiinnitystarvikepussi (p\u00f6yd\u00e4n pienen laatikon sis\u00e4ll\u00e4) &#8211; 1 x ohjeet (DE, EN, FR, IT, ES)<\/p>\n","protected":false},"excerpt":{"rendered":"<p>SONGMICS 5 laatikollinen meikkausp\u00f6yt\u00e4 peilill\u00e4 ja jakkaralla, sis\u00e4lt\u00e4\u00e4 2 kappaletta v\u00e4liseini\u00e4, kaatumissuojaus, 80 x 145 x 40 cm (L x K x S), valkoinen RDT15W<\/p>\n","protected":false},"featured_media":45768,"comment_status":"open","ping_status":"closed","template":"","meta":[],"product_brand":[],"product_cat":[32],"product_tag":[],"class_list":{"0":"post-37929","1":"product","2":"type-product","3":"status-publish","4":"has-post-thumbnail","6":"product_cat-uncategorized-fi","8":"first","9":"instock","10":"shipping-taxable","11":"purchasable","12":"product-type-simple"},"_links":{"self":[{"href":"https:\/\/nordicmart.andreevmaster.com\/fi\/wp-json\/wp\/v2\/product\/37929","targetHints":{"allow":["GET"]}}],"collection":[{"href":"https:\/\/nordicmart.andreevmaster.com\/fi\/wp-json\/wp\/v2\/product"}],"about":[{"href":"https:\/\/nordicmart.andreevmaster.com\/fi\/wp-json\/wp\/v2\/types\/product"}],"replies":[{"embeddable":true,"href":"https:\/\/nordicmart.andreevmaster.com\/fi\/wp-json\/wp\/v2\/comments?post=37929"}],"wp:featuredmedia":[{"embeddable":true,"href":"https:\/\/nordicmart.andreevmaster.com\/fi\/wp-json\/wp\/v2\/media\/45768"}],"wp:attachment":[{"href":"https:\/\/nordicmart.andreevmaster.com\/fi\/wp-json\/wp\/v2\/media?parent=37929"}],"wp:term":[{"taxonomy":"product_brand","embeddable":true,"href":"https:\/\/nordicmart.andreevmaster.com\/fi\/wp-json\/wp\/v2\/product_brand?post=37929"},{"taxonomy":"product_cat","embeddable":true,"href":"https:\/\/nordicmart.andreevmaster.com\/fi\/wp-json\/wp\/v2\/product_cat?post=37929"},{"taxonomy":"product_tag","embeddable":true,"href":"https:\/\/nordicmart.andreevmaster.com\/fi\/wp-json\/wp\/v2\/product_tag?post=37929"}],"curies":[{"name":"wp","href":"https:\/\/api.w.org\/{rel}","templated":true}]}}