{"id":37928,"date":"2026-02-27T00:41:34","date_gmt":"2026-02-27T00:41:34","guid":{"rendered":"https:\/\/nordicmart.andreevmaster.com\/product\/vasagle-meikkauspoytasetti-valkoinen\/"},"modified":"2026-02-27T09:57:40","modified_gmt":"2026-02-27T09:57:40","slug":"vasagle-meikkauspoytasetti-valkoinen","status":"publish","type":"product","link":"https:\/\/nordicmart.andreevmaster.com\/fi\/tuote\/vasagle-meikkauspoytasetti-valkoinen\/","title":{"rendered":"VASAGLE meikkausp\u00f6yt\u00e4setti, valkoinen"},"content":{"rendered":"<p>Helpotta aamurutiinejasi Sinun ei en\u00e4\u00e4 tarvitse k\u00e4\u00e4nt\u00e4\u00e4 koko taloa yl\u00f6salaisin l\u00f6yt\u00e4\u00e4ksesi huulipunaa, joka viimeistelee meikkisi! Istu mukavalle, pehmustetulle jakkaralle ja ota helposti k\u00e4ytt\u00f6\u00f6n hyvin j\u00e4rjestetyt meikki- ja ihonhoitotuotteet meikkip\u00f6yd\u00e4lt\u00e4. T\u00e4st\u00e4 l\u00e4htien jokainen aamu on ihana. Ihastuttava lahja Upea lahjaidea syntym\u00e4p\u00e4iv\u00e4ksi, jouluksi tai muuksi merkitt\u00e4viksi vuosip\u00e4iv\u00e4ksi! Suurella peilill\u00e4, runsaalla s\u00e4ilytystilalla ja mukavalla jakkaralla varustettu t\u00e4m\u00e4 upea peilip\u00f6yt\u00e4 saa kaikki hymyilem\u00e4\u00e4n! Tuotetiedot: &#8211; V\u00e4ri: valkoinen &#8211; Materiaali: MDF (keskitihe\u00e4 kuitulevy), m\u00e4nty, kumipuu, lasi &#8211; Peilip\u00f6yd\u00e4n koko: 70 x 40 x 134 cm (P x L x K) &#8211; Jakkaran koko: 40 x 30 x 46 cm (P x L x K) &#8211; Paino: 18,0 kg &#8211; Jakkaran maks. staattinen kantavuus: 130 kg Toimitus sis\u00e4lt\u00e4\u00e4:- 1 x meikkausp\u00f6yt\u00e4 peilill\u00e4 &#8211; 1 x jakkara &#8211; 1 x lis\u00e4varustepaketti &#8211; 1 x ohjeet (DE, EN, FR, IT, ES) VASAGLE-ohjeet: &#8211; Turvallisuussyist\u00e4 lapset eiv\u00e4t saa kiivet\u00e4 tuotteelle tai leikki\u00e4 sill\u00e4. &#8211; Pid\u00e4 tuote poissa kemikaalien l\u00e4heisyydest\u00e4. &#8211; Pyyhi tuote p\u00e4ivitt\u00e4in kostealla liinalla.<\/p>\n","protected":false},"excerpt":{"rendered":"<p>VASAGLE meikkausp\u00f6yt\u00e4setti, peilip\u00f6yt\u00e4, peili, moderni, pehmustettu jakkara, 5 laatikkoa, 70 x 40 x 134 cm, lahjaidea, valkoinen RDT152W01<\/p>\n","protected":false},"featured_media":45767,"comment_status":"open","ping_status":"closed","template":"","meta":[],"product_brand":[],"product_cat":[32],"product_tag":[],"class_list":{"0":"post-37928","1":"product","2":"type-product","3":"status-publish","4":"has-post-thumbnail","6":"product_cat-uncategorized-fi","8":"first","9":"instock","10":"shipping-taxable","11":"purchasable","12":"product-type-simple"},"_links":{"self":[{"href":"https:\/\/nordicmart.andreevmaster.com\/fi\/wp-json\/wp\/v2\/product\/37928","targetHints":{"allow":["GET"]}}],"collection":[{"href":"https:\/\/nordicmart.andreevmaster.com\/fi\/wp-json\/wp\/v2\/product"}],"about":[{"href":"https:\/\/nordicmart.andreevmaster.com\/fi\/wp-json\/wp\/v2\/types\/product"}],"replies":[{"embeddable":true,"href":"https:\/\/nordicmart.andreevmaster.com\/fi\/wp-json\/wp\/v2\/comments?post=37928"}],"wp:featuredmedia":[{"embeddable":true,"href":"https:\/\/nordicmart.andreevmaster.com\/fi\/wp-json\/wp\/v2\/media\/45767"}],"wp:attachment":[{"href":"https:\/\/nordicmart.andreevmaster.com\/fi\/wp-json\/wp\/v2\/media?parent=37928"}],"wp:term":[{"taxonomy":"product_brand","embeddable":true,"href":"https:\/\/nordicmart.andreevmaster.com\/fi\/wp-json\/wp\/v2\/product_brand?post=37928"},{"taxonomy":"product_cat","embeddable":true,"href":"https:\/\/nordicmart.andreevmaster.com\/fi\/wp-json\/wp\/v2\/product_cat?post=37928"},{"taxonomy":"product_tag","embeddable":true,"href":"https:\/\/nordicmart.andreevmaster.com\/fi\/wp-json\/wp\/v2\/product_tag?post=37928"}],"curies":[{"name":"wp","href":"https:\/\/api.w.org\/{rel}","templated":true}]}}