{"id":37926,"date":"2026-02-27T00:41:33","date_gmt":"2026-02-27T00:41:33","guid":{"rendered":"https:\/\/nordicmart.andreevmaster.com\/product\/songmics-hieno-meikkauspoyta-sydamenmuotoisella-peililla\/"},"modified":"2026-02-27T09:57:40","modified_gmt":"2026-02-27T09:57:40","slug":"songmics-hieno-meikkauspoyta-sydamenmuotoisella-peililla","status":"publish","type":"product","link":"https:\/\/nordicmart.andreevmaster.com\/fi\/tuote\/songmics-hieno-meikkauspoyta-sydamenmuotoisella-peililla\/","title":{"rendered":"SONGMICS Hieno meikkausp\u00f6yt\u00e4 syd\u00e4menmuotoisella peilill\u00e4"},"content":{"rendered":"<p>Esittelemme teille suloisen meikkausp\u00f6yd\u00e4n, jossa on syd\u00e4menmuotoinen peili. Meikkausp\u00f6yt\u00e4 on valmistettu korkealaatuisesta, tukevasta puusta, mik\u00e4 takaa sen pitk\u00e4n k\u00e4ytt\u00f6i\u00e4n. Se vie vain v\u00e4h\u00e4n tilaa (75 x 138 x 40 cm). 4 laatikkoa (2 isoa ja 2 pient\u00e4) tarjoavat runsaasti s\u00e4ilytystilaa. P\u00f6yd\u00e4n pinnalle voi asettaa koriste-esineit\u00e4. Valkoinen lakka antaa peilip\u00f6yd\u00e4lle modernin ja tyylikk\u00e4\u00e4n ilmeen! Songmics on aina asiakasl\u00e4ht\u00f6inen ja sitoutunut tarjoamaan korkealaatuisia tuotteita, joilla on hyv\u00e4 hinta-laatusuhde. Tuotetiedot: &#8211; Mitat: 75 x 138 x 40 cm (L x K x S) &#8211; P\u00f6yt\u00e4levyn mitat: 75 x 40 cm &#8211; Peilin mitat: 40 x 53 cm (L x K) &#8211; Jakkaran mitat: 37 x 45 x 28 cm (L x K x S) &#8211; Pienen laatikon mitat: 12,5 x 5,5 x 5,5 cm (L x K x S) &#8211; Suuren laatikon mitat: 25 x 7 x 20 cm (L x K x S) &#8211; Materiaali: MDF-levy (luokka E1) + massiivipuu &#8211; V\u00e4ri: valkoinen Toimitus sis\u00e4lt\u00e4\u00e4: &#8211; 1 x meikkausp\u00f6yt\u00e4 &#8211; 1 x jakkara &#8211; 1 x kiinnityspussi (p\u00f6yd\u00e4n pienen laatikon sis\u00e4ll\u00e4) &#8211; 1 x ohjeet (DE, EN, FR, IT, ES)<\/p>\n","protected":false},"excerpt":{"rendered":"<p>SONGMICS meikkausp\u00f6yt\u00e4, peilip\u00f6yt\u00e4, kosmetiikkap\u00f6yt\u00e4 jakkaralla ja 4 laatikolla, k\u00e4\u00e4ntyv\u00e4 peili, kaatumissuoja, s\u00e4ilytystila, 75 x 138 x 40 cm, valkoinen RDT14W<\/p>\n","protected":false},"featured_media":45765,"comment_status":"open","ping_status":"closed","template":"","meta":[],"product_brand":[],"product_cat":[32],"product_tag":[],"class_list":{"0":"post-37926","1":"product","2":"type-product","3":"status-publish","4":"has-post-thumbnail","6":"product_cat-uncategorized-fi","8":"first","9":"instock","10":"shipping-taxable","11":"purchasable","12":"product-type-simple"},"_links":{"self":[{"href":"https:\/\/nordicmart.andreevmaster.com\/fi\/wp-json\/wp\/v2\/product\/37926","targetHints":{"allow":["GET"]}}],"collection":[{"href":"https:\/\/nordicmart.andreevmaster.com\/fi\/wp-json\/wp\/v2\/product"}],"about":[{"href":"https:\/\/nordicmart.andreevmaster.com\/fi\/wp-json\/wp\/v2\/types\/product"}],"replies":[{"embeddable":true,"href":"https:\/\/nordicmart.andreevmaster.com\/fi\/wp-json\/wp\/v2\/comments?post=37926"}],"wp:featuredmedia":[{"embeddable":true,"href":"https:\/\/nordicmart.andreevmaster.com\/fi\/wp-json\/wp\/v2\/media\/45765"}],"wp:attachment":[{"href":"https:\/\/nordicmart.andreevmaster.com\/fi\/wp-json\/wp\/v2\/media?parent=37926"}],"wp:term":[{"taxonomy":"product_brand","embeddable":true,"href":"https:\/\/nordicmart.andreevmaster.com\/fi\/wp-json\/wp\/v2\/product_brand?post=37926"},{"taxonomy":"product_cat","embeddable":true,"href":"https:\/\/nordicmart.andreevmaster.com\/fi\/wp-json\/wp\/v2\/product_cat?post=37926"},{"taxonomy":"product_tag","embeddable":true,"href":"https:\/\/nordicmart.andreevmaster.com\/fi\/wp-json\/wp\/v2\/product_tag?post=37926"}],"curies":[{"name":"wp","href":"https:\/\/api.w.org\/{rel}","templated":true}]}}