{"id":37925,"date":"2026-02-27T00:41:33","date_gmt":"2026-02-27T00:41:33","guid":{"rendered":"https:\/\/nordicmart.andreevmaster.com\/product\/vasagle-kailyn-kokoelma-meikkauspoyta-led-peililla-laatikolla-ja-avoimilla-hyllyilla\/"},"modified":"2026-02-27T09:57:39","modified_gmt":"2026-02-27T09:57:39","slug":"vasagle-kailyn-kokoelma-meikkauspoyta-led-peililla-laatikolla-ja-avoimilla-hyllyilla","status":"publish","type":"product","link":"https:\/\/nordicmart.andreevmaster.com\/fi\/tuote\/vasagle-kailyn-kokoelma-meikkauspoyta-led-peililla-laatikolla-ja-avoimilla-hyllyilla\/","title":{"rendered":"VASAGLE Kailyn-kokoelma \u2013 meikkausp\u00f6yt\u00e4 LED-peilill\u00e4, laatikolla ja avoimilla hyllyill\u00e4"},"content":{"rendered":"<p>VASAGLE Kailyn -kokoelma \u2013 meikkausp\u00f6yt\u00e4, peilip\u00f6yt\u00e4 LED-peilill\u00e4 ja pistorasialistalla, kosmetiikkap\u00f6yt\u00e4, laatikko ja avoimet hyllyt, kaappi 2 s\u00e4\u00e4dett\u00e4v\u00e4ll\u00e4 hyllyll\u00e4, valkoinen RDT138W01<br \/>\nV\u00e4ri: valkoinen<br \/>\nMateriaali: lastulevy<br \/>\nKoko: 40 x 80 x 132 cm (S x L x K)<br \/>\nPaino: 26,8 kg<\/p>\n","protected":false},"excerpt":{"rendered":"<p>VASAGLE Kailyn -kokoelma \u2013 meikkausp\u00f6yt\u00e4, peilip\u00f6yt\u00e4 LED-peilill\u00e4 ja pistorasialistalla, kosmetiikkap\u00f6yt\u00e4, laatikko ja avoimet hyllyt, kaappi 2 s\u00e4\u00e4dett\u00e4v\u00e4ll\u00e4 hyllyll\u00e4, valkoinen RDT138W01<\/p>\n","protected":false},"featured_media":45764,"comment_status":"open","ping_status":"closed","template":"","meta":[],"product_brand":[],"product_cat":[32],"product_tag":[],"class_list":{"0":"post-37925","1":"product","2":"type-product","3":"status-publish","4":"has-post-thumbnail","6":"product_cat-uncategorized-fi","8":"first","9":"instock","10":"shipping-taxable","11":"purchasable","12":"product-type-simple"},"_links":{"self":[{"href":"https:\/\/nordicmart.andreevmaster.com\/fi\/wp-json\/wp\/v2\/product\/37925","targetHints":{"allow":["GET"]}}],"collection":[{"href":"https:\/\/nordicmart.andreevmaster.com\/fi\/wp-json\/wp\/v2\/product"}],"about":[{"href":"https:\/\/nordicmart.andreevmaster.com\/fi\/wp-json\/wp\/v2\/types\/product"}],"replies":[{"embeddable":true,"href":"https:\/\/nordicmart.andreevmaster.com\/fi\/wp-json\/wp\/v2\/comments?post=37925"}],"wp:featuredmedia":[{"embeddable":true,"href":"https:\/\/nordicmart.andreevmaster.com\/fi\/wp-json\/wp\/v2\/media\/45764"}],"wp:attachment":[{"href":"https:\/\/nordicmart.andreevmaster.com\/fi\/wp-json\/wp\/v2\/media?parent=37925"}],"wp:term":[{"taxonomy":"product_brand","embeddable":true,"href":"https:\/\/nordicmart.andreevmaster.com\/fi\/wp-json\/wp\/v2\/product_brand?post=37925"},{"taxonomy":"product_cat","embeddable":true,"href":"https:\/\/nordicmart.andreevmaster.com\/fi\/wp-json\/wp\/v2\/product_cat?post=37925"},{"taxonomy":"product_tag","embeddable":true,"href":"https:\/\/nordicmart.andreevmaster.com\/fi\/wp-json\/wp\/v2\/product_tag?post=37925"}],"curies":[{"name":"wp","href":"https:\/\/api.w.org\/{rel}","templated":true}]}}