{"id":37922,"date":"2026-02-27T00:41:32","date_gmt":"2026-02-27T00:41:32","guid":{"rendered":"https:\/\/nordicmart.andreevmaster.com\/product\/vasagle-meikkauspoyta-led-valaistuksella-ja-peililla-pilvinen-valkoinen\/"},"modified":"2026-02-27T09:57:39","modified_gmt":"2026-02-27T09:57:39","slug":"vasagle-meikkauspoyta-led-valaistuksella-ja-peililla-pilvinen-valkoinen","status":"publish","type":"product","link":"https:\/\/nordicmart.andreevmaster.com\/fi\/tuote\/vasagle-meikkauspoyta-led-valaistuksella-ja-peililla-pilvinen-valkoinen\/","title":{"rendered":"VASAGLE meikkausp\u00f6yt\u00e4 LED-valaistuksella ja peilill\u00e4, pilvinen valkoinen"},"content":{"rendered":"<p>VASAGLE meikkausp\u00f6yt\u00e4 LED-valaistuksella, peilip\u00f6yt\u00e4, korukotelo, pistorasiat, 40 x 125 x 140 cm, kosmetiikkap\u00f6yt\u00e4 laatikoilla, moderni, pilvinen valkoinen RDT127W01<br \/>\nV\u00e4ri: pilvinen valkoinen<br \/>\nMateriaali: lastulevy, peili, sametti<br \/>\nKoko: 40 x 125 x 140 cm (S x L x K)<br \/>\nPaino: 46,5 kg<br \/>\nP\u00f6yt\u00e4levyn maks. staattinen kantavuus: 75 kg<br \/>\nJokaisen laatikon maks. staattinen kantavuus: 5 kg<\/p>\n","protected":false},"excerpt":{"rendered":"<p>VASAGLE meikkausp\u00f6yt\u00e4 LED-valaistuksella, peilip\u00f6yt\u00e4, korukotelo, pistorasiat, 40 x 125 x 140 cm, kosmetiikkap\u00f6yt\u00e4 laatikoilla, moderni, pilvinen valkoinen RDT127W01<\/p>\n","protected":false},"featured_media":0,"comment_status":"open","ping_status":"closed","template":"","meta":[],"product_brand":[],"product_cat":[32],"product_tag":[],"class_list":{"0":"post-37922","1":"product","2":"type-product","3":"status-publish","5":"product_cat-uncategorized-fi","7":"first","8":"instock","9":"shipping-taxable","10":"purchasable","11":"product-type-simple"},"_links":{"self":[{"href":"https:\/\/nordicmart.andreevmaster.com\/fi\/wp-json\/wp\/v2\/product\/37922","targetHints":{"allow":["GET"]}}],"collection":[{"href":"https:\/\/nordicmart.andreevmaster.com\/fi\/wp-json\/wp\/v2\/product"}],"about":[{"href":"https:\/\/nordicmart.andreevmaster.com\/fi\/wp-json\/wp\/v2\/types\/product"}],"replies":[{"embeddable":true,"href":"https:\/\/nordicmart.andreevmaster.com\/fi\/wp-json\/wp\/v2\/comments?post=37922"}],"wp:attachment":[{"href":"https:\/\/nordicmart.andreevmaster.com\/fi\/wp-json\/wp\/v2\/media?parent=37922"}],"wp:term":[{"taxonomy":"product_brand","embeddable":true,"href":"https:\/\/nordicmart.andreevmaster.com\/fi\/wp-json\/wp\/v2\/product_brand?post=37922"},{"taxonomy":"product_cat","embeddable":true,"href":"https:\/\/nordicmart.andreevmaster.com\/fi\/wp-json\/wp\/v2\/product_cat?post=37922"},{"taxonomy":"product_tag","embeddable":true,"href":"https:\/\/nordicmart.andreevmaster.com\/fi\/wp-json\/wp\/v2\/product_tag?post=37922"}],"curies":[{"name":"wp","href":"https:\/\/api.w.org\/{rel}","templated":true}]}}