{"id":37921,"date":"2026-02-27T00:41:32","date_gmt":"2026-02-27T00:41:32","guid":{"rendered":"https:\/\/nordicmart.andreevmaster.com\/product\/vasagle-meikkauspoyta-peililla-ja-laatikoilla-moderni\/"},"modified":"2026-02-27T09:57:39","modified_gmt":"2026-02-27T09:57:39","slug":"vasagle-meikkauspoyta-peililla-ja-laatikoilla-moderni","status":"publish","type":"product","link":"https:\/\/nordicmart.andreevmaster.com\/fi\/tuote\/vasagle-meikkauspoyta-peililla-ja-laatikoilla-moderni\/","title":{"rendered":"VASAGLE Meikkausp\u00f6yt\u00e4 peilill\u00e4 ja laatikoilla, moderni"},"content":{"rendered":"<p>VASAGLE meikkausp\u00f6yt\u00e4 9 LED-valolla, 3 s\u00e4\u00e4dett\u00e4v\u00e4\u00e4 valov\u00e4ri\u00e4, peilip\u00f6yt\u00e4, s\u00e4\u00e4dett\u00e4v\u00e4t hyllyt, 2 laatikkoa, kosmetiikkap\u00f6yt\u00e4, moderni<br \/>\nV\u00e4ri: pilvinen valkoinen<br \/>\nMateriaali: puulastulevy<br \/>\nKoko: 40 x 90 x 144,7 cm (S x L x K)<br \/>\nPaino: 32,3 kg<\/p>\n","protected":false},"excerpt":{"rendered":"<p>VASAGLE meikkausp\u00f6yt\u00e4 9 LED-valolla, 3 s\u00e4\u00e4dett\u00e4v\u00e4\u00e4 valov\u00e4ri\u00e4, peilip\u00f6yt\u00e4, s\u00e4\u00e4dett\u00e4v\u00e4t hyllyt, 2 laatikkoa, kosmetiikkap\u00f6yt\u00e4, moderni<\/p>\n","protected":false},"featured_media":45761,"comment_status":"open","ping_status":"closed","template":"","meta":[],"product_brand":[],"product_cat":[32],"product_tag":[],"class_list":{"0":"post-37921","1":"product","2":"type-product","3":"status-publish","4":"has-post-thumbnail","6":"product_cat-uncategorized-fi","8":"first","9":"instock","10":"shipping-taxable","11":"purchasable","12":"product-type-simple"},"_links":{"self":[{"href":"https:\/\/nordicmart.andreevmaster.com\/fi\/wp-json\/wp\/v2\/product\/37921","targetHints":{"allow":["GET"]}}],"collection":[{"href":"https:\/\/nordicmart.andreevmaster.com\/fi\/wp-json\/wp\/v2\/product"}],"about":[{"href":"https:\/\/nordicmart.andreevmaster.com\/fi\/wp-json\/wp\/v2\/types\/product"}],"replies":[{"embeddable":true,"href":"https:\/\/nordicmart.andreevmaster.com\/fi\/wp-json\/wp\/v2\/comments?post=37921"}],"wp:featuredmedia":[{"embeddable":true,"href":"https:\/\/nordicmart.andreevmaster.com\/fi\/wp-json\/wp\/v2\/media\/45761"}],"wp:attachment":[{"href":"https:\/\/nordicmart.andreevmaster.com\/fi\/wp-json\/wp\/v2\/media?parent=37921"}],"wp:term":[{"taxonomy":"product_brand","embeddable":true,"href":"https:\/\/nordicmart.andreevmaster.com\/fi\/wp-json\/wp\/v2\/product_brand?post=37921"},{"taxonomy":"product_cat","embeddable":true,"href":"https:\/\/nordicmart.andreevmaster.com\/fi\/wp-json\/wp\/v2\/product_cat?post=37921"},{"taxonomy":"product_tag","embeddable":true,"href":"https:\/\/nordicmart.andreevmaster.com\/fi\/wp-json\/wp\/v2\/product_tag?post=37921"}],"curies":[{"name":"wp","href":"https:\/\/api.w.org\/{rel}","templated":true}]}}