{"id":37919,"date":"2026-02-27T00:41:31","date_gmt":"2026-02-27T00:41:31","guid":{"rendered":"https:\/\/nordicmart.andreevmaster.com\/product\/vasagle-meikkauspoyta-led-valaistuksella-moderni-pilvinen-valkoinen\/"},"modified":"2026-02-27T09:57:38","modified_gmt":"2026-02-27T09:57:38","slug":"vasagle-meikkauspoyta-led-valaistuksella-moderni-pilvinen-valkoinen","status":"publish","type":"product","link":"https:\/\/nordicmart.andreevmaster.com\/fi\/tuote\/vasagle-meikkauspoyta-led-valaistuksella-moderni-pilvinen-valkoinen\/","title":{"rendered":"VASAGLE meikkausp\u00f6yt\u00e4 LED-valaistuksella, moderni pilvinen valkoinen"},"content":{"rendered":"<p>VASAGLE meikkausp\u00f6yt\u00e4 LED-valaistuksella, s\u00e4\u00e4dett\u00e4v\u00e4 kirkkaus, peilip\u00f6yt\u00e4, kosmetiikkap\u00f6yt\u00e4 laatikoilla, avoimilla lokeroilla, s\u00e4\u00e4dett\u00e4vill\u00e4 hyllyill\u00e4, moderni<br \/>\nMitat: 40 x 97,5 x 145 cm (S x L x K)<br \/>\nTuotteen paino: 33,5 kg<\/p>\n","protected":false},"excerpt":{"rendered":"<p>VASAGLE meikkausp\u00f6yt\u00e4 LED-valaistuksella, s\u00e4\u00e4dett\u00e4v\u00e4 kirkkaus, peilip\u00f6yt\u00e4, kosmetiikkap\u00f6yt\u00e4 laatikoilla, avoimilla lokeroilla, s\u00e4\u00e4dett\u00e4vill\u00e4 hyllyill\u00e4, moderni<\/p>\n","protected":false},"featured_media":45760,"comment_status":"open","ping_status":"closed","template":"","meta":[],"product_brand":[],"product_cat":[32],"product_tag":[],"class_list":{"0":"post-37919","1":"product","2":"type-product","3":"status-publish","4":"has-post-thumbnail","6":"product_cat-uncategorized-fi","8":"first","9":"instock","10":"shipping-taxable","11":"purchasable","12":"product-type-simple"},"_links":{"self":[{"href":"https:\/\/nordicmart.andreevmaster.com\/fi\/wp-json\/wp\/v2\/product\/37919","targetHints":{"allow":["GET"]}}],"collection":[{"href":"https:\/\/nordicmart.andreevmaster.com\/fi\/wp-json\/wp\/v2\/product"}],"about":[{"href":"https:\/\/nordicmart.andreevmaster.com\/fi\/wp-json\/wp\/v2\/types\/product"}],"replies":[{"embeddable":true,"href":"https:\/\/nordicmart.andreevmaster.com\/fi\/wp-json\/wp\/v2\/comments?post=37919"}],"wp:featuredmedia":[{"embeddable":true,"href":"https:\/\/nordicmart.andreevmaster.com\/fi\/wp-json\/wp\/v2\/media\/45760"}],"wp:attachment":[{"href":"https:\/\/nordicmart.andreevmaster.com\/fi\/wp-json\/wp\/v2\/media?parent=37919"}],"wp:term":[{"taxonomy":"product_brand","embeddable":true,"href":"https:\/\/nordicmart.andreevmaster.com\/fi\/wp-json\/wp\/v2\/product_brand?post=37919"},{"taxonomy":"product_cat","embeddable":true,"href":"https:\/\/nordicmart.andreevmaster.com\/fi\/wp-json\/wp\/v2\/product_cat?post=37919"},{"taxonomy":"product_tag","embeddable":true,"href":"https:\/\/nordicmart.andreevmaster.com\/fi\/wp-json\/wp\/v2\/product_tag?post=37919"}],"curies":[{"name":"wp","href":"https:\/\/api.w.org\/{rel}","templated":true}]}}