{"id":37916,"date":"2026-02-27T00:41:30","date_gmt":"2026-02-27T00:41:30","guid":{"rendered":"https:\/\/nordicmart.andreevmaster.com\/product\/vasagle-kulmapeilipoyta-peililla\/"},"modified":"2026-02-27T09:57:38","modified_gmt":"2026-02-27T09:57:38","slug":"vasagle-kulmapeilipoyta-peililla","status":"publish","type":"product","link":"https:\/\/nordicmart.andreevmaster.com\/fi\/tuote\/vasagle-kulmapeilipoyta-peililla\/","title":{"rendered":"VASAGLE kulmapeilip\u00f6yt\u00e4 peilill\u00e4"},"content":{"rendered":"<p>Tuotetiedot: &#8211; V\u00e4ri: valkoinen &#8211; Materiaali: lastulevy, melamiinipinnoite &#8211; Koko: 110 x 54 x 140 cm (P x L x K) &#8211; Paino: 37,5 kg &#8211; Pinnan maks. staattinen kantavuus: 27 kg Toimitus sis\u00e4lt\u00e4\u00e4:- 1 x meikkausp\u00f6yt\u00e4 &#8211; 1 x lis\u00e4varustepaketti &#8211; 2 x kaatumissuoja &#8211; 1 x ohjeet VASAGLE Huomautukset: &#8211; Turvallisuussyist\u00e4 lapset eiv\u00e4t saa kiivet\u00e4 tuotteen p\u00e4\u00e4lle tai leikki\u00e4 sill\u00e4. &#8211; Kiinnit\u00e4 tuote sein\u00e4\u00e4n kaatumissuojalla turvallisen k\u00e4yt\u00f6n varmistamiseksi.- Kuljetuksen helpottamiseksi tuote toimitetaan 2 paketissa. Ole k\u00e4rsiv\u00e4llinen, jos saat aluksi vain yhden paketin. Toinen paketti toimitetaan pian.<\/p>\n","protected":false},"excerpt":{"rendered":"<p>VASAGLE meikkausp\u00f6yt\u00e4, kulmameikkausp\u00f6yt\u00e4, peilip\u00f6yt\u00e4, kosmetiikkap\u00f6yt\u00e4, 3-osainen taitettava peili, 2 laatikkoa, 3 avointa lokeroa, 110 x 54 x 140 cm, moderni, valkoinen RDT121T10<\/p>\n","protected":false},"featured_media":45757,"comment_status":"open","ping_status":"closed","template":"","meta":[],"product_brand":[],"product_cat":[32],"product_tag":[],"class_list":{"0":"post-37916","1":"product","2":"type-product","3":"status-publish","4":"has-post-thumbnail","6":"product_cat-uncategorized-fi","8":"first","9":"instock","10":"shipping-taxable","11":"purchasable","12":"product-type-simple"},"_links":{"self":[{"href":"https:\/\/nordicmart.andreevmaster.com\/fi\/wp-json\/wp\/v2\/product\/37916","targetHints":{"allow":["GET"]}}],"collection":[{"href":"https:\/\/nordicmart.andreevmaster.com\/fi\/wp-json\/wp\/v2\/product"}],"about":[{"href":"https:\/\/nordicmart.andreevmaster.com\/fi\/wp-json\/wp\/v2\/types\/product"}],"replies":[{"embeddable":true,"href":"https:\/\/nordicmart.andreevmaster.com\/fi\/wp-json\/wp\/v2\/comments?post=37916"}],"wp:featuredmedia":[{"embeddable":true,"href":"https:\/\/nordicmart.andreevmaster.com\/fi\/wp-json\/wp\/v2\/media\/45757"}],"wp:attachment":[{"href":"https:\/\/nordicmart.andreevmaster.com\/fi\/wp-json\/wp\/v2\/media?parent=37916"}],"wp:term":[{"taxonomy":"product_brand","embeddable":true,"href":"https:\/\/nordicmart.andreevmaster.com\/fi\/wp-json\/wp\/v2\/product_brand?post=37916"},{"taxonomy":"product_cat","embeddable":true,"href":"https:\/\/nordicmart.andreevmaster.com\/fi\/wp-json\/wp\/v2\/product_cat?post=37916"},{"taxonomy":"product_tag","embeddable":true,"href":"https:\/\/nordicmart.andreevmaster.com\/fi\/wp-json\/wp\/v2\/product_tag?post=37916"}],"curies":[{"name":"wp","href":"https:\/\/api.w.org\/{rel}","templated":true}]}}