{"id":37914,"date":"2026-02-27T00:41:30","date_gmt":"2026-02-27T00:41:30","guid":{"rendered":"https:\/\/nordicmart.andreevmaster.com\/product\/songmics-meikkauspoyta-maalaistyyli-valkoinen\/"},"modified":"2026-02-27T09:57:37","modified_gmt":"2026-02-27T09:57:37","slug":"songmics-meikkauspoyta-maalaistyyli-valkoinen","status":"publish","type":"product","link":"https:\/\/nordicmart.andreevmaster.com\/fi\/tuote\/songmics-meikkauspoyta-maalaistyyli-valkoinen\/","title":{"rendered":"SONGMICS meikkausp\u00f6yt\u00e4 maalaistyyli valkoinen"},"content":{"rendered":"<p>Jos seisot aamuisin hygieniatuotteiden, meikkien, meikkisiveltimien ja muiden tarvikkeiden edess\u00e4, on aika siivota!T\u00e4m\u00e4n valaistun peilip\u00f6yd\u00e4n avulla voit paitsi j\u00e4rjest\u00e4\u00e4 kaikki t\u00e4rke\u00e4t tarvikkeet, my\u00f6s saada oman kauneusalueen, joka n\u00e4ytt\u00e4\u00e4 kuin se olisi per\u00e4isin Hollywood-elokuvasta.T\u00e4ydellinen valaistus t\u00e4ydelliseen meikkiin Lamput eiv\u00e4t vain kaunista py\u00f6re\u00e4\u00e4 peili\u00e4. Ne my\u00f6s tarjoavat riitt\u00e4v\u00e4n valaistuksen, kun haluat meikata tai tarkastella kasvojesi yksityiskohtia. N\u00e4in sinun ei tarvitse ostaa ylim\u00e4\u00e4r\u00e4ist\u00e4 kosmetiikkapeili\u00e4 tai lamppua. Helppo asennus Emme tietenk\u00e4\u00e4n halua, ett\u00e4 tuotteemme aiheuttavat sinulle harmia.Siksi haluamme tehd\u00e4 asennuksesta mahdollisimman helppoa. Asenna vain tukijalat, peili ja lamput \u2013 valmista! Tuotetiedot: &#8211; V\u00e4ri: valkoinen &#8211; Materiaali: MDF (keskitihe\u00e4 kuitulevy), m\u00e4ntypuuta (p\u00f6yd\u00e4n jalat), kumipuuta (jakkaran jalat) &#8211; P\u00f6yd\u00e4n koko: 80 x 40 x 130,5 cm (P x L x K) &#8211; Jakkaran koko: 32,5 x 32,5 x 45,5 cm (P x L x K) &#8211; Paino: 20,1 kg Toimitus sis\u00e4lt\u00e4\u00e4:- 1 x meikkausp\u00f6yt\u00e4 &#8211; 1 x peili &#8211; 1 x jakkara &#8211; 11 x hehkulamppu &#8211; 1 x s\u00e4ili\u00f6 ruuveilla &#8211; 1 x ohjeet <\/p>\n","protected":false},"excerpt":{"rendered":"<p>SONGMICS moderni meikkausp\u00f6yt\u00e4, kosmetiikkap\u00f6yt\u00e4, 2 isoa laatikkoa kiskoilla, ovaali peili, pest\u00e4v\u00e4 jakkaran p\u00e4\u00e4llinen, valkoinen ja luonnonv\u00e4ri RDT11K, puu<\/p>\n","protected":false},"featured_media":45755,"comment_status":"open","ping_status":"closed","template":"","meta":[],"product_brand":[],"product_cat":[32],"product_tag":[],"class_list":{"0":"post-37914","1":"product","2":"type-product","3":"status-publish","4":"has-post-thumbnail","6":"product_cat-uncategorized-fi","8":"first","9":"instock","10":"shipping-taxable","11":"purchasable","12":"product-type-simple"},"_links":{"self":[{"href":"https:\/\/nordicmart.andreevmaster.com\/fi\/wp-json\/wp\/v2\/product\/37914","targetHints":{"allow":["GET"]}}],"collection":[{"href":"https:\/\/nordicmart.andreevmaster.com\/fi\/wp-json\/wp\/v2\/product"}],"about":[{"href":"https:\/\/nordicmart.andreevmaster.com\/fi\/wp-json\/wp\/v2\/types\/product"}],"replies":[{"embeddable":true,"href":"https:\/\/nordicmart.andreevmaster.com\/fi\/wp-json\/wp\/v2\/comments?post=37914"}],"wp:featuredmedia":[{"embeddable":true,"href":"https:\/\/nordicmart.andreevmaster.com\/fi\/wp-json\/wp\/v2\/media\/45755"}],"wp:attachment":[{"href":"https:\/\/nordicmart.andreevmaster.com\/fi\/wp-json\/wp\/v2\/media?parent=37914"}],"wp:term":[{"taxonomy":"product_brand","embeddable":true,"href":"https:\/\/nordicmart.andreevmaster.com\/fi\/wp-json\/wp\/v2\/product_brand?post=37914"},{"taxonomy":"product_cat","embeddable":true,"href":"https:\/\/nordicmart.andreevmaster.com\/fi\/wp-json\/wp\/v2\/product_cat?post=37914"},{"taxonomy":"product_tag","embeddable":true,"href":"https:\/\/nordicmart.andreevmaster.com\/fi\/wp-json\/wp\/v2\/product_tag?post=37914"}],"curies":[{"name":"wp","href":"https:\/\/api.w.org\/{rel}","templated":true}]}}