{"id":37912,"date":"2026-02-27T00:41:29","date_gmt":"2026-02-27T00:41:29","guid":{"rendered":"https:\/\/nordicmart.andreevmaster.com\/product\/songmics-yksinkertainen-meikkauspoyta-valkoinen-luonnonvari\/"},"modified":"2026-02-27T09:57:37","modified_gmt":"2026-02-27T09:57:37","slug":"songmics-yksinkertainen-meikkauspoyta-valkoinen-luonnonvari","status":"publish","type":"product","link":"https:\/\/nordicmart.andreevmaster.com\/fi\/tuote\/songmics-yksinkertainen-meikkauspoyta-valkoinen-luonnonvari\/","title":{"rendered":"SONGMICS yksinkertainen meikkausp\u00f6yt\u00e4, valkoinen-luonnonv\u00e4ri"},"content":{"rendered":"<p>Kumipuusta valmistetut p\u00f6yd\u00e4njalat ja jakkaranjalat ovat erityisen kest\u00e4vi\u00e4 ja vakaita.Palonkest\u00e4v\u00e4st\u00e4 vaahtomuovista valmistettu verhoilu on l\u00e4p\u00e4issyt T\u00dcV Rheinlandin palotestin, testiraportin numero: 0154237535a 001. Suuret laatikot tarjoavat tilaa meikkien, tarvikkeiden ja muiden pikkuesineiden siistille s\u00e4ilytykselle. Laatikoissa on liukukiskot, jotka helpottavat laatikoiden avaamista.Pest\u00e4v\u00e4 jakkaran p\u00e4\u00e4llinen on irrotettavissa ja vaihdettavissa. Luonnonpuun ja valkoisen v\u00e4riyhdistelm\u00e4 sopii moderniin el\u00e4m\u00e4ntyyliin. P\u00f6yd\u00e4n ja jakkaran jaloissa on kierteiset insertit, jotka helpottavat kokoamista ja purkamista. P\u00f6yd\u00e4n reunat hiotaan useassa vaiheessa, jotta py\u00f6ristetyt reunat suojaavat loukkaantumisilta. Tuotetiedot:- V\u00e4ri: valkoinen + luonnonv\u00e4ri &#8211; Materiaali: MDF-levy, kumipuu &#8211; Mitat: 80 x 128 x 40 cm (meikkausp\u00f6yt\u00e4, L x K x S), 32,5 x 45,5 x 32,5 cm (jakkara, L x K x S) &#8211; Paino: 20,1 kg Toimitus sis\u00e4lt\u00e4\u00e4:- 1 x meikkausp\u00f6yt\u00e4 &#8211; 1 x peili &#8211; 1 x jakkara &#8211; 1 x ohjeet (DE, EN, IT, FR, ES)<\/p>\n","protected":false},"excerpt":{"rendered":"<p>SONGMICS moderni meikkausp\u00f6yt\u00e4, kosmetiikkap\u00f6yt\u00e4, 2 isoa laatikkoa kiskoilla, ovaali peili, pest\u00e4v\u00e4 jakkaran p\u00e4\u00e4llinen, valkoinen ja luonnonv\u00e4ri RDT11K, puu<\/p>\n","protected":false},"featured_media":45753,"comment_status":"open","ping_status":"closed","template":"","meta":[],"product_brand":[],"product_cat":[32],"product_tag":[],"class_list":{"0":"post-37912","1":"product","2":"type-product","3":"status-publish","4":"has-post-thumbnail","6":"product_cat-uncategorized-fi","8":"first","9":"instock","10":"shipping-taxable","11":"purchasable","12":"product-type-simple"},"_links":{"self":[{"href":"https:\/\/nordicmart.andreevmaster.com\/fi\/wp-json\/wp\/v2\/product\/37912","targetHints":{"allow":["GET"]}}],"collection":[{"href":"https:\/\/nordicmart.andreevmaster.com\/fi\/wp-json\/wp\/v2\/product"}],"about":[{"href":"https:\/\/nordicmart.andreevmaster.com\/fi\/wp-json\/wp\/v2\/types\/product"}],"replies":[{"embeddable":true,"href":"https:\/\/nordicmart.andreevmaster.com\/fi\/wp-json\/wp\/v2\/comments?post=37912"}],"wp:featuredmedia":[{"embeddable":true,"href":"https:\/\/nordicmart.andreevmaster.com\/fi\/wp-json\/wp\/v2\/media\/45753"}],"wp:attachment":[{"href":"https:\/\/nordicmart.andreevmaster.com\/fi\/wp-json\/wp\/v2\/media?parent=37912"}],"wp:term":[{"taxonomy":"product_brand","embeddable":true,"href":"https:\/\/nordicmart.andreevmaster.com\/fi\/wp-json\/wp\/v2\/product_brand?post=37912"},{"taxonomy":"product_cat","embeddable":true,"href":"https:\/\/nordicmart.andreevmaster.com\/fi\/wp-json\/wp\/v2\/product_cat?post=37912"},{"taxonomy":"product_tag","embeddable":true,"href":"https:\/\/nordicmart.andreevmaster.com\/fi\/wp-json\/wp\/v2\/product_tag?post=37912"}],"curies":[{"name":"wp","href":"https:\/\/api.w.org\/{rel}","templated":true}]}}