{"id":37910,"date":"2026-02-27T00:41:28","date_gmt":"2026-02-27T00:41:28","guid":{"rendered":"https:\/\/nordicmart.andreevmaster.com\/product\/songmics-yksinkertainen-meikkauspoyta-musta\/"},"modified":"2026-02-27T09:57:36","modified_gmt":"2026-02-27T09:57:36","slug":"songmics-yksinkertainen-meikkauspoyta-musta","status":"publish","type":"product","link":"https:\/\/nordicmart.andreevmaster.com\/fi\/tuote\/songmics-yksinkertainen-meikkauspoyta-musta\/","title":{"rendered":"SONGMICS yksinkertainen meikkausp\u00f6yt\u00e4, musta"},"content":{"rendered":"<p>Tuotetiedot: V\u00e4ri: musta Materiaali: MDF-levy, m\u00e4nty, kumipuu Mitat: 80 x 128 x 40 cm (meikkausp\u00f6yt\u00e4) 32,5 x 45,5 x 32,5 cm (jakkara) Paino: 20,1 kg Toimitus sis\u00e4lt\u00e4\u00e4: 1 x meikkausp\u00f6yt\u00e4 1 x peili 1 x jakkara 1 x ohjeet (DE, EN, IT, FR, ES)<\/p>\n","protected":false},"excerpt":{"rendered":"<p>SONGMICS moderni meikkausp\u00f6yt\u00e4, kosmetiikkap\u00f6yt\u00e4, 2 isoa laatikkoa kiskoilla, ovaali peili, pest\u00e4v\u00e4 jakkaran p\u00e4\u00e4llinen, valkoinen ja luonnonv\u00e4ri RDT11K, puu<\/p>\n","protected":false},"featured_media":45751,"comment_status":"open","ping_status":"closed","template":"","meta":[],"product_brand":[],"product_cat":[32],"product_tag":[],"class_list":{"0":"post-37910","1":"product","2":"type-product","3":"status-publish","4":"has-post-thumbnail","6":"product_cat-uncategorized-fi","8":"first","9":"instock","10":"shipping-taxable","11":"purchasable","12":"product-type-simple"},"_links":{"self":[{"href":"https:\/\/nordicmart.andreevmaster.com\/fi\/wp-json\/wp\/v2\/product\/37910","targetHints":{"allow":["GET"]}}],"collection":[{"href":"https:\/\/nordicmart.andreevmaster.com\/fi\/wp-json\/wp\/v2\/product"}],"about":[{"href":"https:\/\/nordicmart.andreevmaster.com\/fi\/wp-json\/wp\/v2\/types\/product"}],"replies":[{"embeddable":true,"href":"https:\/\/nordicmart.andreevmaster.com\/fi\/wp-json\/wp\/v2\/comments?post=37910"}],"wp:featuredmedia":[{"embeddable":true,"href":"https:\/\/nordicmart.andreevmaster.com\/fi\/wp-json\/wp\/v2\/media\/45751"}],"wp:attachment":[{"href":"https:\/\/nordicmart.andreevmaster.com\/fi\/wp-json\/wp\/v2\/media?parent=37910"}],"wp:term":[{"taxonomy":"product_brand","embeddable":true,"href":"https:\/\/nordicmart.andreevmaster.com\/fi\/wp-json\/wp\/v2\/product_brand?post=37910"},{"taxonomy":"product_cat","embeddable":true,"href":"https:\/\/nordicmart.andreevmaster.com\/fi\/wp-json\/wp\/v2\/product_cat?post=37910"},{"taxonomy":"product_tag","embeddable":true,"href":"https:\/\/nordicmart.andreevmaster.com\/fi\/wp-json\/wp\/v2\/product_tag?post=37910"}],"curies":[{"name":"wp","href":"https:\/\/api.w.org\/{rel}","templated":true}]}}