{"id":37909,"date":"2026-02-27T00:41:28","date_gmt":"2026-02-27T00:41:28","guid":{"rendered":"https:\/\/nordicmart.andreevmaster.com\/product\/vasagle-meikkauspoyta-hyllyilla-ja-laatikolla-valkoinen\/"},"modified":"2026-02-27T09:57:36","modified_gmt":"2026-02-27T09:57:36","slug":"vasagle-meikkauspoyta-hyllyilla-ja-laatikolla-valkoinen","status":"publish","type":"product","link":"https:\/\/nordicmart.andreevmaster.com\/fi\/tuote\/vasagle-meikkauspoyta-hyllyilla-ja-laatikolla-valkoinen\/","title":{"rendered":"VASAGLE meikkausp\u00f6yt\u00e4 hyllyill\u00e4 ja laatikolla, valkoinen"},"content":{"rendered":"<p>Ihanteellinen lahja Jos etsit viel\u00e4 lahjaa rakkaallesi, t\u00e4m\u00e4 meikkip\u00f6yt\u00e4 on oikea valinta. Valkoinen s\u00e4vy, yksinkertainen p\u00f6yt\u00e4pinta ja harkittu muotoilu saavat varmasti yst\u00e4viesi tai perheesi hymyilem\u00e4\u00e4n. Salainen kosmetiikkapuutarha Viimeistele meikkisi ja helpota aamurutiinejasi t\u00e4ll\u00e4 meikkip\u00f6yd\u00e4ll\u00e4. Laatikko tarjoaa runsaasti tilaa luomiv\u00e4reille, poskipunille ja muille tarvikkeille. Oikealla puolella oleva lokero sopii tonereille, seerumeille ja voiteille. Suunnittele kosmetiikkaosastosi t\u00e4ysin omien mieltymystesi mukaan ja l\u00e4hde kotoa tyylikk\u00e4\u00e4sti! Tuotetiedot:- V\u00e4ri: valkoinen &#8211; Materiaali: lastulevy &#8211; Koko: 80 x 40 x 132 cm (P x L x K) &#8211; Paino: 27,8 kg Toimitus sis\u00e4lt\u00e4\u00e4: &#8211; 1 x meikkausp\u00f6yt\u00e4 &#8211; 1 x lis\u00e4varustepaketti &#8211; 1 x ohjeet VASAGLE-huomautukset: &#8211; T\u00e4m\u00e4 tuote on tarkoitettu k\u00e4ytett\u00e4v\u00e4ksi vain sis\u00e4tiloissa.<\/p>\n","protected":false},"excerpt":{"rendered":"<p>VASAGLE meikkausp\u00f6yt\u00e4, meikkauskomero, peilip\u00f6yt\u00e4, peili, s\u00e4ilytyslokero, 1 laatikko, 2 hylly\u00e4, valkoinen RDT119W01<\/p>\n","protected":false},"featured_media":45750,"comment_status":"open","ping_status":"closed","template":"","meta":[],"product_brand":[],"product_cat":[32],"product_tag":[],"class_list":{"0":"post-37909","1":"product","2":"type-product","3":"status-publish","4":"has-post-thumbnail","6":"product_cat-uncategorized-fi","8":"first","9":"instock","10":"shipping-taxable","11":"purchasable","12":"product-type-simple"},"_links":{"self":[{"href":"https:\/\/nordicmart.andreevmaster.com\/fi\/wp-json\/wp\/v2\/product\/37909","targetHints":{"allow":["GET"]}}],"collection":[{"href":"https:\/\/nordicmart.andreevmaster.com\/fi\/wp-json\/wp\/v2\/product"}],"about":[{"href":"https:\/\/nordicmart.andreevmaster.com\/fi\/wp-json\/wp\/v2\/types\/product"}],"replies":[{"embeddable":true,"href":"https:\/\/nordicmart.andreevmaster.com\/fi\/wp-json\/wp\/v2\/comments?post=37909"}],"wp:featuredmedia":[{"embeddable":true,"href":"https:\/\/nordicmart.andreevmaster.com\/fi\/wp-json\/wp\/v2\/media\/45750"}],"wp:attachment":[{"href":"https:\/\/nordicmart.andreevmaster.com\/fi\/wp-json\/wp\/v2\/media?parent=37909"}],"wp:term":[{"taxonomy":"product_brand","embeddable":true,"href":"https:\/\/nordicmart.andreevmaster.com\/fi\/wp-json\/wp\/v2\/product_brand?post=37909"},{"taxonomy":"product_cat","embeddable":true,"href":"https:\/\/nordicmart.andreevmaster.com\/fi\/wp-json\/wp\/v2\/product_cat?post=37909"},{"taxonomy":"product_tag","embeddable":true,"href":"https:\/\/nordicmart.andreevmaster.com\/fi\/wp-json\/wp\/v2\/product_tag?post=37909"}],"curies":[{"name":"wp","href":"https:\/\/api.w.org\/{rel}","templated":true}]}}