{"id":37906,"date":"2026-02-27T00:41:27","date_gmt":"2026-02-27T00:41:27","guid":{"rendered":"https:\/\/nordicmart.andreevmaster.com\/product\/vasagle-peilipoyta-peililla-ja-lampuilla\/"},"modified":"2026-02-27T09:57:35","modified_gmt":"2026-02-27T09:57:35","slug":"vasagle-peilipoyta-peililla-ja-lampuilla","status":"publish","type":"product","link":"https:\/\/nordicmart.andreevmaster.com\/fi\/tuote\/vasagle-peilipoyta-peililla-ja-lampuilla\/","title":{"rendered":"VASAGLE peilip\u00f6yt\u00e4 peilill\u00e4 ja lampuilla"},"content":{"rendered":"<p>Jos t\u00e4m\u00e4 on nykyinen tilanteesi: her\u00e4\u00e4t aamulla ja juokset kiireess\u00e4 huoneesta toiseen, koska kasvovoiteesi on olohuoneen p\u00f6yd\u00e4ll\u00e4, meikkivoide y\u00f6p\u00f6yd\u00e4ll\u00e4, luomiv\u00e4ri kylpyhuoneessa ja hiusharja jossain muualla! Ehk\u00e4 se on pudonnut s\u00e4ngyn taakse&#8230;Sitten voit iloita t\u00e4st\u00e4 skenaariosta: her\u00e4\u00e4t aamulla ja istut mukavasti t\u00e4m\u00e4n peilip\u00f6yd\u00e4n \u00e4\u00e4reen, sytyt\u00e4t lamput ja s\u00e4\u00e4d\u00e4t kirkkauden valaisemaan kasvosi. Voiteet, meikkivoiteet, luomiv\u00e4rit, siveltimet ja muut kauneudenhoitotuotteet ovat k\u00e4den ulottuvilla kahdessa suuressa laatikossa, kolmessa avoimessa lokerossa, korotetulla hyllyll\u00e4 ja suurella p\u00f6yt\u00e4levyll\u00e4&#8230; N\u00e4in p\u00e4ivitt\u00e4inen meikkaus on helppoa ja voit nukkua 10 minuuttia pidemp\u00e4\u00e4n. Tuotetiedot: &#8211; V\u00e4ri: valkoinen &#8211; Materiaali: melamiinipinnoitettu lastulevy &#8211; Koko: 80 x 40 x 145 cm (P x L x K) &#8211; Paino: 24,5 kg Toimitus sis\u00e4lt\u00e4\u00e4: &#8211; 1 x meikkausp\u00f6yt\u00e4 &#8211; 9 x hehkulamppu (+ 1 x varalamppu) &#8211; 1 x lis\u00e4varustepaketti &#8211; 1 x kaatumissuoja &#8211; 1 x ohjeet (DE, EN, FR, ES, IT) VASAGLE Huomautukset:- Turvallisuussyist\u00e4 lapset eiv\u00e4t saa kiivet\u00e4 tuotteelle tai leikki\u00e4 sill\u00e4. &#8211; Asenna tuote tarkasti ohjeiden mukaisesti. &#8211; Pid\u00e4 tuote poissa vedest\u00e4. &#8211; Kiinnit\u00e4 tuote sein\u00e4\u00e4n mukana toimitetulla kaatumissuojalla. &#8211; Nosta tuote, jos haluat siirt\u00e4\u00e4 sen toiseen paikkaan. \u00c4l\u00e4 raahaa sit\u00e4 lattialla.<\/p>\n","protected":false},"excerpt":{"rendered":"<p>VASAGLE meikkausp\u00f6yt\u00e4, peilip\u00f6yt\u00e4 ja lamput, kosmetiikkap\u00f6yt\u00e4, 2 laatikkoa ja 3 avointa lokeroa, peilip\u00f6yt\u00e4, meikille, moderni, valkoinen RDT114W01<\/p>\n","protected":false},"featured_media":45747,"comment_status":"open","ping_status":"closed","template":"","meta":[],"product_brand":[],"product_cat":[32],"product_tag":[],"class_list":{"0":"post-37906","1":"product","2":"type-product","3":"status-publish","4":"has-post-thumbnail","6":"product_cat-uncategorized-fi","8":"first","9":"instock","10":"shipping-taxable","11":"purchasable","12":"product-type-simple"},"_links":{"self":[{"href":"https:\/\/nordicmart.andreevmaster.com\/fi\/wp-json\/wp\/v2\/product\/37906","targetHints":{"allow":["GET"]}}],"collection":[{"href":"https:\/\/nordicmart.andreevmaster.com\/fi\/wp-json\/wp\/v2\/product"}],"about":[{"href":"https:\/\/nordicmart.andreevmaster.com\/fi\/wp-json\/wp\/v2\/types\/product"}],"replies":[{"embeddable":true,"href":"https:\/\/nordicmart.andreevmaster.com\/fi\/wp-json\/wp\/v2\/comments?post=37906"}],"wp:featuredmedia":[{"embeddable":true,"href":"https:\/\/nordicmart.andreevmaster.com\/fi\/wp-json\/wp\/v2\/media\/45747"}],"wp:attachment":[{"href":"https:\/\/nordicmart.andreevmaster.com\/fi\/wp-json\/wp\/v2\/media?parent=37906"}],"wp:term":[{"taxonomy":"product_brand","embeddable":true,"href":"https:\/\/nordicmart.andreevmaster.com\/fi\/wp-json\/wp\/v2\/product_brand?post=37906"},{"taxonomy":"product_cat","embeddable":true,"href":"https:\/\/nordicmart.andreevmaster.com\/fi\/wp-json\/wp\/v2\/product_cat?post=37906"},{"taxonomy":"product_tag","embeddable":true,"href":"https:\/\/nordicmart.andreevmaster.com\/fi\/wp-json\/wp\/v2\/product_tag?post=37906"}],"curies":[{"name":"wp","href":"https:\/\/api.w.org\/{rel}","templated":true}]}}