{"id":37904,"date":"2026-02-27T00:41:27","date_gmt":"2026-02-27T00:41:27","guid":{"rendered":"https:\/\/nordicmart.andreevmaster.com\/product\/vasagle-meikkauspoyta-suorakulmaisella-peililla\/"},"modified":"2026-02-27T09:57:35","modified_gmt":"2026-02-27T09:57:35","slug":"vasagle-meikkauspoyta-suorakulmaisella-peililla","status":"publish","type":"product","link":"https:\/\/nordicmart.andreevmaster.com\/fi\/tuote\/vasagle-meikkauspoyta-suorakulmaisella-peililla\/","title":{"rendered":"VASAGLE meikkausp\u00f6yt\u00e4 suorakulmaisella peilill\u00e4"},"content":{"rendered":"<p>Tuotetiedot: V\u00e4ri: valkoinen Materiaali: melamiinipinnoitettu lastulevy Koko: 80 x 40 x 140 cm (P x L x K) Paino: 23,5 kg Toimitus sis\u00e4lt\u00e4\u00e4: 1 x meikkausp\u00f6yt\u00e4 1 x lis\u00e4varustepaketti 1 x kaatumissuoja 1 x ohjeet (DE, EN, FR, ES, IT) VASAGLE Huomautukset:Turvallisuussyist\u00e4 lapset eiv\u00e4t saa kiivet\u00e4 tuotteelle tai leikki\u00e4 sill\u00e4. Asenna tuote tarkasti ohjeiden mukaisesti. Pid\u00e4 tuote poissa vedest\u00e4. Kiinnit\u00e4 tuote sein\u00e4\u00e4n mukana toimitetulla kaatumissuojalla. Nosta tuote, jos haluat siirt\u00e4\u00e4 sen toiseen paikkaan. \u00c4l\u00e4 raahaa sit\u00e4 lattialla.<\/p>\n","protected":false},"excerpt":{"rendered":"<p>VASAGLE meikkausp\u00f6yt\u00e4, peilip\u00f6yt\u00e4 suorakulmaisella peilill\u00e4 ja 2 laatikolla, kosmetiikkap\u00f6yt\u00e4 3 avoimella lokerolla, peilip\u00f6yt\u00e4, meikille, moderni, valkoinen RDT113W01<\/p>\n","protected":false},"featured_media":45745,"comment_status":"open","ping_status":"closed","template":"","meta":[],"product_brand":[],"product_cat":[32],"product_tag":[],"class_list":{"0":"post-37904","1":"product","2":"type-product","3":"status-publish","4":"has-post-thumbnail","6":"product_cat-uncategorized-fi","8":"first","9":"instock","10":"shipping-taxable","11":"purchasable","12":"product-type-simple"},"_links":{"self":[{"href":"https:\/\/nordicmart.andreevmaster.com\/fi\/wp-json\/wp\/v2\/product\/37904","targetHints":{"allow":["GET"]}}],"collection":[{"href":"https:\/\/nordicmart.andreevmaster.com\/fi\/wp-json\/wp\/v2\/product"}],"about":[{"href":"https:\/\/nordicmart.andreevmaster.com\/fi\/wp-json\/wp\/v2\/types\/product"}],"replies":[{"embeddable":true,"href":"https:\/\/nordicmart.andreevmaster.com\/fi\/wp-json\/wp\/v2\/comments?post=37904"}],"wp:featuredmedia":[{"embeddable":true,"href":"https:\/\/nordicmart.andreevmaster.com\/fi\/wp-json\/wp\/v2\/media\/45745"}],"wp:attachment":[{"href":"https:\/\/nordicmart.andreevmaster.com\/fi\/wp-json\/wp\/v2\/media?parent=37904"}],"wp:term":[{"taxonomy":"product_brand","embeddable":true,"href":"https:\/\/nordicmart.andreevmaster.com\/fi\/wp-json\/wp\/v2\/product_brand?post=37904"},{"taxonomy":"product_cat","embeddable":true,"href":"https:\/\/nordicmart.andreevmaster.com\/fi\/wp-json\/wp\/v2\/product_cat?post=37904"},{"taxonomy":"product_tag","embeddable":true,"href":"https:\/\/nordicmart.andreevmaster.com\/fi\/wp-json\/wp\/v2\/product_tag?post=37904"}],"curies":[{"name":"wp","href":"https:\/\/api.w.org\/{rel}","templated":true}]}}