{"id":37903,"date":"2026-02-27T00:41:26","date_gmt":"2026-02-27T00:41:26","guid":{"rendered":"https:\/\/nordicmart.andreevmaster.com\/product\/romantinen-peilipoyta\/"},"modified":"2026-02-27T09:57:35","modified_gmt":"2026-02-27T09:57:35","slug":"romantinen-peilipoyta","status":"publish","type":"product","link":"https:\/\/nordicmart.andreevmaster.com\/fi\/tuote\/romantinen-peilipoyta\/","title":{"rendered":"Romantinen peilip\u00f6yt\u00e4"},"content":{"rendered":"<p>Esittelemme sinulle korkealaatuisen valkoisen Queen Rose -peilip\u00f6yd\u00e4n ly\u00f6m\u00e4tt\u00f6m\u00e4\u00e4n hintaan! Valkoinen lakkapinta antaa peilip\u00f6yd\u00e4lle erityisen modernin ja tyylikk\u00e4\u00e4n ilmeen!  Tuotetiedot: &#8211; Mitat: 90 x 145 x 40 cm (L x K x S) &#8211; V\u00e4ri: valkoinen &#8211; P\u00f6yt\u00e4levyn mitat: 90 x 40 cm &#8211; Peilin mitat: 54 x 38 cm (L x K) &#8211; Jakkaran mitat: 37 x 45 x 28 cm (L x K x S)- Pienen laatikon mitat: 16 x 6 x 7 cm (L x K x S)- Keskikokoisen laatikon mitat: 25 x 6,2 x 25 cm (L x K x S)- Suuren laatikon mitat: 25 x 6,2 x 14 cm (L x K x S) &#8211; Materiaali: puukuitulevy (MDF-luokka E1) + puu Huomautus: &#8211; Jotta jakkara ei kaadu, \u00e4l\u00e4 istu tuolin reunalla. \u00c4l\u00e4 my\u00f6sk\u00e4\u00e4n ravista jakkaraa tai anna itsesi pudota sen p\u00e4\u00e4lle. Istuessasi koko istuin on oltava k\u00e4yt\u00f6ss\u00e4 ja kaikkien nelj\u00e4n jalan on oltava aina lattialla. &#8211; \u00c4l\u00e4 k\u00e4yt\u00e4 akkuk\u00e4ytt\u00f6ist\u00e4 ruuvimeisseli\u00e4 asennuksessa, vaan mukana toimitettua kuusiokoloavainta. &#8211; V\u00e4lt\u00e4 yleisesti kaikenlaista kosketusta ter\u00e4vien tai ter\u00e4vien esineiden kanssa pinnan naarmuuntumisen est\u00e4miseksi. &#8211; Noudata huolto-ohjeita ennen p\u00f6yd\u00e4n huoltamista.  &#8211; Jotta esiporatut kierteet jaloissa eiv\u00e4t vahingoitu ja ruuvit eiv\u00e4t j\u00e4\u00e4 vinoon, ruuvaa ruuvit kiinni vasta, kun olet koonnut jalat ja kaikki porausrei\u00e4t on s\u00e4\u00e4detty. &#8211; \u00c4l\u00e4 yrit\u00e4 koota p\u00f6yt\u00e4\u00e4 v\u00e4kisin. Se vahingoittaa tuotetta.  Jos sinulla on ongelmia, ota yhteytt\u00e4 asiakaspalveluumme.  Toimitus sis\u00e4lt\u00e4\u00e4: &#8211; 1 x meikkausp\u00f6yt\u00e4 &#8211; 1 x jakkara &#8211; 1 x kiinnitystarvikepussi (p\u00f6yd\u00e4n pienen laatikon sis\u00e4ll\u00e4) &#8211; 1 x k\u00e4ytt\u00f6ohje (DE, EN, FR, IT, ES)<\/p>\n","protected":false},"excerpt":{"rendered":"<p>Esittelemme sinulle korkealaatuisen valkoisen Queen Rose -peilip\u00f6yd\u00e4n ly\u00f6m\u00e4tt\u00f6m\u00e4\u00e4n hintaan! Valkoinen lakkapinta antaa peilip\u00f6yd\u00e4lle erityisen modernin ja tyylikk\u00e4\u00e4n ilmeen! Tuotetiedot: &#8211; Mitat: 90 x 145 x 40 cm (L x K x S) &#8211; V\u00e4ri: valkoinen &#8211; P\u00f6yt\u00e4levyn mitat: 90 x 40 cm &#8211; Peilin mitat: 54 x 38 cm (L x K) &#8211; Jakkaran mitat: [&hellip;]<\/p>\n","protected":false},"featured_media":0,"comment_status":"open","ping_status":"closed","template":"","meta":[],"product_brand":[],"product_cat":[32],"product_tag":[],"class_list":{"0":"post-37903","1":"product","2":"type-product","3":"status-publish","5":"product_cat-uncategorized-fi","7":"first","8":"instock","9":"shipping-taxable","10":"purchasable","11":"product-type-simple"},"_links":{"self":[{"href":"https:\/\/nordicmart.andreevmaster.com\/fi\/wp-json\/wp\/v2\/product\/37903","targetHints":{"allow":["GET"]}}],"collection":[{"href":"https:\/\/nordicmart.andreevmaster.com\/fi\/wp-json\/wp\/v2\/product"}],"about":[{"href":"https:\/\/nordicmart.andreevmaster.com\/fi\/wp-json\/wp\/v2\/types\/product"}],"replies":[{"embeddable":true,"href":"https:\/\/nordicmart.andreevmaster.com\/fi\/wp-json\/wp\/v2\/comments?post=37903"}],"wp:attachment":[{"href":"https:\/\/nordicmart.andreevmaster.com\/fi\/wp-json\/wp\/v2\/media?parent=37903"}],"wp:term":[{"taxonomy":"product_brand","embeddable":true,"href":"https:\/\/nordicmart.andreevmaster.com\/fi\/wp-json\/wp\/v2\/product_brand?post=37903"},{"taxonomy":"product_cat","embeddable":true,"href":"https:\/\/nordicmart.andreevmaster.com\/fi\/wp-json\/wp\/v2\/product_cat?post=37903"},{"taxonomy":"product_tag","embeddable":true,"href":"https:\/\/nordicmart.andreevmaster.com\/fi\/wp-json\/wp\/v2\/product_tag?post=37903"}],"curies":[{"name":"wp","href":"https:\/\/api.w.org\/{rel}","templated":true}]}}