{"id":37902,"date":"2026-02-27T00:41:26","date_gmt":"2026-02-27T00:41:26","guid":{"rendered":"https:\/\/nordicmart.andreevmaster.com\/product\/vasagle-yksinkertainen-meikkauspoyta-kirjoituspoyta\/"},"modified":"2026-02-27T09:57:34","modified_gmt":"2026-02-27T09:57:34","slug":"vasagle-yksinkertainen-meikkauspoyta-kirjoituspoyta","status":"publish","type":"product","link":"https:\/\/nordicmart.andreevmaster.com\/fi\/tuote\/vasagle-yksinkertainen-meikkauspoyta-kirjoituspoyta\/","title":{"rendered":"VASAGLE Yksinkertainen meikkausp\u00f6yt\u00e4\/kirjoitusp\u00f6yt\u00e4"},"content":{"rendered":"<p>Meikkauspaikallesi tulee lis\u00e4ys Etsitk\u00f6 edelleen ainutlaatuista ja huomiota her\u00e4tt\u00e4v\u00e4\u00e4 peilip\u00f6yt\u00e4\u00e4? Sitten etsint\u00e4si on nyt ohi! T\u00e4m\u00e4 SONGMICS-meikkausp\u00f6yt\u00e4 vakuuttaa k\u00e4yt\u00e4nn\u00f6llisyydell\u00e4\u00e4n ja tyylikk\u00e4\u00e4ll\u00e4 ulkon\u00e4\u00f6ll\u00e4\u00e4n. Ansaitset jotain parempaa Verrattuna huonolaatuisiin p\u00f6yt\u00e4\u00e4n, jotka rikkoutuvat alle kahdessa vuodessa, premium-meikkausp\u00f6yt\u00e4mme pysyy kotonasi monien vuosien ajan. T\u00e4st\u00e4 huolehtivat erityisesti kumipuusta valmistetut jalat ja korkealaatuiset puukuitulevyt. Harkitut yksityiskohdat mukavuutesi takaamiseksi Korkealaatuisten saranoiden ansiosta kansi pysyy auki miss\u00e4 tahansa kulmassa ilman, ett\u00e4 sinun tarvitsee k\u00e4ytt\u00e4\u00e4 k\u00e4si\u00e4si. Etupaneeli voidaan my\u00f6s taittaa alas, jotta lokeroon s\u00e4ilytettyihin esineisiin p\u00e4\u00e4see helposti k\u00e4siksi. \u00c4l\u00e4 ep\u00e4r\u00f6i, vaan klikkaa nyt &#8221;Lis\u00e4\u00e4 ostoskoriin&#8221;! Tuotetiedot: &#8211; V\u00e4ri: valkoinen &#8211; Materiaali: MDF-levyt (P2-luokka), kumipuu &#8211; P\u00f6yd\u00e4n mitat: 92 x 78 x 45,5 cm (L x K x S) &#8211; Jakkaran mitat: 40 x 44 x 29,5 cm (L x K x S) &#8211; Paino: 21,5 kg Toimitus sis\u00e4lt\u00e4\u00e4: &#8211; 1 x meikkausp\u00f6yt\u00e4 &#8211; 1 x jakkara &#8211; 1 x tarvikepussi &#8211; 1 x ohjeet (DE, EN, FR, ES, IT)<\/p>\n","protected":false},"excerpt":{"rendered":"<p>VASAGLE Moderni meikkausp\u00f6yt\u00e4 avattavalla peilill\u00e4, peilip\u00f6yt\u00e4 massiivipuujaloilla, irrotettava j\u00e4rjestelij\u00e4, jakkara ja 1 laatikko, makuuhuoneeseen, vaatehuoneeseen, valkoinen RDT103WT<\/p>\n","protected":false},"featured_media":45744,"comment_status":"open","ping_status":"closed","template":"","meta":[],"product_brand":[],"product_cat":[32],"product_tag":[],"class_list":{"0":"post-37902","1":"product","2":"type-product","3":"status-publish","4":"has-post-thumbnail","6":"product_cat-uncategorized-fi","8":"first","9":"instock","10":"shipping-taxable","11":"purchasable","12":"product-type-simple"},"_links":{"self":[{"href":"https:\/\/nordicmart.andreevmaster.com\/fi\/wp-json\/wp\/v2\/product\/37902","targetHints":{"allow":["GET"]}}],"collection":[{"href":"https:\/\/nordicmart.andreevmaster.com\/fi\/wp-json\/wp\/v2\/product"}],"about":[{"href":"https:\/\/nordicmart.andreevmaster.com\/fi\/wp-json\/wp\/v2\/types\/product"}],"replies":[{"embeddable":true,"href":"https:\/\/nordicmart.andreevmaster.com\/fi\/wp-json\/wp\/v2\/comments?post=37902"}],"wp:featuredmedia":[{"embeddable":true,"href":"https:\/\/nordicmart.andreevmaster.com\/fi\/wp-json\/wp\/v2\/media\/45744"}],"wp:attachment":[{"href":"https:\/\/nordicmart.andreevmaster.com\/fi\/wp-json\/wp\/v2\/media?parent=37902"}],"wp:term":[{"taxonomy":"product_brand","embeddable":true,"href":"https:\/\/nordicmart.andreevmaster.com\/fi\/wp-json\/wp\/v2\/product_brand?post=37902"},{"taxonomy":"product_cat","embeddable":true,"href":"https:\/\/nordicmart.andreevmaster.com\/fi\/wp-json\/wp\/v2\/product_cat?post=37902"},{"taxonomy":"product_tag","embeddable":true,"href":"https:\/\/nordicmart.andreevmaster.com\/fi\/wp-json\/wp\/v2\/product_tag?post=37902"}],"curies":[{"name":"wp","href":"https:\/\/api.w.org\/{rel}","templated":true}]}}