{"id":37899,"date":"2026-02-27T00:41:25","date_gmt":"2026-02-27T00:41:25","guid":{"rendered":"https:\/\/nordicmart.andreevmaster.com\/product\/songmics-pieni-meikkauspoyta-kaantyvalla-peililla\/"},"modified":"2026-02-27T09:57:34","modified_gmt":"2026-02-27T09:57:34","slug":"songmics-pieni-meikkauspoyta-kaantyvalla-peililla","status":"publish","type":"product","link":"https:\/\/nordicmart.andreevmaster.com\/fi\/tuote\/songmics-pieni-meikkauspoyta-kaantyvalla-peililla\/","title":{"rendered":"SONGMICS Pieni meikkausp\u00f6yt\u00e4 k\u00e4\u00e4ntyv\u00e4ll\u00e4 peilill\u00e4"},"content":{"rendered":"<p>Esittelemme teille meikkausp\u00f6yd\u00e4n ly\u00f6m\u00e4tt\u00f6m\u00e4n edulliseen hintaan! Kaunis lakkapinta antaa peilip\u00f6yd\u00e4lle modernin ja tyylikk\u00e4\u00e4n ilmeen! Tuotetiedot: Mitat: 80 x 140 x 40 cm (L x K x S) P\u00f6yt\u00e4levyn mitat: 80 x 40 cm Peilin mitat: 54,5 x 38 cm (K x L)Jakkaran mitat: 37 x 45 x 28 cm (L x K x S)Yl\u00e4osan laatikon sis\u00e4mitat: 17,5 x 5,5 x 7,5 cm (L x K x S)P\u00f6yd\u00e4n keskimm\u00e4isen laatikon sis\u00e4mitat: 20 x 5,5 x 25 cm (L x K x S) P\u00f6yd\u00e4n sivulaatikon sis\u00e4mitat: 12,5 x 7,5 x 25 cm (L x K x S) Materiaali: puukuitulevy (MDF-luokka E1) + puu Huomautus: &#8211; Jotta jakkara ei kaadu, \u00e4l\u00e4 istu tuolin reunalla. \u00c4l\u00e4 ravista jakkaraa \u00e4l\u00e4k\u00e4 istu siihen suoraan. Istuessasi k\u00e4yt\u00e4 koko istuinta ja pid\u00e4 kaikki nelj\u00e4 jalkaa aina lattialla. &#8211; \u00c4l\u00e4 k\u00e4yt\u00e4 kokoonpanossa akkuruuvinv\u00e4\u00e4nnint\u00e4, vaan mukana toimitettua kuusiokoloavainta. &#8211; V\u00e4lt\u00e4 yleisesti ter\u00e4vien tai pisteellisten esineiden kosketusta pintaan naarmujen syntymisen est\u00e4miseksi. &#8211; Noudata huolto-ohjeita ennen p\u00f6yd\u00e4n huoltamista.  &#8211; Jotta esiporatut kierteet jaloissa eiv\u00e4t vahingoitu ja ruuvit eiv\u00e4t j\u00e4\u00e4 vinoon, kierr\u00e4 ruuvit jaloissa vasta, kun kaikki porausrei\u00e4t ovat kohdakkain. &#8211; \u00c4l\u00e4 yrit\u00e4 koota p\u00f6yt\u00e4\u00e4 v\u00e4kisin. Se vahingoittaa tuotetta.  Jos sinulla on vaikeuksia, ota yhteytt\u00e4 asiakaspalveluumme.  Toimitus sis\u00e4lt\u00e4\u00e4: 1 x meikkausp\u00f6yt\u00e4 1 x jakkara 1 x kiinnityspussi (pieness\u00e4 laatikossa) 2 x alustatuki 1 x ohjeet (saksa, englanti, ranska, italia, espanja)<\/p>\n","protected":false},"excerpt":{"rendered":"<p>SONGMICS meikkausp\u00f6yt\u00e4 5 laatikolla (sis. 2 v\u00e4lisein\u00e4\u00e4), peilip\u00f6yt\u00e4 ja jakkara, kosmetiikkap\u00f6yt\u00e4 kaatumissuojalla, valkoinen, RDT09W<\/p>\n","protected":false},"featured_media":45741,"comment_status":"open","ping_status":"closed","template":"","meta":[],"product_brand":[],"product_cat":[32],"product_tag":[],"class_list":{"0":"post-37899","1":"product","2":"type-product","3":"status-publish","4":"has-post-thumbnail","6":"product_cat-uncategorized-fi","8":"first","9":"instock","10":"shipping-taxable","11":"purchasable","12":"product-type-simple"},"_links":{"self":[{"href":"https:\/\/nordicmart.andreevmaster.com\/fi\/wp-json\/wp\/v2\/product\/37899","targetHints":{"allow":["GET"]}}],"collection":[{"href":"https:\/\/nordicmart.andreevmaster.com\/fi\/wp-json\/wp\/v2\/product"}],"about":[{"href":"https:\/\/nordicmart.andreevmaster.com\/fi\/wp-json\/wp\/v2\/types\/product"}],"replies":[{"embeddable":true,"href":"https:\/\/nordicmart.andreevmaster.com\/fi\/wp-json\/wp\/v2\/comments?post=37899"}],"wp:featuredmedia":[{"embeddable":true,"href":"https:\/\/nordicmart.andreevmaster.com\/fi\/wp-json\/wp\/v2\/media\/45741"}],"wp:attachment":[{"href":"https:\/\/nordicmart.andreevmaster.com\/fi\/wp-json\/wp\/v2\/media?parent=37899"}],"wp:term":[{"taxonomy":"product_brand","embeddable":true,"href":"https:\/\/nordicmart.andreevmaster.com\/fi\/wp-json\/wp\/v2\/product_brand?post=37899"},{"taxonomy":"product_cat","embeddable":true,"href":"https:\/\/nordicmart.andreevmaster.com\/fi\/wp-json\/wp\/v2\/product_cat?post=37899"},{"taxonomy":"product_tag","embeddable":true,"href":"https:\/\/nordicmart.andreevmaster.com\/fi\/wp-json\/wp\/v2\/product_tag?post=37899"}],"curies":[{"name":"wp","href":"https:\/\/api.w.org\/{rel}","templated":true}]}}