{"id":37898,"date":"2026-02-27T00:41:25","date_gmt":"2026-02-27T00:41:25","guid":{"rendered":"https:\/\/nordicmart.andreevmaster.com\/product\/songmics-peilipoyta-taitettavalla-peililla-ja-jakkaralla\/"},"modified":"2026-02-27T09:57:33","modified_gmt":"2026-02-27T09:57:33","slug":"songmics-peilipoyta-taitettavalla-peililla-ja-jakkaralla","status":"publish","type":"product","link":"https:\/\/nordicmart.andreevmaster.com\/fi\/tuote\/songmics-peilipoyta-taitettavalla-peililla-ja-jakkaralla\/","title":{"rendered":"SONGMICS peilip\u00f6yt\u00e4 taitettavalla peilill\u00e4 ja jakkaralla"},"content":{"rendered":"<p>Tuotetiedot: Mitat: 90 x 145 x 40 cm (L x K x S) P\u00f6yt\u00e4levyn mitat: 90 x 40 cm Peilin mitat: 60 x 71 cm (K x L) Jakkaran mitat: 37 x 45 x 28 cm (L x K x S) Pienen laatikon sis\u00e4mitat: 16,5 x 6 x 6 cm (L x K x S) Suuren laatikon sis\u00e4mitat: 28 x 6 x 28 cm (L x K x S) Materiaali: Puukuitulevy (MDF luokka E1) + puu Toimitus sis\u00e4lt\u00e4\u00e4: 1 x meikkausp\u00f6yt\u00e4 1 x jakkara 1 x kiinnitystarvikepussi (pieness\u00e4 laatikossa) 1 x ohjeet (saksa, englanti, ranska, italia, espanja)<\/p>\n","protected":false},"excerpt":{"rendered":"<p>SONGMICS meikkausp\u00f6yt\u00e4, peilip\u00f6yt\u00e4 3 peilill\u00e4 ja jakkara, 4 laatikkoa, jakkara, romanttinen, valkoinen RDT07W<\/p>\n","protected":false},"featured_media":45740,"comment_status":"open","ping_status":"closed","template":"","meta":[],"product_brand":[],"product_cat":[32],"product_tag":[],"class_list":{"0":"post-37898","1":"product","2":"type-product","3":"status-publish","4":"has-post-thumbnail","6":"product_cat-uncategorized-fi","8":"first","9":"instock","10":"shipping-taxable","11":"purchasable","12":"product-type-simple"},"_links":{"self":[{"href":"https:\/\/nordicmart.andreevmaster.com\/fi\/wp-json\/wp\/v2\/product\/37898","targetHints":{"allow":["GET"]}}],"collection":[{"href":"https:\/\/nordicmart.andreevmaster.com\/fi\/wp-json\/wp\/v2\/product"}],"about":[{"href":"https:\/\/nordicmart.andreevmaster.com\/fi\/wp-json\/wp\/v2\/types\/product"}],"replies":[{"embeddable":true,"href":"https:\/\/nordicmart.andreevmaster.com\/fi\/wp-json\/wp\/v2\/comments?post=37898"}],"wp:featuredmedia":[{"embeddable":true,"href":"https:\/\/nordicmart.andreevmaster.com\/fi\/wp-json\/wp\/v2\/media\/45740"}],"wp:attachment":[{"href":"https:\/\/nordicmart.andreevmaster.com\/fi\/wp-json\/wp\/v2\/media?parent=37898"}],"wp:term":[{"taxonomy":"product_brand","embeddable":true,"href":"https:\/\/nordicmart.andreevmaster.com\/fi\/wp-json\/wp\/v2\/product_brand?post=37898"},{"taxonomy":"product_cat","embeddable":true,"href":"https:\/\/nordicmart.andreevmaster.com\/fi\/wp-json\/wp\/v2\/product_cat?post=37898"},{"taxonomy":"product_tag","embeddable":true,"href":"https:\/\/nordicmart.andreevmaster.com\/fi\/wp-json\/wp\/v2\/product_tag?post=37898"}],"curies":[{"name":"wp","href":"https:\/\/api.w.org\/{rel}","templated":true}]}}