{"id":37897,"date":"2026-02-27T00:41:25","date_gmt":"2026-02-27T00:41:25","guid":{"rendered":"https:\/\/nordicmart.andreevmaster.com\/product\/songmics-meikkauspoyta-peililla-ja-jakkaralla-valkoinen\/"},"modified":"2026-02-27T09:57:33","modified_gmt":"2026-02-27T09:57:33","slug":"songmics-meikkauspoyta-peililla-ja-jakkaralla-valkoinen","status":"publish","type":"product","link":"https:\/\/nordicmart.andreevmaster.com\/fi\/tuote\/songmics-meikkauspoyta-peililla-ja-jakkaralla-valkoinen\/","title":{"rendered":"SONGMICS meikkausp\u00f6yt\u00e4 peilill\u00e4 ja jakkaralla, valkoinen"},"content":{"rendered":"<p>Tuotetiedot: V\u00e4ri: mattavalkoinen Mitat: 75 x 139 x 40 cm (L x K x S) P\u00f6yt\u00e4levyn mitat: 75 x 40 cm Peilin mitat: 54 x 38 cm (L x K) Jakkaran mitat: 37 x 45 x 28 cm (L x K x S) Pienen laatikon mitat: 12,5 x 5,5 x 5,5 cm (L x S x K) Suuren laatikon mitat: 25 x 20 x 7 cm (L x S x K) Materiaali: Massiivipuu + MDF (keskitihe\u00e4 puukuitulevy) Luokka E1Toimitus sis\u00e4lt\u00e4\u00e4:1 x meikkausp\u00f6yt\u00e41 x jakkara1 x asennusohjeet (DE, FR, EN, ES, IT)<\/p>\n","protected":false},"excerpt":{"rendered":"<p>SONGMICS meikkausp\u00f6yt\u00e4, kampaajap\u00f6yt\u00e4 peilill\u00e4 ja jakkaralla, 4 laatikkoa, 2 v\u00e4lisein\u00e4\u00e4, kaatumissuoja, valkoinen RDT04W<\/p>\n","protected":false},"featured_media":45739,"comment_status":"open","ping_status":"closed","template":"","meta":[],"product_brand":[],"product_cat":[32],"product_tag":[],"class_list":{"0":"post-37897","1":"product","2":"type-product","3":"status-publish","4":"has-post-thumbnail","6":"product_cat-uncategorized-fi","8":"first","9":"instock","10":"shipping-taxable","11":"purchasable","12":"product-type-simple"},"_links":{"self":[{"href":"https:\/\/nordicmart.andreevmaster.com\/fi\/wp-json\/wp\/v2\/product\/37897","targetHints":{"allow":["GET"]}}],"collection":[{"href":"https:\/\/nordicmart.andreevmaster.com\/fi\/wp-json\/wp\/v2\/product"}],"about":[{"href":"https:\/\/nordicmart.andreevmaster.com\/fi\/wp-json\/wp\/v2\/types\/product"}],"replies":[{"embeddable":true,"href":"https:\/\/nordicmart.andreevmaster.com\/fi\/wp-json\/wp\/v2\/comments?post=37897"}],"wp:featuredmedia":[{"embeddable":true,"href":"https:\/\/nordicmart.andreevmaster.com\/fi\/wp-json\/wp\/v2\/media\/45739"}],"wp:attachment":[{"href":"https:\/\/nordicmart.andreevmaster.com\/fi\/wp-json\/wp\/v2\/media?parent=37897"}],"wp:term":[{"taxonomy":"product_brand","embeddable":true,"href":"https:\/\/nordicmart.andreevmaster.com\/fi\/wp-json\/wp\/v2\/product_brand?post=37897"},{"taxonomy":"product_cat","embeddable":true,"href":"https:\/\/nordicmart.andreevmaster.com\/fi\/wp-json\/wp\/v2\/product_cat?post=37897"},{"taxonomy":"product_tag","embeddable":true,"href":"https:\/\/nordicmart.andreevmaster.com\/fi\/wp-json\/wp\/v2\/product_tag?post=37897"}],"curies":[{"name":"wp","href":"https:\/\/api.w.org\/{rel}","templated":true}]}}