{"id":37896,"date":"2026-02-27T00:41:24","date_gmt":"2026-02-27T00:41:24","guid":{"rendered":"https:\/\/nordicmart.andreevmaster.com\/product\/songmics-meikkauspoyta-2-suurella-laatikolla\/"},"modified":"2026-02-27T09:57:33","modified_gmt":"2026-02-27T09:57:33","slug":"songmics-meikkauspoyta-2-suurella-laatikolla","status":"publish","type":"product","link":"https:\/\/nordicmart.andreevmaster.com\/fi\/tuote\/songmics-meikkauspoyta-2-suurella-laatikolla\/","title":{"rendered":"SONGMICS meikkausp\u00f6yt\u00e4 2 suurella laatikolla"},"content":{"rendered":"<p>Helppo asennus Monikieliset asennusohjeet auttavat sinua kokoamaan uuden meikkausp\u00f6yt\u00e4si 15\u201320 minuutissa. Suuret laatikot toimitetaan valmiina ilman asennusta, sinun tarvitsee vain asentaa peili, p\u00f6yd\u00e4n jalat ja jakkaran jalat. Turvallinen ja vakaa Meikkausp\u00f6yd\u00e4n mekaaninen turvallisuus on testattu T\u00dcV Rheinlandin toimesta standardien EN 12520: 2015, EN 1022:2005 ja EN 1728:2012. Testiraportin numero: 50090112\/SHF\/01-01; Palonkest\u00e4v\u00e4st\u00e4 vaahtomuovista valmistettu pehmuste on l\u00e4p\u00e4issyt T\u00dcV Rheinlandin palotestin, testiraportin numero: 0154237535a001. Lis\u00e4ksi tarjoamme meikkausp\u00f6yd\u00e4lle kaatumissuojan, joka lis\u00e4\u00e4 turvallisuutta. Tuotetiedot: &#8211; V\u00e4ri: valkoinen &#8211; Materiaali: MDF-levy, kumipuu, m\u00e4nty &#8211; Meikkausp\u00f6yd\u00e4n mitat: 80 x 137,5 x 40 cm (L x K x S) &#8211; Jakkaran mitat: 40,5 x 50 x 30,5 cm (L x K x S) &#8211; Jakkaran enimm\u00e4iskuormitus: 130 kg &#8211; Paino: 19,0 kg Toimitus sis\u00e4lt\u00e4\u00e4:- 1 x meikkausp\u00f6yt\u00e4 &#8211; 1 x jakkara &#8211; 1 x meikkausorganisaattori &#8211; 1 x ohjeet (DE, EN, IT, FR, ES) SONGMICS Huomautukset: &#8211; V\u00e4lt\u00e4 altistamasta meikkausp\u00f6yt\u00e4\u00e4 suoralle auringonvalolle. &#8211; V\u00e4lt\u00e4 meikkausp\u00f6yd\u00e4n joutumista kosketuksiin ter\u00e4vien esineiden ja aggressiivisten liuottimien kanssa, jotta se ei naarmuunnu tai vahingoitu.<\/p>\n","protected":false},"excerpt":{"rendered":"<p>SONGMICS meikkip\u00f6yt\u00e4, 2 isoa laatikkoa kiskoilla, irrotettava meikkij\u00e4rjestelij\u00e4 siveltimille ja kynsilakoille, peili ja jakkara, valkoinen RDT012WT<\/p>\n","protected":false},"featured_media":45738,"comment_status":"open","ping_status":"closed","template":"","meta":[],"product_brand":[],"product_cat":[32],"product_tag":[],"class_list":{"0":"post-37896","1":"product","2":"type-product","3":"status-publish","4":"has-post-thumbnail","6":"product_cat-uncategorized-fi","8":"first","9":"instock","10":"shipping-taxable","11":"purchasable","12":"product-type-simple"},"_links":{"self":[{"href":"https:\/\/nordicmart.andreevmaster.com\/fi\/wp-json\/wp\/v2\/product\/37896","targetHints":{"allow":["GET"]}}],"collection":[{"href":"https:\/\/nordicmart.andreevmaster.com\/fi\/wp-json\/wp\/v2\/product"}],"about":[{"href":"https:\/\/nordicmart.andreevmaster.com\/fi\/wp-json\/wp\/v2\/types\/product"}],"replies":[{"embeddable":true,"href":"https:\/\/nordicmart.andreevmaster.com\/fi\/wp-json\/wp\/v2\/comments?post=37896"}],"wp:featuredmedia":[{"embeddable":true,"href":"https:\/\/nordicmart.andreevmaster.com\/fi\/wp-json\/wp\/v2\/media\/45738"}],"wp:attachment":[{"href":"https:\/\/nordicmart.andreevmaster.com\/fi\/wp-json\/wp\/v2\/media?parent=37896"}],"wp:term":[{"taxonomy":"product_brand","embeddable":true,"href":"https:\/\/nordicmart.andreevmaster.com\/fi\/wp-json\/wp\/v2\/product_brand?post=37896"},{"taxonomy":"product_cat","embeddable":true,"href":"https:\/\/nordicmart.andreevmaster.com\/fi\/wp-json\/wp\/v2\/product_cat?post=37896"},{"taxonomy":"product_tag","embeddable":true,"href":"https:\/\/nordicmart.andreevmaster.com\/fi\/wp-json\/wp\/v2\/product_tag?post=37896"}],"curies":[{"name":"wp","href":"https:\/\/api.w.org\/{rel}","templated":true}]}}