{"id":37894,"date":"2026-02-27T00:41:24","date_gmt":"2026-02-27T00:41:24","guid":{"rendered":"https:\/\/nordicmart.andreevmaster.com\/product\/songmics-nelionmuotoinen-meikkauspoydan-jakkara\/"},"modified":"2026-02-27T09:57:33","modified_gmt":"2026-02-27T09:57:33","slug":"songmics-nelionmuotoinen-meikkauspoydan-jakkara","status":"publish","type":"product","link":"https:\/\/nordicmart.andreevmaster.com\/fi\/tuote\/songmics-nelionmuotoinen-meikkauspoydan-jakkara\/","title":{"rendered":"SONGMICS Neli\u00f6nmuotoinen meikkausp\u00f6yd\u00e4n jakkara"},"content":{"rendered":"<p>Tee kauneusnurkkauksestasi t\u00e4ydellinen: Korosta kauneusnurkkauksesi kauneutta ja korvaa ep\u00e4vakaa retkituoli, joka on seissyt meikkausp\u00f6yd\u00e4n edess\u00e4 jo liian kauan, t\u00e4ll\u00e4 vieh\u00e4tt\u00e4v\u00e4ll\u00e4 verhoillulla jakkaralla. Sen suoraviivainen siluetti ja valkoinen lakka ovat kauan etsim\u00e4si lis\u00e4 eleganttiin peilip\u00f6yt\u00e4\u00e4si. Erityisen suuri istuin: T\u00e4m\u00e4 meikkausjakkara n\u00e4ytt\u00e4\u00e4 siroilta ja yksinkertaiselta. Siin\u00e4 on kuitenkin paljon voimaa: 4 vahvistetun massiivipuujalan ansiosta jakkara kest\u00e4\u00e4 jopa 130 kg:n painon. Suuren suorakulmaisen istuimen paksu vaahtomuovipehmuste takaa lis\u00e4ksi erinomaisen istumamukavuuden. Tuotetiedot: V\u00e4ri: Valkoinen Materiaali: Kumi, vaahtomuovi, PU-keinonahka Koko: 48 x 43 x 46 cm (P x L x K) Paino: 8,7 kg Maks. staattinen kantavuus: 130 kg Toimitus sis\u00e4lt\u00e4\u00e4: 1 x meikkausp\u00f6yd\u00e4n jakkara 1 x asennustarvikkeet 1 x ohjeet (DE, EN, ES, IT, FR) SONGMICS-ohjeet:K\u00e4yt\u00e4 tuotetta vain sis\u00e4tiloissa \u00e4l\u00e4k\u00e4 j\u00e4t\u00e4 sit\u00e4 pitk\u00e4ksi aikaa kosteaan ymp\u00e4rist\u00f6\u00f6n. \u00c4l\u00e4 istu jakkaran reunalle ja aseta se tasaiselle alustalle kaatumisen est\u00e4miseksi. V\u00e4lt\u00e4 kosketusta ter\u00e4vien tai ter\u00e4vien esineiden sek\u00e4 aggressiivisten kemiallisten aineiden kanssa.<\/p>\n","protected":false},"excerpt":{"rendered":"<p>SONGMICS meikkausp\u00f6yd\u00e4n jakkara, pehmustettu jakkara, jakkara kumijaloilla, jakkara meikkausp\u00f6yd\u00e4lle, pianojakkara, makuuhuone, kylpyhuone, kantavuus 130 kg, suorakulmainen, valkoinen RDS52W<\/p>\n","protected":false},"featured_media":45736,"comment_status":"open","ping_status":"closed","template":"","meta":[],"product_brand":[],"product_cat":[32],"product_tag":[],"class_list":{"0":"post-37894","1":"product","2":"type-product","3":"status-publish","4":"has-post-thumbnail","6":"product_cat-uncategorized-fi","8":"first","9":"instock","10":"shipping-taxable","11":"purchasable","12":"product-type-simple"},"_links":{"self":[{"href":"https:\/\/nordicmart.andreevmaster.com\/fi\/wp-json\/wp\/v2\/product\/37894","targetHints":{"allow":["GET"]}}],"collection":[{"href":"https:\/\/nordicmart.andreevmaster.com\/fi\/wp-json\/wp\/v2\/product"}],"about":[{"href":"https:\/\/nordicmart.andreevmaster.com\/fi\/wp-json\/wp\/v2\/types\/product"}],"replies":[{"embeddable":true,"href":"https:\/\/nordicmart.andreevmaster.com\/fi\/wp-json\/wp\/v2\/comments?post=37894"}],"wp:featuredmedia":[{"embeddable":true,"href":"https:\/\/nordicmart.andreevmaster.com\/fi\/wp-json\/wp\/v2\/media\/45736"}],"wp:attachment":[{"href":"https:\/\/nordicmart.andreevmaster.com\/fi\/wp-json\/wp\/v2\/media?parent=37894"}],"wp:term":[{"taxonomy":"product_brand","embeddable":true,"href":"https:\/\/nordicmart.andreevmaster.com\/fi\/wp-json\/wp\/v2\/product_brand?post=37894"},{"taxonomy":"product_cat","embeddable":true,"href":"https:\/\/nordicmart.andreevmaster.com\/fi\/wp-json\/wp\/v2\/product_cat?post=37894"},{"taxonomy":"product_tag","embeddable":true,"href":"https:\/\/nordicmart.andreevmaster.com\/fi\/wp-json\/wp\/v2\/product_tag?post=37894"}],"curies":[{"name":"wp","href":"https:\/\/api.w.org\/{rel}","templated":true}]}}