{"id":37893,"date":"2026-02-27T00:41:24","date_gmt":"2026-02-27T00:41:24","guid":{"rendered":"https:\/\/nordicmart.andreevmaster.com\/product\/songmics-konkaver-verhoiltu-jakkara-valkoinen-beige\/"},"modified":"2026-02-27T09:57:32","modified_gmt":"2026-02-27T09:57:32","slug":"songmics-konkaver-verhoiltu-jakkara-valkoinen-beige","status":"publish","type":"product","link":"https:\/\/nordicmart.andreevmaster.com\/fi\/tuote\/songmics-konkaver-verhoiltu-jakkara-valkoinen-beige\/","title":{"rendered":"SONGMICS Konkaver-verhoiltu jakkara, valkoinen-beige"},"content":{"rendered":"<p>Tuotekuvaus:  Hyv\u00e4 meikkausp\u00f6yt\u00e4 ansaitsee laadukkaan jakkaran. Uudistettu Songmics-jakkara takaa miellytt\u00e4v\u00e4n meikkaushetken. T\u00e4m\u00e4 yksinkertainen meikkausp\u00f6yt\u00e4 tuo huoneeseesi modernin ilmeen. Paksu pehmustettu istuintyyny takaa erinomaisen istumamukavuuden. Asennukseen tarvittava kuusiokoloavain toimitetaan mukana. Lis\u00e4ksi se sopii t\u00e4ydellisesti kenk\u00e4telineeksi eteiseen.  Tuotetiedot: &#8211; V\u00e4ri: valkoinen &#8211; Materiaali: kumipuu, MDF-levy &#8211; Mitat: 48 x 46 x 30 cm (L x K x S) &#8211; Paino: 5 kg Toimitus sis\u00e4lt\u00e4\u00e4:  &#8211; 1 x kumipuusta valmistetut jalat &#8211; 1 x jakkaran runko &#8211; 1 x ohjeet (DE, EN, IT, FR, ES) &#8211; 1 x kiinnitystarvikepussi Huomautukset:  &#8211; Meikkausp\u00f6yt\u00e4 tulee suojata suoralta auringonvalolta. &#8211; V\u00e4lt\u00e4 yleens\u00e4 p\u00f6yd\u00e4n kosketusta ter\u00e4vien esineiden ja aggressiivisten liuottimien kanssa, jotta se ei naarmuunnu tai vahingoitu.<\/p>\n","protected":false},"excerpt":{"rendered":"<p>SONGMICS meikkituoli, pehmustettu tuoli, istuintyyny, puinen tuoli, meikkip\u00f6yd\u00e4n tuoli, kumipuusta valmistetut jalat, kovera istuin, moderni muotoilu, 48 x 46 x 30 cm, valkoinen RDS51W<\/p>\n","protected":false},"featured_media":45735,"comment_status":"open","ping_status":"closed","template":"","meta":[],"product_brand":[],"product_cat":[32],"product_tag":[],"class_list":{"0":"post-37893","1":"product","2":"type-product","3":"status-publish","4":"has-post-thumbnail","6":"product_cat-uncategorized-fi","8":"first","9":"instock","10":"shipping-taxable","11":"purchasable","12":"product-type-simple"},"_links":{"self":[{"href":"https:\/\/nordicmart.andreevmaster.com\/fi\/wp-json\/wp\/v2\/product\/37893","targetHints":{"allow":["GET"]}}],"collection":[{"href":"https:\/\/nordicmart.andreevmaster.com\/fi\/wp-json\/wp\/v2\/product"}],"about":[{"href":"https:\/\/nordicmart.andreevmaster.com\/fi\/wp-json\/wp\/v2\/types\/product"}],"replies":[{"embeddable":true,"href":"https:\/\/nordicmart.andreevmaster.com\/fi\/wp-json\/wp\/v2\/comments?post=37893"}],"wp:featuredmedia":[{"embeddable":true,"href":"https:\/\/nordicmart.andreevmaster.com\/fi\/wp-json\/wp\/v2\/media\/45735"}],"wp:attachment":[{"href":"https:\/\/nordicmart.andreevmaster.com\/fi\/wp-json\/wp\/v2\/media?parent=37893"}],"wp:term":[{"taxonomy":"product_brand","embeddable":true,"href":"https:\/\/nordicmart.andreevmaster.com\/fi\/wp-json\/wp\/v2\/product_brand?post=37893"},{"taxonomy":"product_cat","embeddable":true,"href":"https:\/\/nordicmart.andreevmaster.com\/fi\/wp-json\/wp\/v2\/product_cat?post=37893"},{"taxonomy":"product_tag","embeddable":true,"href":"https:\/\/nordicmart.andreevmaster.com\/fi\/wp-json\/wp\/v2\/product_tag?post=37893"}],"curies":[{"name":"wp","href":"https:\/\/api.w.org\/{rel}","templated":true}]}}