{"id":37892,"date":"2026-02-27T00:41:23","date_gmt":"2026-02-27T00:41:23","guid":{"rendered":"https:\/\/nordicmart.andreevmaster.com\/product\/songmics-meikkauspoydan-jakkara-ruusukuvioinnilla\/"},"modified":"2026-02-27T09:57:32","modified_gmt":"2026-02-27T09:57:32","slug":"songmics-meikkauspoydan-jakkara-ruusukuvioinnilla","status":"publish","type":"product","link":"https:\/\/nordicmart.andreevmaster.com\/fi\/tuote\/songmics-meikkauspoydan-jakkara-ruusukuvioinnilla\/","title":{"rendered":"SONGMICS meikkausp\u00f6yd\u00e4n jakkara ruusukuvioinnilla"},"content":{"rendered":"<p>Songmics-jakkara on korkealaatuinen, ja siin\u00e4 on ensiluokkainen MDF-materiaali ja paksusti pehmustettu istuin. Kauniin muotoilunsa lis\u00e4ksi meikkijakkara on eritt\u00e4in k\u00e4yt\u00e4nn\u00f6llinen. Valkoinen maalipinta antaa jakkaralle modernin, tyylikk\u00e4\u00e4n ja selke\u00e4n ilmeen! Jakkara on hyvin pehmustettu, mik\u00e4 takaa maksimaalisen istumamukavuuden. Se on helppo puhdistaa kostealla liinalla. Huomautukset: &#8211; V\u00e4ltt\u00e4\u00e4ksesi jakkaran kaatumisen, \u00e4l\u00e4 istu tuolin reunalla. \u00c4l\u00e4 my\u00f6sk\u00e4\u00e4n ravista jakkaraa tai laskeudu siihen voimakkaasti. Istuessasi k\u00e4yt\u00e4 koko istuinta ja pid\u00e4 kaikki nelj\u00e4 jalkaa aina lattialla. &#8211; Varmistaaksesi jakkaran vakauden pitk\u00e4ll\u00e4 aikav\u00e4lill\u00e4, tarkista s\u00e4\u00e4nn\u00f6llisesti ruuvien kiinnityksen kunto. Intensiivisess\u00e4 k\u00e4yt\u00f6ss\u00e4 on suositeltavaa kirist\u00e4\u00e4 ruuvit 2 viikon v\u00e4lein. &#8211; \u00c4l\u00e4 k\u00e4yt\u00e4 kokoonpanossa akkuruuvinv\u00e4\u00e4nnint\u00e4, vaan mukana toimitettua kuusiokoloavainta. &#8211; V\u00e4lt\u00e4 yleisesti ter\u00e4vien tai piikkisten esineiden kosketusta pintaan naarmujen v\u00e4ltt\u00e4miseksi. &#8211; \u00c4l\u00e4 yrit\u00e4 koota jakkaraa v\u00e4kisin. Se vahingoittaa tuotetta.Jos sinulla on vaikeuksia, ota yhteytt\u00e4 asiakaspalveluumme. Jotta esiporatut kierteet jaloissa eiv\u00e4t vahingoitu ja ruuvit eiv\u00e4t j\u00e4\u00e4 vinoon, kierr\u00e4 ruuvit jaloissa vasta, kun kaikki porausrei\u00e4t ovat kohdakkain. Tuotetiedot: &#8211; Mitat: 50 x 40 x 30 cm &#8211; Jakkaran jalan paksuus: 3,9 cm &#8211; Pakkauksen mitat: 48 x 32 x 22 cm Paino: 3,3 kg &#8211; Materiaali: Massiivipuu + MDF (keskitihe\u00e4 puukuitulevy) Luokka E1 Toimitus sis\u00e4lt\u00e4\u00e4: -1x pehmustettu jakkara -1 x kiinnitystarvikepussi -1x asennusohjeet (DE, FR, GB, ES, IT)<\/p>\n","protected":false},"excerpt":{"rendered":"<p>SONGMICS jakkara, pehmustettu jakkara, istuimajakkara, meikkausjakkara, puinen jakkara meikkausp\u00f6yd\u00e4lle, ruusukuvio, makuuhuoneen meikkausp\u00f6yd\u00e4n jakkara, pianojakkara, kantavuus 130 kg RDS50W<\/p>\n","protected":false},"featured_media":45734,"comment_status":"open","ping_status":"closed","template":"","meta":[],"product_brand":[],"product_cat":[32],"product_tag":[],"class_list":{"0":"post-37892","1":"product","2":"type-product","3":"status-publish","4":"has-post-thumbnail","6":"product_cat-uncategorized-fi","8":"first","9":"instock","10":"shipping-taxable","11":"purchasable","12":"product-type-simple"},"_links":{"self":[{"href":"https:\/\/nordicmart.andreevmaster.com\/fi\/wp-json\/wp\/v2\/product\/37892","targetHints":{"allow":["GET"]}}],"collection":[{"href":"https:\/\/nordicmart.andreevmaster.com\/fi\/wp-json\/wp\/v2\/product"}],"about":[{"href":"https:\/\/nordicmart.andreevmaster.com\/fi\/wp-json\/wp\/v2\/types\/product"}],"replies":[{"embeddable":true,"href":"https:\/\/nordicmart.andreevmaster.com\/fi\/wp-json\/wp\/v2\/comments?post=37892"}],"wp:featuredmedia":[{"embeddable":true,"href":"https:\/\/nordicmart.andreevmaster.com\/fi\/wp-json\/wp\/v2\/media\/45734"}],"wp:attachment":[{"href":"https:\/\/nordicmart.andreevmaster.com\/fi\/wp-json\/wp\/v2\/media?parent=37892"}],"wp:term":[{"taxonomy":"product_brand","embeddable":true,"href":"https:\/\/nordicmart.andreevmaster.com\/fi\/wp-json\/wp\/v2\/product_brand?post=37892"},{"taxonomy":"product_cat","embeddable":true,"href":"https:\/\/nordicmart.andreevmaster.com\/fi\/wp-json\/wp\/v2\/product_cat?post=37892"},{"taxonomy":"product_tag","embeddable":true,"href":"https:\/\/nordicmart.andreevmaster.com\/fi\/wp-json\/wp\/v2\/product_tag?post=37892"}],"curies":[{"name":"wp","href":"https:\/\/api.w.org\/{rel}","templated":true}]}}