{"id":37891,"date":"2026-02-27T00:41:23","date_gmt":"2026-02-27T00:41:23","guid":{"rendered":"https:\/\/nordicmart.andreevmaster.com\/product\/songmics-peilipoydan-jakkara-ruusukoristeilla\/"},"modified":"2026-02-27T09:57:32","modified_gmt":"2026-02-27T09:57:32","slug":"songmics-peilipoydan-jakkara-ruusukoristeilla","status":"publish","type":"product","link":"https:\/\/nordicmart.andreevmaster.com\/fi\/tuote\/songmics-peilipoydan-jakkara-ruusukoristeilla\/","title":{"rendered":"SONGMICS peilip\u00f6yd\u00e4n jakkara ruusukoristeilla"},"content":{"rendered":"<p>T\u00e4ydent\u00e4k\u00e4\u00e4 kauneudenhoitokulmanne t\u00e4ydellisesti. Koristakaa kauneudenhoitokulmanne ja korvatkaa ep\u00e4vakaa retkituoli, joka on seissyt liian kauan meikkausp\u00f6yd\u00e4nne edess\u00e4, t\u00e4ll\u00e4 vieh\u00e4tt\u00e4v\u00e4ll\u00e4 verhoillulla jakkaralla. Sen elegantit kaarevat jalat ja kaunis ruusukuvio ovat kauan etsim\u00e4nne lis\u00e4 romanttiseen peilip\u00f6yt\u00e4\u00e4nne. Pieni, mutta tehokas! T\u00e4m\u00e4 meikkausjakkara n\u00e4ytt\u00e4\u00e4 siroilta ja yksinkertaiselta. Siin\u00e4 on kuitenkin paljon voimaa: 4 massiivipuusta valmistetun jalan ja tukevan MDF-istuinpinnan ansiosta jakkara kest\u00e4\u00e4 jopa 130 kg:n painon. Paksu vaahtomuovipehmuste takaa lis\u00e4ksi erinomaisen istumamukavuuden.Tuotetiedot: V\u00e4ri: valkoinen Materiaali: massiivipuu + MDF (keskitihe\u00e4 puukuitulevy) luokka E1 Koko: 45 x 37 x 28 cm Jakkaran jalkojen paksuus: 3,9 cm Maks. staattinen kantavuus: 130 kg Toimitus sis\u00e4lt\u00e4\u00e4: 1x pehmustettu jakkara 1x asennusohjeet (DE, FR, GB, ES, IT)<\/p>\n","protected":false},"excerpt":{"rendered":"<p>SONGMICS meikkausp\u00f6yd\u00e4n jakkara, pehmustettu jakkara, istuimajakkara, meikkausjakkara, pianojakkara, meikkausp\u00f6yd\u00e4n jakkara, ruusukuvio, makuuhuone, kantavuus 130 kg, valkoinen RDS45W<\/p>\n","protected":false},"featured_media":45733,"comment_status":"open","ping_status":"closed","template":"","meta":[],"product_brand":[],"product_cat":[32],"product_tag":[],"class_list":{"0":"post-37891","1":"product","2":"type-product","3":"status-publish","4":"has-post-thumbnail","6":"product_cat-uncategorized-fi","8":"first","9":"instock","10":"shipping-taxable","11":"purchasable","12":"product-type-simple"},"_links":{"self":[{"href":"https:\/\/nordicmart.andreevmaster.com\/fi\/wp-json\/wp\/v2\/product\/37891","targetHints":{"allow":["GET"]}}],"collection":[{"href":"https:\/\/nordicmart.andreevmaster.com\/fi\/wp-json\/wp\/v2\/product"}],"about":[{"href":"https:\/\/nordicmart.andreevmaster.com\/fi\/wp-json\/wp\/v2\/types\/product"}],"replies":[{"embeddable":true,"href":"https:\/\/nordicmart.andreevmaster.com\/fi\/wp-json\/wp\/v2\/comments?post=37891"}],"wp:featuredmedia":[{"embeddable":true,"href":"https:\/\/nordicmart.andreevmaster.com\/fi\/wp-json\/wp\/v2\/media\/45733"}],"wp:attachment":[{"href":"https:\/\/nordicmart.andreevmaster.com\/fi\/wp-json\/wp\/v2\/media?parent=37891"}],"wp:term":[{"taxonomy":"product_brand","embeddable":true,"href":"https:\/\/nordicmart.andreevmaster.com\/fi\/wp-json\/wp\/v2\/product_brand?post=37891"},{"taxonomy":"product_cat","embeddable":true,"href":"https:\/\/nordicmart.andreevmaster.com\/fi\/wp-json\/wp\/v2\/product_cat?post=37891"},{"taxonomy":"product_tag","embeddable":true,"href":"https:\/\/nordicmart.andreevmaster.com\/fi\/wp-json\/wp\/v2\/product_tag?post=37891"}],"curies":[{"name":"wp","href":"https:\/\/api.w.org\/{rel}","templated":true}]}}