{"id":37890,"date":"2026-02-27T00:41:23","date_gmt":"2026-02-27T00:41:23","guid":{"rendered":"https:\/\/nordicmart.andreevmaster.com\/product\/songmics-meikkauspoydan-jakkara-pyorea-valkoinen\/"},"modified":"2026-02-27T09:57:32","modified_gmt":"2026-02-27T09:57:32","slug":"songmics-meikkauspoydan-jakkara-pyorea-valkoinen","status":"publish","type":"product","link":"https:\/\/nordicmart.andreevmaster.com\/fi\/tuote\/songmics-meikkauspoydan-jakkara-pyorea-valkoinen\/","title":{"rendered":"SONGMICS meikkausp\u00f6yd\u00e4n jakkara, py\u00f6re\u00e4, valkoinen"},"content":{"rendered":"<p>Tee kauneudenhoitokulmastasi t\u00e4ydellinen: Korosta kauneudenhoitokulmasi kauneutta ja korvaa ep\u00e4vakaa retkituoli, joka on seissyt meikkausp\u00f6yd\u00e4n edess\u00e4 jo liian kauan, t\u00e4ll\u00e4 vieh\u00e4tt\u00e4v\u00e4ll\u00e4 verhoillulla jakkaralla. Sen tyylikk\u00e4\u00e4sti koristellut jalat ja valkoinen maalipinta ovat kauan etsim\u00e4si lis\u00e4 romanttiseen peilip\u00f6yt\u00e4\u00e4si. Erityisen suuri istuin: T\u00e4m\u00e4 meikkausjakkara n\u00e4ytt\u00e4\u00e4 siroilta ja yksinkertaiselta. Siin\u00e4 on kuitenkin paljon voimaa: 4 massiivipuusta valmistetun jalan ja tukevan MDF-istuinpinnan ansiosta jakkara kest\u00e4\u00e4 jopa 130 kg:n painon. Suuren py\u00f6re\u00e4n istuimen paksu vaahtomuovipehmuste takaa lis\u00e4ksi erinomaisen istumamukavuuden. Tuotetiedot: V\u00e4ri: valkoinen Materiaali: kumipuu (jalat), MDF (keskitihe\u00e4 kuitulevy), vaahtomuovi, polyesteri Koko: 42 x 45 cm (\u00d8 x H) Paino: 7,5 kg Maks. staattinen kantavuus: 130 kg Toimitus sis\u00e4lt\u00e4\u00e4: 1 x meikkausp\u00f6yd\u00e4n jakkara 1 x asennustarvikkeet 1 x ohjeet (DE, EN, ES, IT, FR) SONGMICS-ohjeet:K\u00e4yt\u00e4 tuotetta vain sis\u00e4tiloissa \u00e4l\u00e4k\u00e4 sijoita sit\u00e4 pitk\u00e4ksi aikaa kosteaan ymp\u00e4rist\u00f6\u00f6n. \u00c4l\u00e4 istu jakkaran reunalle ja aseta se tasaiselle alustalle kaatumisen est\u00e4miseksi. V\u00e4lt\u00e4 kosketusta ter\u00e4vien tai ter\u00e4vien esineiden sek\u00e4 aggressiivisten kemiallisten aineiden kanssa.<\/p>\n","protected":false},"excerpt":{"rendered":"<p>SONGMICS meikkausp\u00f6yd\u00e4n jakkara, py\u00f6re\u00e4, pehmustettu jakkara, jakkara kumijaloilla, jakkara meikkausp\u00f6yd\u00e4lle, pianojakkara, makuuhuone, kylpyhuone, kantavuus 130 kg, valkoinen RDS108WT<\/p>\n","protected":false},"featured_media":45732,"comment_status":"open","ping_status":"closed","template":"","meta":[],"product_brand":[],"product_cat":[32],"product_tag":[],"class_list":{"0":"post-37890","1":"product","2":"type-product","3":"status-publish","4":"has-post-thumbnail","6":"product_cat-uncategorized-fi","8":"first","9":"instock","10":"shipping-taxable","11":"purchasable","12":"product-type-simple"},"_links":{"self":[{"href":"https:\/\/nordicmart.andreevmaster.com\/fi\/wp-json\/wp\/v2\/product\/37890","targetHints":{"allow":["GET"]}}],"collection":[{"href":"https:\/\/nordicmart.andreevmaster.com\/fi\/wp-json\/wp\/v2\/product"}],"about":[{"href":"https:\/\/nordicmart.andreevmaster.com\/fi\/wp-json\/wp\/v2\/types\/product"}],"replies":[{"embeddable":true,"href":"https:\/\/nordicmart.andreevmaster.com\/fi\/wp-json\/wp\/v2\/comments?post=37890"}],"wp:featuredmedia":[{"embeddable":true,"href":"https:\/\/nordicmart.andreevmaster.com\/fi\/wp-json\/wp\/v2\/media\/45732"}],"wp:attachment":[{"href":"https:\/\/nordicmart.andreevmaster.com\/fi\/wp-json\/wp\/v2\/media?parent=37890"}],"wp:term":[{"taxonomy":"product_brand","embeddable":true,"href":"https:\/\/nordicmart.andreevmaster.com\/fi\/wp-json\/wp\/v2\/product_brand?post=37890"},{"taxonomy":"product_cat","embeddable":true,"href":"https:\/\/nordicmart.andreevmaster.com\/fi\/wp-json\/wp\/v2\/product_cat?post=37890"},{"taxonomy":"product_tag","embeddable":true,"href":"https:\/\/nordicmart.andreevmaster.com\/fi\/wp-json\/wp\/v2\/product_tag?post=37890"}],"curies":[{"name":"wp","href":"https:\/\/api.w.org\/{rel}","templated":true}]}}