{"id":37889,"date":"2026-02-27T00:41:22","date_gmt":"2026-02-27T00:41:22","guid":{"rendered":"https:\/\/nordicmart.andreevmaster.com\/product\/songmics-ihastuttava-meikkauspoydan-jakkara\/"},"modified":"2026-02-27T09:57:31","modified_gmt":"2026-02-27T09:57:31","slug":"songmics-ihastuttava-meikkauspoydan-jakkara","status":"publish","type":"product","link":"https:\/\/nordicmart.andreevmaster.com\/fi\/tuote\/songmics-ihastuttava-meikkauspoydan-jakkara\/","title":{"rendered":"SONGMICS Ihastuttava meikkausp\u00f6yd\u00e4n jakkara"},"content":{"rendered":"<p>Hyv\u00e4 meikkausp\u00f6yt\u00e4 ansaitsee hyv\u00e4n jakkaran Jotta meikkaushetket olisivat mahdollisimman mukavia, SONGMICS tarjoaa sinulle t\u00e4m\u00e4n uuden jakkaran. Se hurmaa tyylikk\u00e4\u00e4ll\u00e4 ulkon\u00e4\u00f6ll\u00e4\u00e4n ja ensiluokkaisella laadullaan. T\u00e4m\u00e4 puhtaan valkoinen huonekalu valaisee huoneesi ja tuo samalla modernin vivahteen kotiisi. Kukkoristeet ja kaarevat jalat tekev\u00e4t tuolista katseenvangitsijan. Kest\u00e4\u00e4 vuosia M\u00e4ntypuusta valmistettuihin jalkoihin verrattuna kumipuusta valmistetut jalat ovat kest\u00e4v\u00e4mpi\u00e4 ja kosteudenkest\u00e4v\u00e4mpi\u00e4, ja ne takaavat hyv\u00e4n vakauden. Palonkest\u00e4vist\u00e4 vaahtomuovista valmistetut pehmusteet ja kangasverhoilu ovat l\u00e4p\u00e4isseet T\u00dcV Rheinlandin paloturvallisuustestin (testiraportin numero: 0154237535a001, raportin omistaja: toimittaja). Klikkaa &#8221;Lis\u00e4\u00e4 ostoskoriin&#8221; ja rikastuta meikkausalueesi t\u00e4ll\u00e4 SONGMICS-meikkituolilla.Tuotetiedot: &#8211; V\u00e4ri: valkoinen &#8211; Materiaali: kumipuu, MDF-levyt, pellavakangas &#8211; Mitat: 40,5 x 46 x 30,5 cm (L x K x S) &#8211; Paino: 4,3 kg &#8211; Maks. kuormituskyky: 130 kg Toimitus sis\u00e4lt\u00e4\u00e4: &#8211; 1 x pehmustettu jakkara &#8211; 1 x ty\u00f6kalu &#8211; 1 x tarvikepussi &#8211; 1 x ohjeet (DE, EN, FR, ES, IT) SONGMICS Huomautukset: &#8211; Tuotetta ei saa altistaa voimakkaalle auringonvalolle. &#8211; Pid\u00e4 tuote poissa ter\u00e4vien esineiden l\u00e4heisyydest\u00e4 naarmujen v\u00e4ltt\u00e4miseksi.<\/p>\n","protected":false},"excerpt":{"rendered":"<p>SONGMICS Jakkara Meikkijakkara, mukava pehmustettu jakkara, pianojakkara, kenk\u00e4jakkara, kumipuusta valmistetut jalat, ruusukoristeilla, valkoinen RDS06WT<\/p>\n","protected":false},"featured_media":45731,"comment_status":"open","ping_status":"closed","template":"","meta":[],"product_brand":[],"product_cat":[32],"product_tag":[],"class_list":{"0":"post-37889","1":"product","2":"type-product","3":"status-publish","4":"has-post-thumbnail","6":"product_cat-uncategorized-fi","8":"first","9":"instock","10":"shipping-taxable","11":"purchasable","12":"product-type-simple"},"_links":{"self":[{"href":"https:\/\/nordicmart.andreevmaster.com\/fi\/wp-json\/wp\/v2\/product\/37889","targetHints":{"allow":["GET"]}}],"collection":[{"href":"https:\/\/nordicmart.andreevmaster.com\/fi\/wp-json\/wp\/v2\/product"}],"about":[{"href":"https:\/\/nordicmart.andreevmaster.com\/fi\/wp-json\/wp\/v2\/types\/product"}],"replies":[{"embeddable":true,"href":"https:\/\/nordicmart.andreevmaster.com\/fi\/wp-json\/wp\/v2\/comments?post=37889"}],"wp:featuredmedia":[{"embeddable":true,"href":"https:\/\/nordicmart.andreevmaster.com\/fi\/wp-json\/wp\/v2\/media\/45731"}],"wp:attachment":[{"href":"https:\/\/nordicmart.andreevmaster.com\/fi\/wp-json\/wp\/v2\/media?parent=37889"}],"wp:term":[{"taxonomy":"product_brand","embeddable":true,"href":"https:\/\/nordicmart.andreevmaster.com\/fi\/wp-json\/wp\/v2\/product_brand?post=37889"},{"taxonomy":"product_cat","embeddable":true,"href":"https:\/\/nordicmart.andreevmaster.com\/fi\/wp-json\/wp\/v2\/product_cat?post=37889"},{"taxonomy":"product_tag","embeddable":true,"href":"https:\/\/nordicmart.andreevmaster.com\/fi\/wp-json\/wp\/v2\/product_tag?post=37889"}],"curies":[{"name":"wp","href":"https:\/\/api.w.org\/{rel}","templated":true}]}}