{"id":37887,"date":"2026-02-27T00:41:22","date_gmt":"2026-02-27T00:41:22","guid":{"rendered":"https:\/\/nordicmart.andreevmaster.com\/product\/vasagle-jakkara-meikkauspoyta-samettia-mattavalkoinen-pastellinpunainen\/"},"modified":"2026-02-27T09:57:31","modified_gmt":"2026-02-27T09:57:31","slug":"vasagle-jakkara-meikkauspoyta-samettia-mattavalkoinen-pastellinpunainen","status":"publish","type":"product","link":"https:\/\/nordicmart.andreevmaster.com\/fi\/tuote\/vasagle-jakkara-meikkauspoyta-samettia-mattavalkoinen-pastellinpunainen\/","title":{"rendered":"VASAGLE Jakkara Meikkausp\u00f6yt\u00e4 samettia mattavalkoinen-pastellinpunainen"},"content":{"rendered":"<p>VASAGLE-jakkara meikkausp\u00f6yt\u00e4, pehmustettu jakkara, samettinen meikkausjakkara, liukumattomilla jalkapohjilla, pukeutumishuoneeseen, makuuhuoneeseen, eteiseen, mattavalkoinen-pastellinpunainen RDS001W01<br \/>\nV\u00e4ri: mattavalkoinen-pastellinpunainen<br \/>\nMateriaali: lastulevy, tihe\u00e4 vaahtomuovi, sametti<br \/>\nKoko: 28,6 x 45 x 45 cm<br \/>\nPaino: 6,9 kg<br \/>\nMaks. staattinen kantavuus: 120 kg<\/p>\n","protected":false},"excerpt":{"rendered":"<p>VASAGLE-jakkara meikkausp\u00f6yt\u00e4, pehmustettu jakkara, samettinen meikkausjakkara, liukumattomilla jalkapohjilla, pukeutumishuoneeseen, makuuhuoneeseen, eteiseen, mattavalkoinen-pastellinpunainen RDS001W01<\/p>\n","protected":false},"featured_media":45729,"comment_status":"open","ping_status":"closed","template":"","meta":[],"product_brand":[],"product_cat":[32],"product_tag":[],"class_list":{"0":"post-37887","1":"product","2":"type-product","3":"status-publish","4":"has-post-thumbnail","6":"product_cat-uncategorized-fi","8":"first","9":"instock","10":"shipping-taxable","11":"purchasable","12":"product-type-simple"},"_links":{"self":[{"href":"https:\/\/nordicmart.andreevmaster.com\/fi\/wp-json\/wp\/v2\/product\/37887","targetHints":{"allow":["GET"]}}],"collection":[{"href":"https:\/\/nordicmart.andreevmaster.com\/fi\/wp-json\/wp\/v2\/product"}],"about":[{"href":"https:\/\/nordicmart.andreevmaster.com\/fi\/wp-json\/wp\/v2\/types\/product"}],"replies":[{"embeddable":true,"href":"https:\/\/nordicmart.andreevmaster.com\/fi\/wp-json\/wp\/v2\/comments?post=37887"}],"wp:featuredmedia":[{"embeddable":true,"href":"https:\/\/nordicmart.andreevmaster.com\/fi\/wp-json\/wp\/v2\/media\/45729"}],"wp:attachment":[{"href":"https:\/\/nordicmart.andreevmaster.com\/fi\/wp-json\/wp\/v2\/media?parent=37887"}],"wp:term":[{"taxonomy":"product_brand","embeddable":true,"href":"https:\/\/nordicmart.andreevmaster.com\/fi\/wp-json\/wp\/v2\/product_brand?post=37887"},{"taxonomy":"product_cat","embeddable":true,"href":"https:\/\/nordicmart.andreevmaster.com\/fi\/wp-json\/wp\/v2\/product_cat?post=37887"},{"taxonomy":"product_tag","embeddable":true,"href":"https:\/\/nordicmart.andreevmaster.com\/fi\/wp-json\/wp\/v2\/product_tag?post=37887"}],"curies":[{"name":"wp","href":"https:\/\/api.w.org\/{rel}","templated":true}]}}