{"id":37886,"date":"2026-02-27T00:41:22","date_gmt":"2026-02-27T00:41:22","guid":{"rendered":"https:\/\/nordicmart.andreevmaster.com\/product\/songmics-vaateteline-3-vaatetangolla\/"},"modified":"2026-02-27T09:57:31","modified_gmt":"2026-02-27T09:57:31","slug":"songmics-vaateteline-3-vaatetangolla","status":"publish","type":"product","link":"https:\/\/nordicmart.andreevmaster.com\/fi\/tuote\/songmics-vaateteline-3-vaatetangolla\/","title":{"rendered":"SONGMICS vaateteline 3 vaatetangolla"},"content":{"rendered":"<p>Nopea ratkaisu parempaan j\u00e4rjestykseen Lajittele vaatteesi 3 vaatetangolle. Ylimm\u00e4inen on takkeja ja paitoja varten, keskimm\u00e4inen edess\u00e4 hameita ja housuja varten ja toinen keskimm\u00e4inen takana harvoin k\u00e4ytettyj\u00e4 vaatteita varten. Alin hylly on t\u00e4ydellinen kengille. N\u00e4in koko vaatekaappisi on hyvin j\u00e4rjestetty yhdess\u00e4 paikassa ja aina k\u00e4den ulottuvilla. Suunnittelunsa ansiosta t\u00e4m\u00e4 vaateteline tarjoaa enemm\u00e4n s\u00e4ilytystilaa v\u00e4hemm\u00e4ss\u00e4 tilassa! Tuotetiedot: &#8211; V\u00e4ri: musta &#8211; Materiaali: ter\u00e4s, muovi, kuitukangas &#8211; Koko: 95 x 45 x 201 cm (P x L x K) &#8211; Paino: 2,8 kg &#8211; Maks. staattinen kokonaiskuormitus: 60 kg Toimitussis\u00e4lt\u00f6: &#8211; 1 x vaateteline &#8211; 1 x ohjeet<\/p>\n","protected":false},"excerpt":{"rendered":"<p>SONGMICS vaateteline, vaatetanko makuuhuoneeseen, 3 ripustustankoa ja kangasp\u00e4\u00e4llysteinen hylly metallirungolla, 95 x 45 x 202 cm, musta RDR103B01<\/p>\n","protected":false},"featured_media":45728,"comment_status":"open","ping_status":"closed","template":"","meta":[],"product_brand":[],"product_cat":[32],"product_tag":[],"class_list":{"0":"post-37886","1":"product","2":"type-product","3":"status-publish","4":"has-post-thumbnail","6":"product_cat-uncategorized-fi","8":"first","9":"instock","10":"shipping-taxable","11":"purchasable","12":"product-type-simple"},"_links":{"self":[{"href":"https:\/\/nordicmart.andreevmaster.com\/fi\/wp-json\/wp\/v2\/product\/37886","targetHints":{"allow":["GET"]}}],"collection":[{"href":"https:\/\/nordicmart.andreevmaster.com\/fi\/wp-json\/wp\/v2\/product"}],"about":[{"href":"https:\/\/nordicmart.andreevmaster.com\/fi\/wp-json\/wp\/v2\/types\/product"}],"replies":[{"embeddable":true,"href":"https:\/\/nordicmart.andreevmaster.com\/fi\/wp-json\/wp\/v2\/comments?post=37886"}],"wp:featuredmedia":[{"embeddable":true,"href":"https:\/\/nordicmart.andreevmaster.com\/fi\/wp-json\/wp\/v2\/media\/45728"}],"wp:attachment":[{"href":"https:\/\/nordicmart.andreevmaster.com\/fi\/wp-json\/wp\/v2\/media?parent=37886"}],"wp:term":[{"taxonomy":"product_brand","embeddable":true,"href":"https:\/\/nordicmart.andreevmaster.com\/fi\/wp-json\/wp\/v2\/product_brand?post=37886"},{"taxonomy":"product_cat","embeddable":true,"href":"https:\/\/nordicmart.andreevmaster.com\/fi\/wp-json\/wp\/v2\/product_cat?post=37886"},{"taxonomy":"product_tag","embeddable":true,"href":"https:\/\/nordicmart.andreevmaster.com\/fi\/wp-json\/wp\/v2\/product_tag?post=37886"}],"curies":[{"name":"wp","href":"https:\/\/api.w.org\/{rel}","templated":true}]}}