{"id":37882,"date":"2026-02-27T00:41:20","date_gmt":"2026-02-27T00:41:20","guid":{"rendered":"https:\/\/nordicmart.andreevmaster.com\/product\/songmics-vaateteline\/"},"modified":"2026-02-27T09:57:30","modified_gmt":"2026-02-27T09:57:30","slug":"songmics-vaateteline","status":"publish","type":"product","link":"https:\/\/nordicmart.andreevmaster.com\/fi\/tuote\/songmics-vaateteline\/","title":{"rendered":"SONGMICS vaateteline"},"content":{"rendered":"<p>Aamu ilman stressi\u00e4 Onko aamusi aina eritt\u00e4in stressaava her\u00e4\u00e4misest\u00e4 l\u00e4htien? Etk\u00f6 ole hyv\u00e4 pukeutumaan ja joudut siksi viett\u00e4m\u00e4\u00e4n paljon aikaa joka aamu? T\u00e4m\u00e4 2-tankoinen vaateteline tulee apuun! Sen ansiosta takkisi ja laukkusi eiv\u00e4t en\u00e4\u00e4 loju sohvalla sekasotkuisesti. Ripusta kokonaiset asut vaatetelineisiin ja laita laukut ja keng\u00e4t alareunan hyllylle \u2013 kaikki yhdess\u00e4 paikassa! Tuotetiedot: &#8211; V\u00e4ri: Valkoinen &#8211; Materiaali: Rautaputket, kuitukangas, muoviset liitoskappaleet &#8211; Koko: 84 x 44 x 154 cm (P x L x K) &#8211; Paino: 2,8 kg &#8211; Maks. staattinen kantavuus hylly\u00e4 kohti: 20 kg &#8211; Maks. staattinen kantavuus vaateripustinta kohti: 15 kg &#8211; Maks. staattinen kantavuus yhteens\u00e4: 55 kg Toimitus sis\u00e4lt\u00e4\u00e4:- 1 x vaateteline &#8211; 1 x ohjeet (DE, EN, FR, ES, IT) SONGMICS Huomautukset: &#8211; Lapset eiv\u00e4t saa roikkua tuotteessa tai kiivet\u00e4 vaatetelineelle.<\/p>\n","protected":false},"excerpt":{"rendered":"<p>SONGMICS vaateteline, metallinen vaatekaappi, 2 vaatetankoa, 1 hylly, kantavuus 55 kg, helppo asentaa, valkoinen RDR01WT<\/p>\n","protected":false},"featured_media":45724,"comment_status":"open","ping_status":"closed","template":"","meta":[],"product_brand":[],"product_cat":[32],"product_tag":[],"class_list":{"0":"post-37882","1":"product","2":"type-product","3":"status-publish","4":"has-post-thumbnail","6":"product_cat-uncategorized-fi","8":"first","9":"instock","10":"shipping-taxable","11":"purchasable","12":"product-type-simple"},"_links":{"self":[{"href":"https:\/\/nordicmart.andreevmaster.com\/fi\/wp-json\/wp\/v2\/product\/37882","targetHints":{"allow":["GET"]}}],"collection":[{"href":"https:\/\/nordicmart.andreevmaster.com\/fi\/wp-json\/wp\/v2\/product"}],"about":[{"href":"https:\/\/nordicmart.andreevmaster.com\/fi\/wp-json\/wp\/v2\/types\/product"}],"replies":[{"embeddable":true,"href":"https:\/\/nordicmart.andreevmaster.com\/fi\/wp-json\/wp\/v2\/comments?post=37882"}],"wp:featuredmedia":[{"embeddable":true,"href":"https:\/\/nordicmart.andreevmaster.com\/fi\/wp-json\/wp\/v2\/media\/45724"}],"wp:attachment":[{"href":"https:\/\/nordicmart.andreevmaster.com\/fi\/wp-json\/wp\/v2\/media?parent=37882"}],"wp:term":[{"taxonomy":"product_brand","embeddable":true,"href":"https:\/\/nordicmart.andreevmaster.com\/fi\/wp-json\/wp\/v2\/product_brand?post=37882"},{"taxonomy":"product_cat","embeddable":true,"href":"https:\/\/nordicmart.andreevmaster.com\/fi\/wp-json\/wp\/v2\/product_cat?post=37882"},{"taxonomy":"product_tag","embeddable":true,"href":"https:\/\/nordicmart.andreevmaster.com\/fi\/wp-json\/wp\/v2\/product_tag?post=37882"}],"curies":[{"name":"wp","href":"https:\/\/api.w.org\/{rel}","templated":true}]}}