{"id":37879,"date":"2026-02-27T00:41:20","date_gmt":"2026-02-27T00:41:20","guid":{"rendered":"https:\/\/nordicmart.andreevmaster.com\/product\/songmics-metallinen-vaatekaappi-harmaa\/"},"modified":"2026-02-27T09:57:29","modified_gmt":"2026-02-27T09:57:29","slug":"songmics-metallinen-vaatekaappi-harmaa","status":"publish","type":"product","link":"https:\/\/nordicmart.andreevmaster.com\/fi\/tuote\/songmics-metallinen-vaatekaappi-harmaa\/","title":{"rendered":"SONGMICS metallinen vaatekaappi, harmaa"},"content":{"rendered":"<p>Aamu ilman stressi\u00e4 Onko aamusi aina eritt\u00e4in stressaava her\u00e4\u00e4misest\u00e4 l\u00e4htien? Etk\u00f6 ole hyv\u00e4 pukeutumaan ja joudut siksi viett\u00e4m\u00e4\u00e4n paljon aikaa joka aamu? T\u00e4m\u00e4 2-tankoinen vaateteline tulee apuun! Sen avulla takkisi ja laukkusi eiv\u00e4t en\u00e4\u00e4 loju kaaoksessa sohvalla. Ripusta kokonaiset asut vaatetelineisiin ja laita laukut ja keng\u00e4t alareunan hyllylle \u2013 kaikki yhdess\u00e4 paikassa! Tuotetiedot: &#8211; V\u00e4ri: harmaa &#8211; Materiaali: metalliputket, kuitukangas, muoviset liitoskappaleet &#8211; Koko: 83 x 45 x 157 cm (P x L x K) &#8211; Paino: 2,8 kg &#8211; Hyllyn maks. staattinen kantavuus: 15 kg &#8211; Vaatetangon maks. staattinen kantavuus: 20 kg &#8211; Maks. staattinen kokonaiskantavuus: 55 kg Toimitus sis\u00e4lt\u00e4\u00e4:- 1 x vaateteline &#8211; 1 x ohjeet (DE, EN, FR, ES, IT )SONGMICS-huomautukset:- Lapset eiv\u00e4t saa roikkua tuotteessa tai kiivet\u00e4 vaatetelineelle.<\/p>\n","protected":false},"excerpt":{"rendered":"<p>SONGMICS vaateteline, metallinen vaatekaappi, 2 vaatetankoa, 1 hylly, kantavuus 55 kg, helppo asentaa, harmaa RDR001G02<\/p>\n","protected":false},"featured_media":45721,"comment_status":"open","ping_status":"closed","template":"","meta":[],"product_brand":[],"product_cat":[32],"product_tag":[],"class_list":{"0":"post-37879","1":"product","2":"type-product","3":"status-publish","4":"has-post-thumbnail","6":"product_cat-uncategorized-fi","8":"first","9":"instock","10":"shipping-taxable","11":"purchasable","12":"product-type-simple"},"_links":{"self":[{"href":"https:\/\/nordicmart.andreevmaster.com\/fi\/wp-json\/wp\/v2\/product\/37879","targetHints":{"allow":["GET"]}}],"collection":[{"href":"https:\/\/nordicmart.andreevmaster.com\/fi\/wp-json\/wp\/v2\/product"}],"about":[{"href":"https:\/\/nordicmart.andreevmaster.com\/fi\/wp-json\/wp\/v2\/types\/product"}],"replies":[{"embeddable":true,"href":"https:\/\/nordicmart.andreevmaster.com\/fi\/wp-json\/wp\/v2\/comments?post=37879"}],"wp:featuredmedia":[{"embeddable":true,"href":"https:\/\/nordicmart.andreevmaster.com\/fi\/wp-json\/wp\/v2\/media\/45721"}],"wp:attachment":[{"href":"https:\/\/nordicmart.andreevmaster.com\/fi\/wp-json\/wp\/v2\/media?parent=37879"}],"wp:term":[{"taxonomy":"product_brand","embeddable":true,"href":"https:\/\/nordicmart.andreevmaster.com\/fi\/wp-json\/wp\/v2\/product_brand?post=37879"},{"taxonomy":"product_cat","embeddable":true,"href":"https:\/\/nordicmart.andreevmaster.com\/fi\/wp-json\/wp\/v2\/product_cat?post=37879"},{"taxonomy":"product_tag","embeddable":true,"href":"https:\/\/nordicmart.andreevmaster.com\/fi\/wp-json\/wp\/v2\/product_tag?post=37879"}],"curies":[{"name":"wp","href":"https:\/\/api.w.org\/{rel}","templated":true}]}}