{"id":37877,"date":"2026-02-27T00:41:19","date_gmt":"2026-02-27T00:41:19","guid":{"rendered":"https:\/\/nordicmart.andreevmaster.com\/product\/songmics-yopoyta-2-laatikolla-valkoinen\/"},"modified":"2026-02-27T09:57:29","modified_gmt":"2026-02-27T09:57:29","slug":"songmics-yopoyta-2-laatikolla-valkoinen","status":"publish","type":"product","link":"https:\/\/nordicmart.andreevmaster.com\/fi\/tuote\/songmics-yopoyta-2-laatikolla-valkoinen\/","title":{"rendered":"SONGMICS Y\u00f6p\u00f6yt\u00e4 2 laatikolla, valkoinen"},"content":{"rendered":"<p>Yhdist\u00e4\u00e4 tyylikk\u00e4\u00e4n ulkon\u00e4\u00f6n ja hyv\u00e4n laadun Hanki kotiisi t\u00e4m\u00e4 yksinkertainen sivup\u00f6yt\u00e4 valkoisena\/ruskeana ja tuo siihen ripaus raikkautta. T\u00e4ss\u00e4 p\u00f6yd\u00e4ss\u00e4 puukuitulevyt yhdistyv\u00e4t metallielementteihin luoden ainutlaatuisen vaikutelman. Sile\u00e4n pinnan ja ymp\u00e4rist\u00f6yst\u00e4v\u00e4llisen UV-kovettuvan lakan ansiosta, joka ei levit\u00e4 h\u00e4iritsevi\u00e4 hajuja, voit k\u00e4ytt\u00e4\u00e4 huonekalua huoletta. Lis\u00e4ksi kest\u00e4v\u00e4t MDF-levyt takaavat pitk\u00e4n k\u00e4ytt\u00f6i\u00e4n. Kaikki aina k\u00e4den ulottuvilla Haluatko sijoittaa t\u00e4m\u00e4n p\u00f6yd\u00e4n olohuoneeseen? Ei ongelmaa! Voit sijoittaa koriste-esineit\u00e4 p\u00f6yd\u00e4n p\u00e4\u00e4lle ja s\u00e4ilytt\u00e4\u00e4 kaukos\u00e4\u00e4timi\u00e4, lehti\u00e4 jne. laatikoissa. Vai haluatko sijoittaa t\u00e4m\u00e4n p\u00f6yd\u00e4n s\u00e4ngyn viereen? P\u00e4\u00e4t\u00f6s on sinun! Kaikki, mit\u00e4 tarvitset y\u00f6ll\u00e4, l\u00f6yt\u00e4\u00e4 oman paikkansa t\u00e4st\u00e4 kaapista. Y\u00f6p\u00f6yt\u00e4 erottuu edukseen my\u00f6s hiljaisella kiskoj\u00e4rjestelm\u00e4ll\u00e4. Laatikoita voi avata ja sulkea \u00e4\u00e4nett\u00f6m\u00e4sti, joten kumppanisi voi jatkaa untaan rauhassa. T\u00e4m\u00e4n y\u00f6p\u00f6yd\u00e4n ansiosta kaikki t\u00e4rke\u00e4t tavarat ovat aina k\u00e4den ulottuvilla. Sinun ei tarvitse nousta yl\u00f6s hakemaan tarvitsemiasi tavaroita, kun olet mukavasti s\u00e4ngyss\u00e4 tai sohvalla. Tuotetiedot: &#8211; V\u00e4ri: valkoinen &#8211; Materiaali: MDF-levyt, ruiskumaalattu &#8211; Mitat per y\u00f6p\u00f6yt\u00e4: 48 x 56 x 40 cm (L x K x S) &#8211; Paino: 13,8 kg &#8211; Maks. kantavuus: 60 kg Toimitus sis\u00e4lt\u00e4\u00e4: &#8211; 1 x y\u00f6p\u00f6yt\u00e4 &#8211; 1 x tarvikepussi &#8211; 1 x ohjeet  SONGMICS Huomautukset: &#8211; K\u00e4sittele tuotetta varovasti, jotta se ei kaadu tai naarmuunnu. &#8211; \u00c4l\u00e4 k\u00e4yt\u00e4 tuotetta kosteassa ymp\u00e4rist\u00f6ss\u00e4.<\/p>\n","protected":false},"excerpt":{"rendered":"<p>SONGMICS y\u00f6p\u00f6yt\u00e4 2 laatikolla, sivup\u00f6yt\u00e4, sohvap\u00f6yt\u00e4, makuuhuoneen j\u00e4rjestelij\u00e4, olohuoneen s\u00e4ilytys, moderni, 48 x 56 x 40 cm (L x K x S), valkoinen RDN08WT<\/p>\n","protected":false},"featured_media":45719,"comment_status":"open","ping_status":"closed","template":"","meta":[],"product_brand":[],"product_cat":[32],"product_tag":[],"class_list":{"0":"post-37877","1":"product","2":"type-product","3":"status-publish","4":"has-post-thumbnail","6":"product_cat-uncategorized-fi","8":"first","9":"instock","10":"shipping-taxable","11":"purchasable","12":"product-type-simple"},"_links":{"self":[{"href":"https:\/\/nordicmart.andreevmaster.com\/fi\/wp-json\/wp\/v2\/product\/37877","targetHints":{"allow":["GET"]}}],"collection":[{"href":"https:\/\/nordicmart.andreevmaster.com\/fi\/wp-json\/wp\/v2\/product"}],"about":[{"href":"https:\/\/nordicmart.andreevmaster.com\/fi\/wp-json\/wp\/v2\/types\/product"}],"replies":[{"embeddable":true,"href":"https:\/\/nordicmart.andreevmaster.com\/fi\/wp-json\/wp\/v2\/comments?post=37877"}],"wp:featuredmedia":[{"embeddable":true,"href":"https:\/\/nordicmart.andreevmaster.com\/fi\/wp-json\/wp\/v2\/media\/45719"}],"wp:attachment":[{"href":"https:\/\/nordicmart.andreevmaster.com\/fi\/wp-json\/wp\/v2\/media?parent=37877"}],"wp:term":[{"taxonomy":"product_brand","embeddable":true,"href":"https:\/\/nordicmart.andreevmaster.com\/fi\/wp-json\/wp\/v2\/product_brand?post=37877"},{"taxonomy":"product_cat","embeddable":true,"href":"https:\/\/nordicmart.andreevmaster.com\/fi\/wp-json\/wp\/v2\/product_cat?post=37877"},{"taxonomy":"product_tag","embeddable":true,"href":"https:\/\/nordicmart.andreevmaster.com\/fi\/wp-json\/wp\/v2\/product_tag?post=37877"}],"curies":[{"name":"wp","href":"https:\/\/api.w.org\/{rel}","templated":true}]}}