{"id":37876,"date":"2026-02-27T00:41:19","date_gmt":"2026-02-27T00:41:19","guid":{"rendered":"https:\/\/nordicmart.andreevmaster.com\/product\/songmics-yopoydat-2-kpl-musta\/"},"modified":"2026-02-27T09:57:29","modified_gmt":"2026-02-27T09:57:29","slug":"songmics-yopoydat-2-kpl-musta","status":"publish","type":"product","link":"https:\/\/nordicmart.andreevmaster.com\/fi\/tuote\/songmics-yopoydat-2-kpl-musta\/","title":{"rendered":"SONGMICS y\u00f6p\u00f6yd\u00e4t 2 kpl musta"},"content":{"rendered":"<p>Kun tulet kotiin stressaantuneena t\u00f6ist\u00e4 tai yliopistosta, haluat varmasti vain menn\u00e4 s\u00e4nkyyn rentoutumaan ulkomaailman stressist\u00e4, eik\u00f6 niin? T\u00e4m\u00e4 tyylikk\u00e4\u00e4sti muotoiltu y\u00f6p\u00f6yt\u00e4setti SONGMICS:lt\u00e4 on aina apunasi, aivan kuin hiljainen palvelija. S\u00e4ilyt\u00e4 t\u00e4ss\u00e4 kirjat, matkapuhelin jne. aina k\u00e4den ulottuvilla. Tuotetiedot:V\u00e4ri: musta Materiaali: MDF (keskitihe\u00e4 kuitulevy), m\u00e4nty Koko per p\u00f6yt\u00e4: 38,5 x 30,5 x 52,5 cm (P x L x K) Paino: 20 kg Maks. staattinen kantavuus: 20 kg Toimitus sis\u00e4lt\u00e4\u00e4: 2 x y\u00f6p\u00f6yt\u00e4 1 x ohjeet (DE, EN, FR, ES, IT)<\/p>\n","protected":false},"excerpt":{"rendered":"<p>SONGMICS y\u00f6p\u00f6yt\u00e4 2 laatikolla, valkoinen, y\u00f6p\u00f6yt\u00e4, lipasto, s\u00e4ilytysp\u00f6yt\u00e4 RDN012, puu, 2 x 38,5 x 52,5 x 30,5 cm (L x K x S)<\/p>\n","protected":false},"featured_media":45718,"comment_status":"open","ping_status":"closed","template":"","meta":[],"product_brand":[],"product_cat":[32],"product_tag":[],"class_list":{"0":"post-37876","1":"product","2":"type-product","3":"status-publish","4":"has-post-thumbnail","6":"product_cat-uncategorized-fi","8":"first","9":"instock","10":"shipping-taxable","11":"purchasable","12":"product-type-simple"},"_links":{"self":[{"href":"https:\/\/nordicmart.andreevmaster.com\/fi\/wp-json\/wp\/v2\/product\/37876","targetHints":{"allow":["GET"]}}],"collection":[{"href":"https:\/\/nordicmart.andreevmaster.com\/fi\/wp-json\/wp\/v2\/product"}],"about":[{"href":"https:\/\/nordicmart.andreevmaster.com\/fi\/wp-json\/wp\/v2\/types\/product"}],"replies":[{"embeddable":true,"href":"https:\/\/nordicmart.andreevmaster.com\/fi\/wp-json\/wp\/v2\/comments?post=37876"}],"wp:featuredmedia":[{"embeddable":true,"href":"https:\/\/nordicmart.andreevmaster.com\/fi\/wp-json\/wp\/v2\/media\/45718"}],"wp:attachment":[{"href":"https:\/\/nordicmart.andreevmaster.com\/fi\/wp-json\/wp\/v2\/media?parent=37876"}],"wp:term":[{"taxonomy":"product_brand","embeddable":true,"href":"https:\/\/nordicmart.andreevmaster.com\/fi\/wp-json\/wp\/v2\/product_brand?post=37876"},{"taxonomy":"product_cat","embeddable":true,"href":"https:\/\/nordicmart.andreevmaster.com\/fi\/wp-json\/wp\/v2\/product_cat?post=37876"},{"taxonomy":"product_tag","embeddable":true,"href":"https:\/\/nordicmart.andreevmaster.com\/fi\/wp-json\/wp\/v2\/product_tag?post=37876"}],"curies":[{"name":"wp","href":"https:\/\/api.w.org\/{rel}","templated":true}]}}