{"id":37875,"date":"2026-02-27T00:41:19","date_gmt":"2026-02-27T00:41:19","guid":{"rendered":"https:\/\/nordicmart.andreevmaster.com\/product\/songmics-romanttiset-yopoydat-2-kpl\/"},"modified":"2026-02-27T09:57:29","modified_gmt":"2026-02-27T09:57:29","slug":"songmics-romanttiset-yopoydat-2-kpl","status":"publish","type":"product","link":"https:\/\/nordicmart.andreevmaster.com\/fi\/tuote\/songmics-romanttiset-yopoydat-2-kpl\/","title":{"rendered":"SONGMICS Romanttiset y\u00f6p\u00f6yd\u00e4t, 2 kpl"},"content":{"rendered":"<p>Songmics-y\u00f6p\u00f6yt\u00e4 on valmistettu ensiluokkaisesta MDF-levyst\u00e4 ja massiivipuusta, ja sen viimeistely on korkealaatuista. Kaunis ulkon\u00e4k\u00f6 ja tyylik\u00e4s valkoinen v\u00e4ri luovat romanttisen tunnelman kotiisi.  Se on my\u00f6s eritt\u00e4in k\u00e4yt\u00e4nn\u00f6llinen, sill\u00e4 sit\u00e4 voi k\u00e4ytt\u00e4\u00e4 my\u00f6s sivup\u00f6yt\u00e4n\u00e4 tai lipastona.  Se sopii hyvin sek\u00e4 makuuhuoneeseen ett\u00e4 eteiseen. Se on my\u00f6s helppo koota ja puhdistaa.  P\u00e4ivitt\u00e4iseen hoitoon riitt\u00e4\u00e4 pehme\u00e4 liina. Y\u00f6p\u00f6yt\u00e4 on my\u00f6s ihanteellinen sisustustarvike kotiisi!  Huomautukset:  &#8211; \u00c4l\u00e4 istu y\u00f6p\u00f6yd\u00e4lle, jotta se ei vahingoitu. &#8211; \u00c4l\u00e4 yrit\u00e4 koota y\u00f6p\u00f6yt\u00e4\u00e4 v\u00e4kisin. Se vahingoittaa tuotetta.  Jos sinulla on vaikeuksia, ota yhteytt\u00e4 asiakaspalveluumme. &#8211; Jotta esiporatut kierteet jaloissa eiv\u00e4t vahingoitu ja ruuvit eiv\u00e4t mene vinoon,  kirist\u00e4 ruuvit jalkojen kokoamisen yhteydess\u00e4 vasta, kun kaikki porausrei\u00e4t ovat kohdakkain. Tuotetiedot:  &#8211; Mitat: 38,5 x 52,5 x 30,5 cm (L x K x S) &#8211; Laatikon sis\u00e4mitat: 25 x 12 x 23 cm (L x K x S) &#8211; Materiaali: MDF-levy + puu Toimitus sis\u00e4lt\u00e4\u00e4:  &#8211; 2 x y\u00f6p\u00f6yt\u00e4\u00e4 &#8211; 1 x ohjeet<\/p>\n","protected":false},"excerpt":{"rendered":"<p>SONGMICS y\u00f6p\u00f6yt\u00e4 2 laatikolla, valkoinen, y\u00f6p\u00f6yt\u00e4, lipasto, s\u00e4ilytysp\u00f6yt\u00e4 RDN012, puu, 2 x 38,5 x 52,5 x 30,5 cm (L x K x S)<\/p>\n","protected":false},"featured_media":45717,"comment_status":"open","ping_status":"closed","template":"","meta":[],"product_brand":[],"product_cat":[32],"product_tag":[],"class_list":{"0":"post-37875","1":"product","2":"type-product","3":"status-publish","4":"has-post-thumbnail","6":"product_cat-uncategorized-fi","8":"first","9":"instock","10":"shipping-taxable","11":"purchasable","12":"product-type-simple"},"_links":{"self":[{"href":"https:\/\/nordicmart.andreevmaster.com\/fi\/wp-json\/wp\/v2\/product\/37875","targetHints":{"allow":["GET"]}}],"collection":[{"href":"https:\/\/nordicmart.andreevmaster.com\/fi\/wp-json\/wp\/v2\/product"}],"about":[{"href":"https:\/\/nordicmart.andreevmaster.com\/fi\/wp-json\/wp\/v2\/types\/product"}],"replies":[{"embeddable":true,"href":"https:\/\/nordicmart.andreevmaster.com\/fi\/wp-json\/wp\/v2\/comments?post=37875"}],"wp:featuredmedia":[{"embeddable":true,"href":"https:\/\/nordicmart.andreevmaster.com\/fi\/wp-json\/wp\/v2\/media\/45717"}],"wp:attachment":[{"href":"https:\/\/nordicmart.andreevmaster.com\/fi\/wp-json\/wp\/v2\/media?parent=37875"}],"wp:term":[{"taxonomy":"product_brand","embeddable":true,"href":"https:\/\/nordicmart.andreevmaster.com\/fi\/wp-json\/wp\/v2\/product_brand?post=37875"},{"taxonomy":"product_cat","embeddable":true,"href":"https:\/\/nordicmart.andreevmaster.com\/fi\/wp-json\/wp\/v2\/product_cat?post=37875"},{"taxonomy":"product_tag","embeddable":true,"href":"https:\/\/nordicmart.andreevmaster.com\/fi\/wp-json\/wp\/v2\/product_tag?post=37875"}],"curies":[{"name":"wp","href":"https:\/\/api.w.org\/{rel}","templated":true}]}}