{"id":37874,"date":"2026-02-27T00:41:18","date_gmt":"2026-02-27T00:41:18","guid":{"rendered":"https:\/\/nordicmart.andreevmaster.com\/product\/songmics-ripustettava-sailytysjarjestelma-4-taskua\/"},"modified":"2026-02-27T09:57:28","modified_gmt":"2026-02-27T09:57:28","slug":"songmics-ripustettava-sailytysjarjestelma-4-taskua","status":"publish","type":"product","link":"https:\/\/nordicmart.andreevmaster.com\/fi\/tuote\/songmics-ripustettava-sailytysjarjestelma-4-taskua\/","title":{"rendered":"SONGMICS Ripustettava s\u00e4ilytysj\u00e4rjestelm\u00e4, 4 taskua"},"content":{"rendered":"<p>Jos t\u00e4rke\u00e4t esineet ovat usein kadoksissa jossain laatikoissa tai kaapin nurkassa, ripusta ne sein\u00e4lle! SONGMICSin 33,5 x 12 x 100 cm (P x L x K) kokoisella s\u00e4ilytysj\u00e4rjestelm\u00e4ll\u00e4 l\u00f6yd\u00e4t kaiken helposti. Muotonsa s\u00e4ilytt\u00e4v\u00e4 ripustettava s\u00e4ilytysj\u00e4rjestelm\u00e4 Ripustettavat s\u00e4ilytystaskut on valmistettu korkealaatuisesta 80 g\/m\u00b2 fleecest\u00e4, ja niiden sis\u00e4puoli on vahvistettu kovalla pahvilla. Voit k\u00e4ytt\u00e4\u00e4 niit\u00e4 esimerkiksi alusvaatteiden s\u00e4ilytykseen makuuhuoneessa tai vauvan tarvikkeiden s\u00e4ilytykseen lastenhuoneessa. Voiko olla viel\u00e4 k\u00e4yt\u00e4nn\u00f6llisemp\u00e4\u00e4?Arjen ei pit\u00e4isi olla monimutkaista, eik\u00f6 niin? Siksi t\u00e4m\u00e4n ripustettavan s\u00e4ilytysj\u00e4rjestelm\u00e4n taskujen v\u00e4linen et\u00e4isyys on 7 cm, jotta kaikkiin esineisiin p\u00e4\u00e4see helposti k\u00e4siksi. Lis\u00e4ksi t\u00e4m\u00e4 kevyt s\u00e4ilytysvaihtoehto on helppo ripustaa mukana toimitetuilla metallikoukuilla ja taittaa kokoon, kun et halua k\u00e4ytt\u00e4\u00e4 sit\u00e4. Yksinkertaisesti k\u00e4yt\u00e4nn\u00f6llinen ja tilaa s\u00e4\u00e4st\u00e4v\u00e4. Tuotetiedot: &#8211; V\u00e4ri: harmaa &#8211; Materiaali: 80 g\/m\u00b2 fleece, sis\u00e4rakenne 2 mm paksua pahvia, takasein\u00e4t 3 mm paksua pahvia, metallikoukut &#8211; Kokonaismitat: 33,5 x 12 x 100 cm (P x L x K) &#8211; Taskujen mitat:- Pituus: 32 cm &#8211; Korkeus: 17 cm &#8211; Syvyys: 10 cm (alaosa), 11 cm (yl\u00e4osa) &#8211; Paino: 900 g &#8211; Maks. staattinen kokonaiskuormitus: 5 kg Toimitus sis\u00e4lt\u00e4\u00e4: &#8211; 1 x ripustettava s\u00e4ilytysj\u00e4rjestelm\u00e4 &#8211; 4 x hylly taskuille &#8211; 2 x koukku SONGMICSin ohjeet:- \u00c4l\u00e4 ylit\u00e4 tuotteen suurinta sallittua kuormitusta. &#8211; \u00c4l\u00e4 upota tuotetta veteen. Puhdista se vain kostealla liinalla. &#8211; Kun avaat tuotteen pakkauksen, voit<\/p>\n","protected":false},"excerpt":{"rendered":"<p>SONGMICS Ripustettava s\u00e4ilytysj\u00e4rjestelm\u00e4, 4 taskua, ripustettava s\u00e4ilytys oviaukkoon, makuuhuoneeseen, toimistoon, lastenhuoneeseen, 33,5 x 12 x 100 cm, harmaa RDH04G<\/p>\n","protected":false},"featured_media":45716,"comment_status":"open","ping_status":"closed","template":"","meta":[],"product_brand":[],"product_cat":[32],"product_tag":[],"class_list":{"0":"post-37874","1":"product","2":"type-product","3":"status-publish","4":"has-post-thumbnail","6":"product_cat-uncategorized-fi","8":"first","9":"instock","10":"shipping-taxable","11":"purchasable","12":"product-type-simple"},"_links":{"self":[{"href":"https:\/\/nordicmart.andreevmaster.com\/fi\/wp-json\/wp\/v2\/product\/37874","targetHints":{"allow":["GET"]}}],"collection":[{"href":"https:\/\/nordicmart.andreevmaster.com\/fi\/wp-json\/wp\/v2\/product"}],"about":[{"href":"https:\/\/nordicmart.andreevmaster.com\/fi\/wp-json\/wp\/v2\/types\/product"}],"replies":[{"embeddable":true,"href":"https:\/\/nordicmart.andreevmaster.com\/fi\/wp-json\/wp\/v2\/comments?post=37874"}],"wp:featuredmedia":[{"embeddable":true,"href":"https:\/\/nordicmart.andreevmaster.com\/fi\/wp-json\/wp\/v2\/media\/45716"}],"wp:attachment":[{"href":"https:\/\/nordicmart.andreevmaster.com\/fi\/wp-json\/wp\/v2\/media?parent=37874"}],"wp:term":[{"taxonomy":"product_brand","embeddable":true,"href":"https:\/\/nordicmart.andreevmaster.com\/fi\/wp-json\/wp\/v2\/product_brand?post=37874"},{"taxonomy":"product_cat","embeddable":true,"href":"https:\/\/nordicmart.andreevmaster.com\/fi\/wp-json\/wp\/v2\/product_cat?post=37874"},{"taxonomy":"product_tag","embeddable":true,"href":"https:\/\/nordicmart.andreevmaster.com\/fi\/wp-json\/wp\/v2\/product_tag?post=37874"}],"curies":[{"name":"wp","href":"https:\/\/api.w.org\/{rel}","templated":true}]}}